{"id":38633,"date":"2024-08-14T07:29:10","date_gmt":"2024-08-14T07:29:10","guid":{"rendered":"https:\/\/cultivers.es\/abonos\/bomba-de-sementes-summer-flowers\/"},"modified":"2025-09-22T05:45:30","modified_gmt":"2025-09-22T05:45:30","slug":"bomba-de-sementes-summer-flowers","status":"publish","type":"product","link":"https:\/\/cultivers.es\/pt-pt\/fertilizantes\/bomba-de-sementes-summer-flowers\/","title":{"rendered":"Bomba de sementes Summer Flowers"},"content":{"rendered":"","protected":false},"excerpt":{"rendered":"<p>Uma mistura soberba de v\u00e1rias flores de tamanho m\u00e9dio, criando um campo de flores multicoloridas e duradouras.<\/p>\n<p><strong>Variedades que incluem estas bombas:<\/strong> <strong>Antirrhinum majus, Centaura cyanus, Cosmos sulphereus, Linum usitatissimum, Vaccaria hispanica, Lupinus angustifolius, Lupinus luteus<\/strong><\/p>\n<ul>\n<li>6 bolas de sementes, \u00d8 2,5 cm, substrato org\u00e2nico, p\u00f3 de argila, sementes org\u00e2nicas.<\/li>\n<li>Flores decorativas: mistura variada que d\u00e1 flores durante todo o ver\u00e3o.<\/li>\n<li>Cont\u00e9m, entre outros: cent\u00e1urea, tremo\u00e7os, alperces.<\/li>\n<li>Altura da planta: 40-100 cm. Sementeira: In\u00edcio da primavera (janeiro - maio).<\/li>\n<li>Pressiona ligeiramente o torr\u00e3o no solo preparado.<\/li>\n<li>As sementes precisam de luz e humidade para germinar.<\/li>\n<\/ul>\n<p>&nbsp;<\/p>\n<p>&nbsp;<\/p>\n","protected":false},"featured_media":31337,"comment_status":"open","ping_status":"closed","template":"","meta":{"_acf_changed":false},"product_brand":[],"product_cat":[1302,427],"product_tag":[1578],"class_list":{"0":"post-38633","1":"product","2":"type-product","3":"status-publish","4":"has-post-thumbnail","6":"product_cat-bombas-de-sementes","7":"product_cat-sementes-organicas-2","8":"product_tag-eco","10":"first","11":"instock","12":"sale","13":"taxable","14":"shipping-taxable","15":"purchasable","16":"product-type-simple"},"acf":[],"_links":{"self":[{"href":"https:\/\/cultivers.es\/pt-pt\/wp-json\/wp\/v2\/product\/38633","targetHints":{"allow":["GET"]}}],"collection":[{"href":"https:\/\/cultivers.es\/pt-pt\/wp-json\/wp\/v2\/product"}],"about":[{"href":"https:\/\/cultivers.es\/pt-pt\/wp-json\/wp\/v2\/types\/product"}],"replies":[{"embeddable":true,"href":"https:\/\/cultivers.es\/pt-pt\/wp-json\/wp\/v2\/comments?post=38633"}],"wp:featuredmedia":[{"embeddable":true,"href":"https:\/\/cultivers.es\/pt-pt\/wp-json\/wp\/v2\/media\/31337"}],"wp:attachment":[{"href":"https:\/\/cultivers.es\/pt-pt\/wp-json\/wp\/v2\/media?parent=38633"}],"wp:term":[{"taxonomy":"product_brand","embeddable":true,"href":"https:\/\/cultivers.es\/pt-pt\/wp-json\/wp\/v2\/product_brand?post=38633"},{"taxonomy":"product_cat","embeddable":true,"href":"https:\/\/cultivers.es\/pt-pt\/wp-json\/wp\/v2\/product_cat?post=38633"},{"taxonomy":"product_tag","embeddable":true,"href":"https:\/\/cultivers.es\/pt-pt\/wp-json\/wp\/v2\/product_tag?post=38633"}],"curies":[{"name":"wp","href":"https:\/\/api.w.org\/{rel}","templated":true}]}}