{"id":38643,"date":"2024-08-14T07:30:23","date_gmt":"2024-08-14T07:30:23","guid":{"rendered":"https:\/\/cultivers.es\/abonos\/bomba-de-sementes-de-jardim-colorida\/"},"modified":"2025-09-22T04:48:55","modified_gmt":"2025-09-22T04:48:55","slug":"bomba-de-sementes-de-jardim-colorida","status":"publish","type":"product","link":"https:\/\/cultivers.es\/pt-pt\/fertilizantes\/bomba-de-sementes-de-jardim-colorida\/","title":{"rendered":"Bomba de sementes de jardim colorida"},"content":{"rendered":"","protected":false},"excerpt":{"rendered":"<p>As bolas de sementes trazem cor e diversidade a todos os cantos do teu jardim ou varanda de uma forma divertida. Mant\u00e9m-nas h\u00famidas at\u00e9 germinarem e, se o tempo permitir, dentro de algumas semanas aparecer\u00e3o surpresas coloridas nos locais que escolheste. Os pequenos cachos de flores s\u00e3o um encanto para os olhos e s\u00e3o tamb\u00e9m muito apreciados pelas abelhas e borboletas.  <\/p>\n<p><strong>Variedades que incluem estas bombas:<\/strong> <strong>Antirrhinum majus, Centaura cyanus, Cosmos sulphereus, Linum usitatissimum, Vaccaria hispanica, Lupinus angustifolius, Lupinus luteus<\/strong><\/p>\n<ul>\n<li>6 bolas de sementes, \u00d8 2,5 cm, substrato org\u00e2nico, p\u00f3 de argila, sementes org\u00e2nicas.<\/li>\n<li>Flores decorativas: mistura variada que d\u00e1 flores durante todo o ver\u00e3o.<\/li>\n<li>Cont\u00e9m, entre outros: cent\u00e1urea, cosmos e papoila.<\/li>\n<li>Altura da planta: 60-100 cm.<\/li>\n<li>Sementeira: In\u00edcio da primavera (janeiro - maio).<\/li>\n<li>Pressiona ligeiramente o torr\u00e3o no solo preparado. As sementes precisam de luz e humidade para germinar. <\/li>\n<\/ul>\n","protected":false},"featured_media":31184,"comment_status":"open","ping_status":"closed","template":"","meta":{"_acf_changed":false},"product_brand":[],"product_cat":[1302,427],"product_tag":[1578],"class_list":{"0":"post-38643","1":"product","2":"type-product","3":"status-publish","4":"has-post-thumbnail","6":"product_cat-bombas-de-sementes","7":"product_cat-sementes-organicas-2","8":"product_tag-eco","10":"first","11":"instock","12":"sale","13":"taxable","14":"shipping-taxable","15":"purchasable","16":"product-type-simple"},"acf":[],"_links":{"self":[{"href":"https:\/\/cultivers.es\/pt-pt\/wp-json\/wp\/v2\/product\/38643","targetHints":{"allow":["GET"]}}],"collection":[{"href":"https:\/\/cultivers.es\/pt-pt\/wp-json\/wp\/v2\/product"}],"about":[{"href":"https:\/\/cultivers.es\/pt-pt\/wp-json\/wp\/v2\/types\/product"}],"replies":[{"embeddable":true,"href":"https:\/\/cultivers.es\/pt-pt\/wp-json\/wp\/v2\/comments?post=38643"}],"wp:featuredmedia":[{"embeddable":true,"href":"https:\/\/cultivers.es\/pt-pt\/wp-json\/wp\/v2\/media\/31184"}],"wp:attachment":[{"href":"https:\/\/cultivers.es\/pt-pt\/wp-json\/wp\/v2\/media?parent=38643"}],"wp:term":[{"taxonomy":"product_brand","embeddable":true,"href":"https:\/\/cultivers.es\/pt-pt\/wp-json\/wp\/v2\/product_brand?post=38643"},{"taxonomy":"product_cat","embeddable":true,"href":"https:\/\/cultivers.es\/pt-pt\/wp-json\/wp\/v2\/product_cat?post=38643"},{"taxonomy":"product_tag","embeddable":true,"href":"https:\/\/cultivers.es\/pt-pt\/wp-json\/wp\/v2\/product_tag?post=38643"}],"curies":[{"name":"wp","href":"https:\/\/api.w.org\/{rel}","templated":true}]}}