{"id":38653,"date":"2024-08-16T12:47:48","date_gmt":"2024-08-16T12:47:48","guid":{"rendered":"https:\/\/cultivers.es\/abonos\/tiras-de-sementes-de-legumes-asiaticos-golden-frills\/"},"modified":"2025-09-22T04:49:35","modified_gmt":"2025-09-22T04:49:35","slug":"tiras-de-sementes-de-legumes-asiaticos-golden-frills","status":"publish","type":"product","link":"https:\/\/cultivers.es\/pt-pt\/fertilizantes\/tiras-de-sementes-de-legumes-asiaticos-golden-frills\/","title":{"rendered":"Tiras de sementes de legumes asi\u00e1ticos Golden Frills"},"content":{"rendered":"","protected":false},"excerpt":{"rendered":"<p>D\u00e1 um toque ex\u00f3tico e nutritivo ao teu jardim com as nossas tiras de sementes de legumes asi\u00e1ticos Golden Frills. Esta variedade caracteriza-se pelas suas folhas finamente enroladas e pelo seu sabor picante e refrescante. As tiras de 5 metros, feitas de papel biodegrad\u00e1vel, oferecem uma forma f\u00e1cil e amiga do ambiente de cultivares os teus pr\u00f3prios vegetais asi\u00e1ticos em casa.  <\/p>\n<ul>\n<li><strong>Semeadura f\u00e1cil:<\/strong> Simplifica a semeadura dos teus vegetais asi\u00e1ticos. Com estas tiras de sementes, tudo o que precisas de fazer \u00e9 espalhar a tira sobre o solo, cobrir ligeiramente com terra e regar - sem complica\u00e7\u00f5es e com resultados uniformes!  <\/li>\n<li><strong>Germina\u00e7\u00e3o \u00f3ptima:<\/strong> As sementes s\u00e3o distribu\u00eddas uniformemente na tira, o que garante uma germina\u00e7\u00e3o consistente e um crescimento equilibrado, aproveitando ao m\u00e1ximo o espa\u00e7o dispon\u00edvel no teu jardim.<\/li>\n<li><strong>Papel biodegrad\u00e1vel:<\/strong> Estas tiras s\u00e3o feitas de papel biodegrad\u00e1vel que se decomp\u00f5e naturalmente no solo, sem deixar res\u00edduos, contribuindo para um cultivo mais sustent\u00e1vel e amigo do ambiente.<\/li>\n<li><strong>Variedade Golden Frills:<\/strong> O legume asi\u00e1tico Golden Frills destaca-se pelas suas folhas encaracoladas e pelo seu sabor \u00fanico, ideal para saladas, salteados e acompanhamentos. D\u00e1 um toque de sofistica\u00e7\u00e3o e sa\u00fade aos teus pratos. <\/li>\n<li><strong>Cultivo Biol\u00f3gico:<\/strong> As tiras de sementes s\u00e3o produzidas de forma biol\u00f3gica, sem recurso a qu\u00edmicos, garantindo que os teus vegetais crescem de forma natural e segura.<\/li>\n<\/ul>\n<p>Torna o cultivo de legumes asi\u00e1ticos na tua horta mais f\u00e1cil e mais eficiente com as nossas tiras de sementes de legumes asi\u00e1ticos Golden Frills. Desfruta de uma colheita saborosa, nutritiva e saud\u00e1vel com o m\u00ednimo de esfor\u00e7o e o m\u00e1ximo respeito pelo ambiente. <\/p>\n","protected":false},"featured_media":31462,"comment_status":"open","ping_status":"closed","template":"","meta":{"_acf_changed":false},"product_brand":[],"product_cat":[427,1315],"product_tag":[1578],"class_list":{"0":"post-38653","1":"product","2":"type-product","3":"status-publish","4":"has-post-thumbnail","6":"product_cat-sementes-organicas-2","7":"product_cat-tiras-de-sementes","8":"product_tag-eco","10":"first","11":"instock","12":"sale","13":"taxable","14":"shipping-taxable","15":"purchasable","16":"product-type-simple"},"acf":[],"_links":{"self":[{"href":"https:\/\/cultivers.es\/pt-pt\/wp-json\/wp\/v2\/product\/38653","targetHints":{"allow":["GET"]}}],"collection":[{"href":"https:\/\/cultivers.es\/pt-pt\/wp-json\/wp\/v2\/product"}],"about":[{"href":"https:\/\/cultivers.es\/pt-pt\/wp-json\/wp\/v2\/types\/product"}],"replies":[{"embeddable":true,"href":"https:\/\/cultivers.es\/pt-pt\/wp-json\/wp\/v2\/comments?post=38653"}],"wp:featuredmedia":[{"embeddable":true,"href":"https:\/\/cultivers.es\/pt-pt\/wp-json\/wp\/v2\/media\/31462"}],"wp:attachment":[{"href":"https:\/\/cultivers.es\/pt-pt\/wp-json\/wp\/v2\/media?parent=38653"}],"wp:term":[{"taxonomy":"product_brand","embeddable":true,"href":"https:\/\/cultivers.es\/pt-pt\/wp-json\/wp\/v2\/product_brand?post=38653"},{"taxonomy":"product_cat","embeddable":true,"href":"https:\/\/cultivers.es\/pt-pt\/wp-json\/wp\/v2\/product_cat?post=38653"},{"taxonomy":"product_tag","embeddable":true,"href":"https:\/\/cultivers.es\/pt-pt\/wp-json\/wp\/v2\/product_tag?post=38653"}],"curies":[{"name":"wp","href":"https:\/\/api.w.org\/{rel}","templated":true}]}}