{"id":38654,"date":"2024-08-16T11:56:22","date_gmt":"2024-08-16T11:56:22","guid":{"rendered":"https:\/\/cultivers.es\/abonos\/tira-de-sementes-de-cenoura-rodelika\/"},"modified":"2025-09-22T04:49:29","modified_gmt":"2025-09-22T04:49:29","slug":"tira-de-sementes-de-cenoura-rodelika","status":"publish","type":"product","link":"https:\/\/cultivers.es\/pt-pt\/fertilizantes\/tira-de-sementes-de-cenoura-rodelika\/","title":{"rendered":"Tira de sementes de cenoura Rodelika"},"content":{"rendered":"","protected":false},"excerpt":{"rendered":"<p>Facilita o cultivo no teu jardim com as nossas tiras de sementes de cenoura Rodelika, uma variedade conhecida pelo seu sabor doce e textura estaladi\u00e7a. Estas tiras de 5 metros, feitas de papel biodegrad\u00e1vel, oferecem uma forma simples e amiga do ambiente de cultivar as tuas cenouras sem complica\u00e7\u00f5es. <\/p>\n<ul>\n<li><strong>Semeadura f\u00e1cil:<\/strong> Esquece a tarefa de espa\u00e7ar as sementes \u00e0 m\u00e3o. Com estas tiras de sementes, basta espalhar a tira sobre a terra, cobri-la ligeiramente com terra e regar - \u00e9 assim t\u00e3o f\u00e1cil!  <\/li>\n<li><strong>Germina\u00e7\u00e3o \u00f3ptima:<\/strong> As sementes s\u00e3o distribu\u00eddas uniformemente na fita, garantindo uma germina\u00e7\u00e3o uniforme e uma melhor distribui\u00e7\u00e3o das plantas, o que maximiza a utiliza\u00e7\u00e3o do espa\u00e7o no teu jardim.<\/li>\n<li><strong>Papel biodegrad\u00e1vel:<\/strong> As tiras s\u00e3o feitas de papel biodegrad\u00e1vel, o que significa que se decomp\u00f5em naturalmente no solo, n\u00e3o deixando res\u00edduos poluentes e contribuindo para o cuidado do ambiente.<\/li>\n<li><strong>Variedade Rodelika:<\/strong> A cenoura Rodelika \u00e9 conhecida pela sua cor intensa, sabor doce e elevado teor de nutrientes, o que a torna uma escolha saud\u00e1vel e deliciosa para o teu jardim.<\/li>\n<li><strong>Cultivo Org\u00e2nico:<\/strong> Estas tiras de sementes s\u00e3o produzidas organicamente, sem o uso de produtos qu\u00edmicos, garantindo um crescimento natural e saud\u00e1vel das tuas cenouras.<\/li>\n<\/ul>\n<p>Simplifica o cultivo de cenouras na tua horta com as nossas Tiras de Sementes de Cenoura Rodelika. Garante uma colheita uniforme, saud\u00e1vel e saborosa com o m\u00ednimo de esfor\u00e7o, enquanto cuida do ambiente com esta solu\u00e7\u00e3o pr\u00e1tica e sustent\u00e1vel. <\/p>\n<p>&nbsp;<\/p>\n","protected":false},"featured_media":31486,"comment_status":"open","ping_status":"closed","template":"","meta":{"_acf_changed":false},"product_brand":[],"product_cat":[427,1315],"product_tag":[1578],"woo-feed-brand":[],"class_list":{"0":"post-38654","1":"product","2":"type-product","3":"status-publish","4":"has-post-thumbnail","6":"product_cat-sementes-organicas-2","7":"product_cat-tiras-de-sementes","8":"product_tag-eco","10":"first","11":"instock","12":"taxable","13":"shipping-taxable","14":"purchasable","15":"product-type-simple"},"acf":[],"_links":{"self":[{"href":"https:\/\/cultivers.es\/pt-pt\/wp-json\/wp\/v2\/product\/38654","targetHints":{"allow":["GET"]}}],"collection":[{"href":"https:\/\/cultivers.es\/pt-pt\/wp-json\/wp\/v2\/product"}],"about":[{"href":"https:\/\/cultivers.es\/pt-pt\/wp-json\/wp\/v2\/types\/product"}],"replies":[{"embeddable":true,"href":"https:\/\/cultivers.es\/pt-pt\/wp-json\/wp\/v2\/comments?post=38654"}],"wp:featuredmedia":[{"embeddable":true,"href":"https:\/\/cultivers.es\/pt-pt\/wp-json\/wp\/v2\/media\/31486"}],"wp:attachment":[{"href":"https:\/\/cultivers.es\/pt-pt\/wp-json\/wp\/v2\/media?parent=38654"}],"wp:term":[{"taxonomy":"product_brand","embeddable":true,"href":"https:\/\/cultivers.es\/pt-pt\/wp-json\/wp\/v2\/product_brand?post=38654"},{"taxonomy":"product_cat","embeddable":true,"href":"https:\/\/cultivers.es\/pt-pt\/wp-json\/wp\/v2\/product_cat?post=38654"},{"taxonomy":"product_tag","embeddable":true,"href":"https:\/\/cultivers.es\/pt-pt\/wp-json\/wp\/v2\/product_tag?post=38654"},{"taxonomy":"woo-feed-brand","embeddable":true,"href":"https:\/\/cultivers.es\/pt-pt\/wp-json\/wp\/v2\/woo-feed-brand?post=38654"}],"curies":[{"name":"wp","href":"https:\/\/api.w.org\/{rel}","templated":true}]}}