{"id":38781,"date":"2024-08-16T12:54:59","date_gmt":"2024-08-16T12:54:59","guid":{"rendered":"https:\/\/cultivers.es\/abonos\/tiras-de-sementes-de-rucula\/"},"modified":"2025-09-22T04:49:34","modified_gmt":"2025-09-22T04:49:34","slug":"tiras-de-sementes-de-rucula","status":"publish","type":"product","link":"https:\/\/cultivers.es\/pt-pt\/fertilizantes\/tiras-de-sementes-de-rucula\/","title":{"rendered":"Tiras de sementes de r\u00facula"},"content":{"rendered":"","protected":false},"excerpt":{"rendered":"<p>Desfruta do sabor picante e refrescante da r\u00facula da forma mais f\u00e1cil com as nossas tiras de sementes de r\u00facula. Estas tiras de 5 metros, feitas de papel biodegrad\u00e1vel, permitem-te cultivar facilmente este popular legume no teu jardim ou loteamento, garantindo uma germina\u00e7\u00e3o uniforme e um cultivo org\u00e2nico. <\/p>\n<ul>\n<li><strong>Semeadura f\u00e1cil:<\/strong> Esquece a tarefa de espa\u00e7ar manualmente as sementes. Basta desdobrar a tira sobre a terra, cobri-la ligeiramente com terra e regar - \u00e9 assim que \u00e9 f\u00e1cil cultivar r\u00facula no teu jardim!  <\/li>\n<li><strong>Germina\u00e7\u00e3o \u00f3ptima:<\/strong> As sementes s\u00e3o distribu\u00eddas uniformemente na fita, o que garante uma germina\u00e7\u00e3o homog\u00e9nea e um crescimento equilibrado das plantas, optimizando o espa\u00e7o dispon\u00edvel.<\/li>\n<li><strong>Papel biodegrad\u00e1vel:<\/strong> As tiras s\u00e3o feitas de papel biodegrad\u00e1vel que se decomp\u00f5e naturalmente no solo, contribuindo para uma cultura mais limpa e sustent\u00e1vel sem deixar res\u00edduos.<\/li>\n<li><strong>Variedade nutritiva:<\/strong> A r\u00facula \u00e9 conhecida pelo seu sabor ligeiramente picante e pelas suas propriedades nutricionais, sendo rica em vitaminas e minerais. \u00c9 ideal para saladas, acompanhamentos e pratos frescos. <\/li>\n<li><strong>Cultivo Org\u00e2nico:<\/strong> Estas tiras de sementes s\u00e3o produzidas organicamente, sem o uso de pesticidas ou fertilizantes qu\u00edmicos, garantindo um crescimento natural e saud\u00e1vel.<\/li>\n<\/ul>\n<p>Simplifica o cultivo de r\u00facula no teu jardim com as nossas tiras de sementes de r\u00facula. Assegura uma colheita abundante, fresca e saborosa com o m\u00ednimo de esfor\u00e7o, enquanto cuidas do ambiente. <\/p>\n","protected":false},"featured_media":31480,"comment_status":"open","ping_status":"closed","template":"","meta":{"_acf_changed":false},"product_brand":[],"product_cat":[427,1315],"product_tag":[1578],"woo-feed-brand":[],"class_list":{"0":"post-38781","1":"product","2":"type-product","3":"status-publish","4":"has-post-thumbnail","6":"product_cat-sementes-organicas-2","7":"product_cat-tiras-de-sementes","8":"product_tag-eco","10":"first","11":"instock","12":"sale","13":"taxable","14":"shipping-taxable","15":"purchasable","16":"product-type-simple"},"acf":[],"_links":{"self":[{"href":"https:\/\/cultivers.es\/pt-pt\/wp-json\/wp\/v2\/product\/38781","targetHints":{"allow":["GET"]}}],"collection":[{"href":"https:\/\/cultivers.es\/pt-pt\/wp-json\/wp\/v2\/product"}],"about":[{"href":"https:\/\/cultivers.es\/pt-pt\/wp-json\/wp\/v2\/types\/product"}],"replies":[{"embeddable":true,"href":"https:\/\/cultivers.es\/pt-pt\/wp-json\/wp\/v2\/comments?post=38781"}],"wp:featuredmedia":[{"embeddable":true,"href":"https:\/\/cultivers.es\/pt-pt\/wp-json\/wp\/v2\/media\/31480"}],"wp:attachment":[{"href":"https:\/\/cultivers.es\/pt-pt\/wp-json\/wp\/v2\/media?parent=38781"}],"wp:term":[{"taxonomy":"product_brand","embeddable":true,"href":"https:\/\/cultivers.es\/pt-pt\/wp-json\/wp\/v2\/product_brand?post=38781"},{"taxonomy":"product_cat","embeddable":true,"href":"https:\/\/cultivers.es\/pt-pt\/wp-json\/wp\/v2\/product_cat?post=38781"},{"taxonomy":"product_tag","embeddable":true,"href":"https:\/\/cultivers.es\/pt-pt\/wp-json\/wp\/v2\/product_tag?post=38781"},{"taxonomy":"woo-feed-brand","embeddable":true,"href":"https:\/\/cultivers.es\/pt-pt\/wp-json\/wp\/v2\/woo-feed-brand?post=38781"}],"curies":[{"name":"wp","href":"https:\/\/api.w.org\/{rel}","templated":true}]}}