{"id":38782,"date":"2024-08-16T13:05:53","date_gmt":"2024-08-16T13:05:53","guid":{"rendered":"https:\/\/cultivers.es\/abonos\/tira-de-sementes-de-rabanete-sora\/"},"modified":"2025-09-22T04:49:43","modified_gmt":"2025-09-22T04:49:43","slug":"tira-de-sementes-de-rabanete-sora","status":"publish","type":"product","link":"https:\/\/cultivers.es\/pt-pt\/fertilizantes\/tira-de-sementes-de-rabanete-sora\/","title":{"rendered":"Tira de sementes de rabanete Sora"},"content":{"rendered":"","protected":false},"excerpt":{"rendered":"<p>Obt\u00e9m rabanetes frescos e crocantes da forma mais f\u00e1cil com as nossas Tiras de Sementes de Rabanete Sora. Esta variedade, conhecida pelo seu crescimento r\u00e1pido e sabor suave e refrescante, \u00e9 perfeita para aqueles que querem desfrutar de uma colheita r\u00e1pida e saud\u00e1vel. As tiras de 5 metros, feitas de papel biodegrad\u00e1vel, tornam o processo de planta\u00e7\u00e3o mais f\u00e1cil e eficiente, ideal para qualquer jardim ou horta.  <\/p>\n<ul>\n<li><strong>Semeadura f\u00e1cil:<\/strong> Simplifica o processo de semeadura com as nossas tiras de sementes. Basta desdobrar a tira sobre a terra, cobrir ligeiramente e regar - \u00e9 assim que \u00e9 simples cultivar rabanetes no teu jardim!  <\/li>\n<li><strong>Germina\u00e7\u00e3o r\u00e1pida e \u00f3ptima:<\/strong> As sementes s\u00e3o distribu\u00eddas uniformemente na tira, garantindo uma germina\u00e7\u00e3o uniforme e um crescimento r\u00e1pido, para que possas desfrutar dos teus rabanetes em apenas algumas semanas! <\/li>\n<li><strong>Papel biodegrad\u00e1vel:<\/strong> As tiras s\u00e3o feitas de papel biodegrad\u00e1vel que se decomp\u00f5e naturalmente no solo, permitindo um cultivo sustent\u00e1vel sem res\u00edduos, cuidando assim do ambiente.<\/li>\n<li><strong>Variedade Sora:<\/strong> O rabanete Sora \u00e9 conhecido pelo seu r\u00e1pido amadurecimento e sabor suave, ideal para saladas frescas e acompanhamentos. A sua cor vibrante e a sua textura estaladi\u00e7a tornam-no uma adi\u00e7\u00e3o atractiva a qualquer prato. <\/li>\n<li><strong>Cultivo org\u00e2nico:<\/strong> Estas tiras de sementes s\u00e3o produzidas organicamente, sem o uso de pesticidas ou produtos qu\u00edmicos, garantindo um crescimento natural e saud\u00e1vel dos teus rabanetes.<\/li>\n<\/ul>\n<p>Torna o cultivo de rabanetes r\u00e1pido, f\u00e1cil e sustent\u00e1vel com as nossas tiras de sementes de rabanete Sora. Desfruta de uma colheita fresca e crocante em pouco tempo, enquanto ajudas a cuidar do ambiente. <\/p>\n","protected":false},"featured_media":31474,"comment_status":"open","ping_status":"closed","template":"","meta":{"_acf_changed":false},"product_brand":[],"product_cat":[427,1315],"product_tag":[1578],"class_list":{"0":"post-38782","1":"product","2":"type-product","3":"status-publish","4":"has-post-thumbnail","6":"product_cat-sementes-organicas-2","7":"product_cat-tiras-de-sementes","8":"product_tag-eco","10":"first","11":"instock","12":"sale","13":"taxable","14":"shipping-taxable","15":"purchasable","16":"product-type-simple"},"acf":[],"_links":{"self":[{"href":"https:\/\/cultivers.es\/pt-pt\/wp-json\/wp\/v2\/product\/38782","targetHints":{"allow":["GET"]}}],"collection":[{"href":"https:\/\/cultivers.es\/pt-pt\/wp-json\/wp\/v2\/product"}],"about":[{"href":"https:\/\/cultivers.es\/pt-pt\/wp-json\/wp\/v2\/types\/product"}],"replies":[{"embeddable":true,"href":"https:\/\/cultivers.es\/pt-pt\/wp-json\/wp\/v2\/comments?post=38782"}],"wp:featuredmedia":[{"embeddable":true,"href":"https:\/\/cultivers.es\/pt-pt\/wp-json\/wp\/v2\/media\/31474"}],"wp:attachment":[{"href":"https:\/\/cultivers.es\/pt-pt\/wp-json\/wp\/v2\/media?parent=38782"}],"wp:term":[{"taxonomy":"product_brand","embeddable":true,"href":"https:\/\/cultivers.es\/pt-pt\/wp-json\/wp\/v2\/product_brand?post=38782"},{"taxonomy":"product_cat","embeddable":true,"href":"https:\/\/cultivers.es\/pt-pt\/wp-json\/wp\/v2\/product_cat?post=38782"},{"taxonomy":"product_tag","embeddable":true,"href":"https:\/\/cultivers.es\/pt-pt\/wp-json\/wp\/v2\/product_tag?post=38782"}],"curies":[{"name":"wp","href":"https:\/\/api.w.org\/{rel}","templated":true}]}}