{"id":38783,"date":"2024-08-16T13:10:34","date_gmt":"2024-08-16T13:10:34","guid":{"rendered":"https:\/\/cultivers.es\/abonos\/tira-de-sementes-de-alface-de-cordeiro\/"},"modified":"2025-09-22T04:49:13","modified_gmt":"2025-09-22T04:49:13","slug":"tira-de-sementes-de-alface-de-cordeiro","status":"publish","type":"product","link":"https:\/\/cultivers.es\/pt-pt\/fertilizantes\/tira-de-sementes-de-alface-de-cordeiro\/","title":{"rendered":"Tira de sementes de alface-de-cordeiro"},"content":{"rendered":"","protected":false},"excerpt":{"rendered":"<p>Desfruta da suavidade e frescura da alface-de-cordeiro com as nossas tiras de sementes de alface-de-cordeiro. Esta folha verde, apreciada pelo seu sabor delicado e pelas suas propriedades nutritivas, \u00e9 ideal para saladas e acompanhamentos. As tiras de 5 metros, feitas de papel biodegrad\u00e1vel, permitem-te cultivar a alface-de-cordeiro de forma f\u00e1cil e ecol\u00f3gica no teu jardim ou na tua horta, garantindo uma germina\u00e7\u00e3o uniforme e sem esfor\u00e7o.  <\/p>\n<ul>\n<li><strong>Semeadura f\u00e1cil:<\/strong> Esquece a tarefa de espa\u00e7ar as sementes. Basta espalhar a tira sobre a terra, cobrir ligeiramente com terra e regar - \u00e9 assim que \u00e9 f\u00e1cil cultivar alface-de-cordeiro em casa!  <\/li>\n<li><strong>Germina\u00e7\u00e3o uniforme:<\/strong> As sementes s\u00e3o distribu\u00eddas uniformemente na fita, assegurando uma germina\u00e7\u00e3o consistente e um crescimento equilibrado, optimizando o espa\u00e7o no teu jardim.<\/li>\n<li><strong>Papel biodegrad\u00e1vel:<\/strong> Estas tiras s\u00e3o feitas de papel biodegrad\u00e1vel que se decomp\u00f5e naturalmente no solo, sem deixar res\u00edduos, contribuindo para um cultivo mais sustent\u00e1vel e amigo do ambiente.<\/li>\n<li><strong>Variedade nutritiva:<\/strong> A alface-de-cordeiro \u00e9 rica em vitaminas e minerais, o que a torna uma excelente escolha para saladas frescas e saud\u00e1veis. O seu sabor suave e a sua textura tenra tornam-na ideal como acompanhamento de qualquer prato. <\/li>\n<li><strong>Cultivo org\u00e2nico:<\/strong> As tiras de sementes s\u00e3o produzidas organicamente, sem a utiliza\u00e7\u00e3o de pesticidas ou fertilizantes qu\u00edmicos, garantindo que a tua alface-de-cordeiro cresce de forma natural e saud\u00e1vel.<\/li>\n<\/ul>\n<p>Simplifica o cultivo da alface-de-cordeiro no teu jardim com as nossas tiras de sementes de alface-de-cordeiro. Garante uma colheita abundante, fresca e nutritiva com o m\u00ednimo de esfor\u00e7o, ao mesmo tempo que cuidas do ambiente com esta solu\u00e7\u00e3o pr\u00e1tica e amiga do ambiente. <\/p>\n","protected":false},"featured_media":31468,"comment_status":"open","ping_status":"closed","template":"","meta":{"_acf_changed":false},"product_brand":[],"product_cat":[1310,427,1315],"product_tag":[1578],"class_list":{"0":"post-38783","1":"product","2":"type-product","3":"status-publish","4":"has-post-thumbnail","6":"product_cat-recomendar-sementes","7":"product_cat-sementes-organicas-2","8":"product_cat-tiras-de-sementes","9":"product_tag-eco","11":"first","12":"outofstock","13":"sale","14":"taxable","15":"shipping-taxable","16":"purchasable","17":"product-type-simple"},"acf":[],"_links":{"self":[{"href":"https:\/\/cultivers.es\/pt-pt\/wp-json\/wp\/v2\/product\/38783","targetHints":{"allow":["GET"]}}],"collection":[{"href":"https:\/\/cultivers.es\/pt-pt\/wp-json\/wp\/v2\/product"}],"about":[{"href":"https:\/\/cultivers.es\/pt-pt\/wp-json\/wp\/v2\/types\/product"}],"replies":[{"embeddable":true,"href":"https:\/\/cultivers.es\/pt-pt\/wp-json\/wp\/v2\/comments?post=38783"}],"wp:featuredmedia":[{"embeddable":true,"href":"https:\/\/cultivers.es\/pt-pt\/wp-json\/wp\/v2\/media\/31468"}],"wp:attachment":[{"href":"https:\/\/cultivers.es\/pt-pt\/wp-json\/wp\/v2\/media?parent=38783"}],"wp:term":[{"taxonomy":"product_brand","embeddable":true,"href":"https:\/\/cultivers.es\/pt-pt\/wp-json\/wp\/v2\/product_brand?post=38783"},{"taxonomy":"product_cat","embeddable":true,"href":"https:\/\/cultivers.es\/pt-pt\/wp-json\/wp\/v2\/product_cat?post=38783"},{"taxonomy":"product_tag","embeddable":true,"href":"https:\/\/cultivers.es\/pt-pt\/wp-json\/wp\/v2\/product_tag?post=38783"}],"curies":[{"name":"wp","href":"https:\/\/api.w.org\/{rel}","templated":true}]}}