{"id":38796,"date":"2024-08-19T13:13:21","date_gmt":"2024-08-19T13:13:21","guid":{"rendered":"https:\/\/cultivers.es\/abonos\/sementes-de-pastinaga-biologica-tender-and-true\/"},"modified":"2026-02-06T16:09:24","modified_gmt":"2026-02-06T16:09:24","slug":"sementes-de-pastinaga-biologica-tender-and-true","status":"publish","type":"product","link":"https:\/\/cultivers.es\/pt-pt\/fertilizantes\/sementes-de-pastinaga-biologica-tender-and-true\/","title":{"rendered":"Sementes de pastinaca tenra e verdadeira"},"content":{"rendered":"","protected":false},"excerpt":{"rendered":"<p>Cultiva o sabor aut\u00eantico da tradi\u00e7\u00e3o com as nossas sementes de pimento biol\u00f3gico Piquillo. Este pimento ic\u00f3nico, origin\u00e1rio de Navarra, \u00e9 famoso pelo seu sabor doce e textura suave, ideal para assar, rechear ou conservar. D\u00e1 um toque de tradi\u00e7\u00e3o ao teu jardim com esta variedade que tem sido uma parte essencial da gastronomia espanhola.  <\/p>\n<ul>\n<li><strong>Sabor doce e suave:<\/strong> O pimento Piquillo caracteriza-se pelo seu sabor doce e ligeiramente frutado e pela sua textura tenra, o que o torna um ingrediente vers\u00e1til para uma grande variedade de receitas, desde tapas a pratos principais.<\/li>\n<li><strong>Ideal para assar e conservar:<\/strong> Os pimentos Piquillo s\u00e3o perfeitos para assar, uma vez que a sua pele \u00e9 facilmente removida ap\u00f3s a cozedura, preservando o seu sabor \u00fanico. Tamb\u00e9m s\u00e3o ideais para conservas e podem ser apreciados durante todo o ano. <\/li>\n<li><strong>Tamanho compacto:<\/strong> Esta variedade produz frutos de tamanho pequeno, de forma triangular, f\u00e1ceis de manusear e perfeitos para rechear com diferentes prepara\u00e7\u00f5es, como queijo, marisco ou carne.<\/li>\n<li><strong>Cultivo produtivo:<\/strong> As plantas de Piquillo s\u00e3o compactas e robustas, oferecendo um rendimento generoso e consistente de pimentos durante toda a \u00e9poca de colheita. Perfeito para jardineiros que procuram rendimento e qualidade. <\/li>\n<li><strong>Cultivo org\u00e2nico:<\/strong> As nossas sementes de pimento Piquillo s\u00e3o 100% org\u00e2nicas, garantindo um produto saud\u00e1vel e sustent\u00e1vel para o teu jardim, livre de pesticidas e fertilizantes qu\u00edmicos.<\/li>\n<\/ul>\n<p>Leva o sabor aut\u00eantico dos Pimentos Piquillo para o teu jardim com as nossas sementes org\u00e2nicas! Desfruta de uma colheita abundante deste pimento tradicional e vers\u00e1til que vai elevar as tuas receitas, encomenda hoje e come\u00e7a a cultivar o sabor da cozinha espanhola em casa!  <\/p>\n","protected":false},"featured_media":31677,"comment_status":"open","ping_status":"closed","template":"","meta":{"_acf_changed":false},"product_brand":[],"product_cat":[439,427],"product_tag":[1578],"class_list":{"0":"post-38796","1":"product","2":"type-product","3":"status-publish","4":"has-post-thumbnail","6":"product_cat-sementes-de-raizes-organicas","7":"product_cat-sementes-organicas-2","8":"product_tag-eco","10":"first","11":"instock","12":"sale","13":"taxable","14":"shipping-taxable","15":"purchasable","16":"product-type-simple"},"acf":[],"_links":{"self":[{"href":"https:\/\/cultivers.es\/pt-pt\/wp-json\/wp\/v2\/product\/38796","targetHints":{"allow":["GET"]}}],"collection":[{"href":"https:\/\/cultivers.es\/pt-pt\/wp-json\/wp\/v2\/product"}],"about":[{"href":"https:\/\/cultivers.es\/pt-pt\/wp-json\/wp\/v2\/types\/product"}],"replies":[{"embeddable":true,"href":"https:\/\/cultivers.es\/pt-pt\/wp-json\/wp\/v2\/comments?post=38796"}],"wp:featuredmedia":[{"embeddable":true,"href":"https:\/\/cultivers.es\/pt-pt\/wp-json\/wp\/v2\/media\/31677"}],"wp:attachment":[{"href":"https:\/\/cultivers.es\/pt-pt\/wp-json\/wp\/v2\/media?parent=38796"}],"wp:term":[{"taxonomy":"product_brand","embeddable":true,"href":"https:\/\/cultivers.es\/pt-pt\/wp-json\/wp\/v2\/product_brand?post=38796"},{"taxonomy":"product_cat","embeddable":true,"href":"https:\/\/cultivers.es\/pt-pt\/wp-json\/wp\/v2\/product_cat?post=38796"},{"taxonomy":"product_tag","embeddable":true,"href":"https:\/\/cultivers.es\/pt-pt\/wp-json\/wp\/v2\/product_tag?post=38796"}],"curies":[{"name":"wp","href":"https:\/\/api.w.org\/{rel}","templated":true}]}}