{"id":38806,"date":"2024-08-19T13:13:25","date_gmt":"2024-08-19T13:13:25","guid":{"rendered":"https:\/\/cultivers.es\/abonos\/sementes-de-abobora-biologicas-birdhouse\/"},"modified":"2025-09-22T05:13:33","modified_gmt":"2025-09-22T05:13:33","slug":"sementes-de-abobora-biologicas-birdhouse","status":"publish","type":"product","link":"https:\/\/cultivers.es\/pt-pt\/fertilizantes\/sementes-de-abobora-biologicas-birdhouse\/","title":{"rendered":"Sementes de ab\u00f3bora para casas de p\u00e1ssaros"},"content":{"rendered":"","protected":false},"excerpt":{"rendered":"<p>Descobre o encanto da ab\u00f3bora Birdhouse com as nossas sementes de ab\u00f3bora biol\u00f3gicas. Esta variedade de ab\u00f3bora, apreciada pela sua forma \u00fanica e capacidade de atrair p\u00e1ssaros, \u00e9 perfeita para quem procura um toque decorativo no seu jardim. Tem em aten\u00e7\u00e3o que estas caba\u00e7as n\u00e3o s\u00e3o comest\u00edveis, mas s\u00e3o uma excelente op\u00e7\u00e3o para embelezar o teu espa\u00e7o e criar ref\u00fagios para a vida selvagem.  <\/p>\n<ul>\n<li><strong>Forma \u00fanica:<\/strong> A ab\u00f3bora Birdhouse caracteriza-se pela sua forma e tamanho distintos, o que a torna uma excelente escolha para decora\u00e7\u00f5es de outono e projectos de jardinagem criativos.<\/li>\n<li><strong>Atrai os p\u00e1ssaros:<\/strong> Estas caba\u00e7as s\u00e3o ideais para fazer comedouros ou casas para p\u00e1ssaros. Com um pouco de criatividade, podes transform\u00e1-las em casas acolhedoras para os p\u00e1ssaros, contribuindo para a biodiversidade do teu jardim. <\/li>\n<li><strong>N\u00e3o comest\u00edvel:<\/strong> \u00c9 importante notar que as caba\u00e7as Birdhouse n\u00e3o s\u00e3o adequadas para consumo humano. A sua principal utiliza\u00e7\u00e3o \u00e9 decorativa ou funcional em projectos de atra\u00e7\u00e3o de aves. <\/li>\n<li><strong>F\u00e1cil de cultivar:<\/strong> Estas sementes s\u00e3o f\u00e1ceis de cultivar e adaptam-se bem a diferentes tipos de solo e climas, oferecendo uma op\u00e7\u00e3o simples para dar um toque especial ao teu jardim.<\/li>\n<li><strong>Cultivo org\u00e2nico:<\/strong> As nossas sementes de ab\u00f3bora Birdhouse s\u00e3o 100% org\u00e2nicas, garantindo um crescimento natural sem a utiliza\u00e7\u00e3o de produtos qu\u00edmicos, o que \u00e9 ben\u00e9fico tanto para o teu jardim como para o ambiente.<\/li>\n<\/ul>\n<p>Embeleza o teu jardim e ajuda a vida selvagem com as nossas Sementes de Ab\u00f3bora Biol\u00f3gicas para Casas de P\u00e1ssaros! Embora n\u00e3o sejam comest\u00edveis, oferecem uma excelente oportunidade para decorar e atrair p\u00e1ssaros para o teu espa\u00e7o - encomenda hoje e come\u00e7a a desfrutar da beleza e funcionalidade destas caba\u00e7as \u00fanicas!  <\/p>\n","protected":false},"featured_media":31598,"comment_status":"open","ping_status":"closed","template":"","meta":{"_acf_changed":false},"product_brand":[],"product_cat":[429,427],"product_tag":[1578],"woo-feed-brand":[],"class_list":{"0":"post-38806","1":"product","2":"type-product","3":"status-publish","4":"has-post-thumbnail","6":"product_cat-sementes-de-frutas-e-legumes-biologicos","7":"product_cat-sementes-organicas-2","8":"product_tag-eco","10":"first","11":"instock","12":"taxable","13":"shipping-taxable","14":"purchasable","15":"product-type-simple"},"acf":[],"_links":{"self":[{"href":"https:\/\/cultivers.es\/pt-pt\/wp-json\/wp\/v2\/product\/38806","targetHints":{"allow":["GET"]}}],"collection":[{"href":"https:\/\/cultivers.es\/pt-pt\/wp-json\/wp\/v2\/product"}],"about":[{"href":"https:\/\/cultivers.es\/pt-pt\/wp-json\/wp\/v2\/types\/product"}],"replies":[{"embeddable":true,"href":"https:\/\/cultivers.es\/pt-pt\/wp-json\/wp\/v2\/comments?post=38806"}],"wp:featuredmedia":[{"embeddable":true,"href":"https:\/\/cultivers.es\/pt-pt\/wp-json\/wp\/v2\/media\/31598"}],"wp:attachment":[{"href":"https:\/\/cultivers.es\/pt-pt\/wp-json\/wp\/v2\/media?parent=38806"}],"wp:term":[{"taxonomy":"product_brand","embeddable":true,"href":"https:\/\/cultivers.es\/pt-pt\/wp-json\/wp\/v2\/product_brand?post=38806"},{"taxonomy":"product_cat","embeddable":true,"href":"https:\/\/cultivers.es\/pt-pt\/wp-json\/wp\/v2\/product_cat?post=38806"},{"taxonomy":"product_tag","embeddable":true,"href":"https:\/\/cultivers.es\/pt-pt\/wp-json\/wp\/v2\/product_tag?post=38806"},{"taxonomy":"woo-feed-brand","embeddable":true,"href":"https:\/\/cultivers.es\/pt-pt\/wp-json\/wp\/v2\/woo-feed-brand?post=38806"}],"curies":[{"name":"wp","href":"https:\/\/api.w.org\/{rel}","templated":true}]}}