{"id":38807,"date":"2024-08-19T13:13:25","date_gmt":"2024-08-19T13:13:25","guid":{"rendered":"https:\/\/cultivers.es\/abonos\/sementes-de-abobora-biologicas-longue-de-nice\/"},"modified":"2025-09-22T05:12:34","modified_gmt":"2025-09-22T05:12:34","slug":"sementes-de-abobora-biologicas-longue-de-nice","status":"publish","type":"product","link":"https:\/\/cultivers.es\/pt-pt\/fertilizantes\/sementes-de-abobora-biologicas-longue-de-nice\/","title":{"rendered":"Sementes de ab\u00f3bora Longue de Nice"},"content":{"rendered":"","protected":false},"excerpt":{"rendered":"<p>Embeleza o teu jardim com as nossas sementes de ab\u00f3bora biol\u00f3gica &#8220;Longue de Nice&#8221;. Esta variedade cl\u00e1ssica \u00e9 conhecida pelos seus frutos alongados e pelo seu excelente sabor, ideal tanto para cozinhar como para guarnecer. Origin\u00e1ria de Fran\u00e7a, a ab\u00f3bora &#8220;Longue de Nice&#8221; \u00e9 conhecida pela sua produ\u00e7\u00e3o abundante e pela sua adaptabilidade a diferentes condi\u00e7\u00f5es de cultivo.  <\/p>\n<ul>\n<li><strong>Forma alongada:<\/strong> A ab\u00f3bora &#8220;Longue de Nice&#8221; caracteriza-se pelos seus frutos longos e cil\u00edndricos, que podem atingir 30 cm de comprimento. A sua forma carater\u00edstica n\u00e3o s\u00f3 \u00e9 atraente, como tamb\u00e9m facilita a sua utiliza\u00e7\u00e3o em diversas prepara\u00e7\u00f5es culin\u00e1rias. <\/li>\n<li><strong>Sabor doce e suave:<\/strong> Esta variedade \u00e9 apreciada pelo seu sabor suave e ligeiramente doce, o que a torna ideal para uma vasta gama de receitas, desde sopas e pur\u00e9s a guisados e bolos.<\/li>\n<li><strong>Alta produ\u00e7\u00e3o:<\/strong> A ab\u00f3bora &#8216;Longue de Nice&#8217; \u00e9 conhecida pelo seu elevado rendimento, produzindo frutos abundantes durante a esta\u00e7\u00e3o de crescimento. \u00c9 uma excelente escolha para hortas dom\u00e9sticas e comunit\u00e1rias. <\/li>\n<li><strong>F\u00e1cil de cultivar:<\/strong> Adapta-se bem a diferentes tipos de solo e condi\u00e7\u00f5es clim\u00e1ticas, e \u00e9 relativamente f\u00e1cil de cultivar. Ideal para jardineiros de todos os n\u00edveis de experi\u00eancia. <\/li>\n<li><strong>Cultivo org\u00e2nico:<\/strong> As nossas sementes s\u00e3o org\u00e2nicas, cultivadas sem a utiliza\u00e7\u00e3o de pesticidas ou fertilizantes qu\u00edmicos, o que garante um crescimento natural e saud\u00e1vel, tanto para a cultura como para o ambiente.<\/li>\n<\/ul>\n<p>D\u00e1 um toque especial ao teu jardim com a Ab\u00f3bora &#8216;Longue de Nice&#8217;! Compra as nossas Sementes Biol\u00f3gicas e desfruta de frutos longos, deliciosos e abundantes que dar\u00e3o sabor e beleza aos teus pratos e ao teu jardim, encomenda hoje e come\u00e7a a cultivar esta maravilhosa variedade!  <\/p>\n","protected":false},"featured_media":31605,"comment_status":"open","ping_status":"closed","template":"","meta":{"_acf_changed":false},"product_brand":[],"product_cat":[429,427],"product_tag":[1578],"class_list":{"0":"post-38807","1":"product","2":"type-product","3":"status-publish","4":"has-post-thumbnail","6":"product_cat-sementes-de-frutas-e-legumes-biologicos","7":"product_cat-sementes-organicas-2","8":"product_tag-eco","10":"first","11":"instock","12":"taxable","13":"shipping-taxable","14":"purchasable","15":"product-type-simple"},"acf":[],"_links":{"self":[{"href":"https:\/\/cultivers.es\/pt-pt\/wp-json\/wp\/v2\/product\/38807","targetHints":{"allow":["GET"]}}],"collection":[{"href":"https:\/\/cultivers.es\/pt-pt\/wp-json\/wp\/v2\/product"}],"about":[{"href":"https:\/\/cultivers.es\/pt-pt\/wp-json\/wp\/v2\/types\/product"}],"replies":[{"embeddable":true,"href":"https:\/\/cultivers.es\/pt-pt\/wp-json\/wp\/v2\/comments?post=38807"}],"wp:featuredmedia":[{"embeddable":true,"href":"https:\/\/cultivers.es\/pt-pt\/wp-json\/wp\/v2\/media\/31605"}],"wp:attachment":[{"href":"https:\/\/cultivers.es\/pt-pt\/wp-json\/wp\/v2\/media?parent=38807"}],"wp:term":[{"taxonomy":"product_brand","embeddable":true,"href":"https:\/\/cultivers.es\/pt-pt\/wp-json\/wp\/v2\/product_brand?post=38807"},{"taxonomy":"product_cat","embeddable":true,"href":"https:\/\/cultivers.es\/pt-pt\/wp-json\/wp\/v2\/product_cat?post=38807"},{"taxonomy":"product_tag","embeddable":true,"href":"https:\/\/cultivers.es\/pt-pt\/wp-json\/wp\/v2\/product_tag?post=38807"}],"curies":[{"name":"wp","href":"https:\/\/api.w.org\/{rel}","templated":true}]}}