{"id":38816,"date":"2024-08-19T13:13:26","date_gmt":"2024-08-19T13:13:26","guid":{"rendered":"https:\/\/cultivers.es\/abonos\/sementes-de-beterraba-biologica-cylindra\/"},"modified":"2025-09-22T05:21:40","modified_gmt":"2025-09-22T05:21:40","slug":"sementes-de-beterraba-biologica-cylindra","status":"publish","type":"product","link":"https:\/\/cultivers.es\/pt-pt\/fertilizantes\/sementes-de-beterraba-biologica-cylindra\/","title":{"rendered":"Sementes de beterraba Cylindra"},"content":{"rendered":"","protected":false},"excerpt":{"rendered":"<p>Descobre o encanto de cultivar a tua pr\u00f3pria beterraba com as nossas sementes de beterraba biol\u00f3gica Cylindra. Esta variedade distingue-se pela sua forma cil\u00edndrica, o que a torna f\u00e1cil de cortar em fatias uniformes e ideal para fazer pickles. Al\u00e9m disso, o seu sabor doce e suave torna-a favorita em saladas, bem como em pratos cozinhados.  <\/p>\n<ul>\n<li><strong>Forma cil\u00edndrica:<\/strong> Ao contr\u00e1rio das beterrabas tradicionais, a beterraba Cylindra tem uma forma alongada que a torna perfeita para ser cortada em fatias finas e uniformes, o que facilita a sua prepara\u00e7\u00e3o e apresenta\u00e7\u00e3o na cozinha.<\/li>\n<li><strong>Sabor doce e suave:<\/strong> Esta variedade \u00e9 conhecida pelo seu sabor naturalmente doce e textura suave, que se mant\u00e9m tanto crua como cozinhada. \u00c9 ideal para saladas, sopas e assados. <\/li>\n<li><strong>F\u00e1cil de cultivar:<\/strong> A beterraba Cylindra \u00e9 uma planta resistente que se adapta bem a diferentes tipos de solo e climas. Requer pouca manuten\u00e7\u00e3o e \u00e9 ideal tanto para grandes jardins como para pequenos jardins urbanos. <\/li>\n<li><strong>Cultivo org\u00e2nico:<\/strong> As nossas sementes de beterraba Cylindra s\u00e3o cultivadas organicamente, sem o uso de pesticidas ou fertilizantes qu\u00edmicos, garantindo um produto saud\u00e1vel e sustent\u00e1vel para o teu jardim.<\/li>\n<li><strong>Rica em nutrientes:<\/strong> A beterraba \u00e9 uma excelente fonte de vitaminas, minerais e antioxidantes, o que a torna um alimento saud\u00e1vel e nutritivo para inclu\u00edres na tua dieta.<\/li>\n<\/ul>\n<p>D\u00e1 um toque especial ao teu jardim e \u00e0 tua cozinha! Compra as nossas Sementes de Beterraba Cylindra Biol\u00f3gicas e desfruta de uma colheita deliciosa, saud\u00e1vel e f\u00e1cil de preparar - perfeita para um jardim sustent\u00e1vel e saboroso!  <\/p>\n","protected":false},"featured_media":31573,"comment_status":"open","ping_status":"closed","template":"","meta":{"_acf_changed":false},"product_brand":[],"product_cat":[439,427],"product_tag":[1578],"woo-feed-brand":[],"class_list":{"0":"post-38816","1":"product","2":"type-product","3":"status-publish","4":"has-post-thumbnail","6":"product_cat-sementes-de-raizes-organicas","7":"product_cat-sementes-organicas-2","8":"product_tag-eco","10":"first","11":"outofstock","12":"taxable","13":"shipping-taxable","14":"purchasable","15":"product-type-simple"},"acf":[],"_links":{"self":[{"href":"https:\/\/cultivers.es\/pt-pt\/wp-json\/wp\/v2\/product\/38816","targetHints":{"allow":["GET"]}}],"collection":[{"href":"https:\/\/cultivers.es\/pt-pt\/wp-json\/wp\/v2\/product"}],"about":[{"href":"https:\/\/cultivers.es\/pt-pt\/wp-json\/wp\/v2\/types\/product"}],"replies":[{"embeddable":true,"href":"https:\/\/cultivers.es\/pt-pt\/wp-json\/wp\/v2\/comments?post=38816"}],"wp:featuredmedia":[{"embeddable":true,"href":"https:\/\/cultivers.es\/pt-pt\/wp-json\/wp\/v2\/media\/31573"}],"wp:attachment":[{"href":"https:\/\/cultivers.es\/pt-pt\/wp-json\/wp\/v2\/media?parent=38816"}],"wp:term":[{"taxonomy":"product_brand","embeddable":true,"href":"https:\/\/cultivers.es\/pt-pt\/wp-json\/wp\/v2\/product_brand?post=38816"},{"taxonomy":"product_cat","embeddable":true,"href":"https:\/\/cultivers.es\/pt-pt\/wp-json\/wp\/v2\/product_cat?post=38816"},{"taxonomy":"product_tag","embeddable":true,"href":"https:\/\/cultivers.es\/pt-pt\/wp-json\/wp\/v2\/product_tag?post=38816"},{"taxonomy":"woo-feed-brand","embeddable":true,"href":"https:\/\/cultivers.es\/pt-pt\/wp-json\/wp\/v2\/woo-feed-brand?post=38816"}],"curies":[{"name":"wp","href":"https:\/\/api.w.org\/{rel}","templated":true}]}}