{"id":38822,"date":"2024-08-19T13:13:26","date_gmt":"2024-08-19T13:13:26","guid":{"rendered":"https:\/\/cultivers.es\/abonos\/sementes-organicas-siempreviva\/"},"modified":"2025-09-22T05:21:34","modified_gmt":"2025-09-22T05:21:34","slug":"sementes-organicas-siempreviva","status":"publish","type":"product","link":"https:\/\/cultivers.es\/pt-pt\/fertilizantes\/sementes-organicas-siempreviva\/","title":{"rendered":"Sementes SiempreViva"},"content":{"rendered":"","protected":false},"excerpt":{"rendered":"<p>D\u00e1 um toque de durabilidade e beleza ao teu jardim com as nossas sementes de imortela biol\u00f3gica. Conhecida pelas suas flores coloridas e duradouras, a imortela \u00e9 uma planta anual que pode florescer numa vasta gama de cores, desde o branco e amarelo ao vermelho e roxo. Perfeita para jardins, arranjos florais e bouquets secos, esta planta \u00e9 sin\u00f3nimo de beleza perene.  <\/p>\n<ul>\n<li><strong>Flor duradoura:<\/strong> As flores <strong>perenes<\/strong> s\u00e3o famosas por manterem a sua cor e forma mesmo depois de cortadas e secas, o que as torna a escolha ideal para ramos de flores secas e arranjos florais duradouros.<\/li>\n<li><strong>F\u00e1cil de cultivar:<\/strong> A Everlasting \u00e9 uma planta resistente que se adapta bem a diferentes condi\u00e7\u00f5es de solo e clima, prosperando em locais ensolarados. \u00c9 uma excelente escolha tanto para principiantes como para jardineiros experientes. <\/li>\n<li><strong>Cores vibrantes:<\/strong> Esta planta oferece uma vasta gama de cores vivas, permitindo-te criar combina\u00e7\u00f5es apelativas no teu jardim ou em arranjos florais.<\/li>\n<li><strong>Atraente para os polinizadores:<\/strong> Para al\u00e9m do seu valor ornamental, a everlasting evergreen atrai abelhas e outros polinizadores, promovendo a biodiversidade no teu jardim.<\/li>\n<li><strong>Cultivo org\u00e2nico:<\/strong> As nossas sementes de imortela s\u00e3o org\u00e2nicas, cultivadas sem o uso de pesticidas ou fertilizantes qu\u00edmicos, garantindo um jardim saud\u00e1vel e amigo do ambiente.<\/li>\n<\/ul>\n<p>Enche o teu jardim de cor e durabilidade com as nossas sementes de Immortelle org\u00e2nicas. Desfruta de flores vibrantes que se manter\u00e3o bonitas durante muito tempo, tanto no jardim como no interior da tua casa. <\/p>\n","protected":false},"featured_media":31566,"comment_status":"open","ping_status":"closed","template":"","meta":{"_acf_changed":false},"product_brand":[],"product_cat":[495,427],"product_tag":[1578],"woo-feed-brand":[],"class_list":{"0":"post-38822","1":"product","2":"type-product","3":"status-publish","4":"has-post-thumbnail","6":"product_cat-sementes-de-flores-organicas","7":"product_cat-sementes-organicas-2","8":"product_tag-eco","10":"first","11":"instock","12":"taxable","13":"shipping-taxable","14":"purchasable","15":"product-type-simple"},"acf":[],"_links":{"self":[{"href":"https:\/\/cultivers.es\/pt-pt\/wp-json\/wp\/v2\/product\/38822","targetHints":{"allow":["GET"]}}],"collection":[{"href":"https:\/\/cultivers.es\/pt-pt\/wp-json\/wp\/v2\/product"}],"about":[{"href":"https:\/\/cultivers.es\/pt-pt\/wp-json\/wp\/v2\/types\/product"}],"replies":[{"embeddable":true,"href":"https:\/\/cultivers.es\/pt-pt\/wp-json\/wp\/v2\/comments?post=38822"}],"wp:featuredmedia":[{"embeddable":true,"href":"https:\/\/cultivers.es\/pt-pt\/wp-json\/wp\/v2\/media\/31566"}],"wp:attachment":[{"href":"https:\/\/cultivers.es\/pt-pt\/wp-json\/wp\/v2\/media?parent=38822"}],"wp:term":[{"taxonomy":"product_brand","embeddable":true,"href":"https:\/\/cultivers.es\/pt-pt\/wp-json\/wp\/v2\/product_brand?post=38822"},{"taxonomy":"product_cat","embeddable":true,"href":"https:\/\/cultivers.es\/pt-pt\/wp-json\/wp\/v2\/product_cat?post=38822"},{"taxonomy":"product_tag","embeddable":true,"href":"https:\/\/cultivers.es\/pt-pt\/wp-json\/wp\/v2\/product_tag?post=38822"},{"taxonomy":"woo-feed-brand","embeddable":true,"href":"https:\/\/cultivers.es\/pt-pt\/wp-json\/wp\/v2\/woo-feed-brand?post=38822"}],"curies":[{"name":"wp","href":"https:\/\/api.w.org\/{rel}","templated":true}]}}