{"id":38823,"date":"2024-08-19T13:13:26","date_gmt":"2024-08-19T13:13:26","guid":{"rendered":"https:\/\/cultivers.es\/abonos\/sementes-de-malva-biologica-de-tres-meses\/"},"modified":"2025-09-22T05:22:10","modified_gmt":"2025-09-22T05:22:10","slug":"sementes-de-malva-biologica-de-tres-meses","status":"publish","type":"product","link":"https:\/\/cultivers.es\/pt-pt\/fertilizantes\/sementes-de-malva-biologica-de-tres-meses\/","title":{"rendered":"Sementes de malva de tr\u00eas meses"},"content":{"rendered":"","protected":false},"excerpt":{"rendered":"<p>D\u00e1 uma explos\u00e3o de cor ao teu jardim com as nossas sementes de malva org\u00e2nica Three Month. Esta planta anual \u00e9 conhecida pelo seu crescimento r\u00e1pido e flora\u00e7\u00e3o abundante em tons de rosa e roxo. Ideal para jardineiros que procuram resultados r\u00e1pidos, a malva de tr\u00eas meses \u00e9 perfeita para encher o teu jardim de beleza em pouco tempo.  <\/p>\n<ul>\n<li><strong>Flora\u00e7\u00e3o r\u00e1pida e abundante:<\/strong> A malva de tr\u00eas meses distingue-se pelo seu ciclo de crescimento r\u00e1pido e pela sua generosa produ\u00e7\u00e3o de flores. Em apenas alguns meses, poder\u00e1s desfrutar das suas flores vistosas que decorar\u00e3o o teu jardim com a sua cor vibrante. <\/li>\n<li><strong>F\u00e1cil de cultivar:<\/strong> Esta planta \u00e9 muito f\u00e1cil de cultivar e \u00e9 adequada tanto para principiantes como para jardineiros experientes. Adapta-se bem a v\u00e1rios tipos de solo e prospera em \u00e1reas ensolaradas, tornando-a uma excelente escolha para bordaduras e canteiros de flores. <\/li>\n<li><strong>Atraente para os polinizadores:<\/strong> As flores da malva-dos-tr\u00eas-m\u00eases s\u00e3o muito atraentes para as abelhas e borboletas, contribuindo para a biodiversidade do teu jardim e apoiando os polinizadores locais.<\/li>\n<li><strong>Cultivo org\u00e2nico:<\/strong> As nossas sementes de malva de tr\u00eas meses s\u00e3o 100% org\u00e2nicas, cultivadas sem o uso de produtos qu\u00edmicos, o que garante um crescimento natural e saud\u00e1vel das tuas plantas.<\/li>\n<\/ul>\n<p>Desfruta de um jardim cheio de vida e cor com as nossas sementes de malva org\u00e2nica Three Month. Uma op\u00e7\u00e3o r\u00e1pida e f\u00e1cil para quem procura embelezar o seu espa\u00e7o verde de uma forma sustent\u00e1vel. <\/p>\n","protected":false},"featured_media":31559,"comment_status":"open","ping_status":"closed","template":"","meta":{"_acf_changed":false},"product_brand":[],"product_cat":[495,427],"product_tag":[1578],"woo-feed-brand":[],"class_list":{"0":"post-38823","1":"product","2":"type-product","3":"status-publish","4":"has-post-thumbnail","6":"product_cat-sementes-de-flores-organicas","7":"product_cat-sementes-organicas-2","8":"product_tag-eco","10":"first","11":"instock","12":"taxable","13":"shipping-taxable","14":"purchasable","15":"product-type-simple"},"acf":[],"_links":{"self":[{"href":"https:\/\/cultivers.es\/pt-pt\/wp-json\/wp\/v2\/product\/38823","targetHints":{"allow":["GET"]}}],"collection":[{"href":"https:\/\/cultivers.es\/pt-pt\/wp-json\/wp\/v2\/product"}],"about":[{"href":"https:\/\/cultivers.es\/pt-pt\/wp-json\/wp\/v2\/types\/product"}],"replies":[{"embeddable":true,"href":"https:\/\/cultivers.es\/pt-pt\/wp-json\/wp\/v2\/comments?post=38823"}],"wp:featuredmedia":[{"embeddable":true,"href":"https:\/\/cultivers.es\/pt-pt\/wp-json\/wp\/v2\/media\/31559"}],"wp:attachment":[{"href":"https:\/\/cultivers.es\/pt-pt\/wp-json\/wp\/v2\/media?parent=38823"}],"wp:term":[{"taxonomy":"product_brand","embeddable":true,"href":"https:\/\/cultivers.es\/pt-pt\/wp-json\/wp\/v2\/product_brand?post=38823"},{"taxonomy":"product_cat","embeddable":true,"href":"https:\/\/cultivers.es\/pt-pt\/wp-json\/wp\/v2\/product_cat?post=38823"},{"taxonomy":"product_tag","embeddable":true,"href":"https:\/\/cultivers.es\/pt-pt\/wp-json\/wp\/v2\/product_tag?post=38823"},{"taxonomy":"woo-feed-brand","embeddable":true,"href":"https:\/\/cultivers.es\/pt-pt\/wp-json\/wp\/v2\/woo-feed-brand?post=38823"}],"curies":[{"name":"wp","href":"https:\/\/api.w.org\/{rel}","templated":true}]}}