{"id":38842,"date":"2024-08-21T06:57:58","date_gmt":"2024-08-21T06:57:58","guid":{"rendered":"https:\/\/cultivers.es\/abonos\/sementes-de-kiwano-organico\/"},"modified":"2026-03-19T07:05:41","modified_gmt":"2026-03-19T07:05:41","slug":"sementes-de-kiwano-organico","status":"publish","type":"product","link":"https:\/\/cultivers.es\/pt-pt\/fertilizantes\/sementes-de-kiwano-organico\/","title":{"rendered":"Sementes de kiwano"},"content":{"rendered":"","protected":false},"excerpt":{"rendered":"<p>Atreve-te a cultivar algo diferente e ex\u00f3tico com as nossas sementes de Kiwano org\u00e2nico. Tamb\u00e9m conhecido como &#8220;mel\u00e3o chifrudo&#8221; ou &#8220;pepino africano&#8221;, o Kiwano \u00e9 um fruto tropical com um aspeto \u00fanico e um sabor refrescante, ideal para dar um toque de originalidade ao teu jardim e aos teus pratos. <\/p>\n<ul>\n<li><strong>Fruta ex\u00f3tica:<\/strong> O Kiwano distingue-se pela sua casca amarela ou laranja coberta de pequenos chifres, o que lhe confere um aspeto \u00fanico e decorativo. No interior, a polpa verde, gelatinosa, tem um sabor suave e refrescante, semelhante a uma mistura de pepino, banana e lim\u00e3o. <\/li>\n<li><strong>F\u00e1cil de cultivar:<\/strong> Apesar do seu aspeto ex\u00f3tico, a Kiwano \u00e9 surpreendentemente f\u00e1cil de cultivar. Esta planta trepadeira adapta-se bem a climas quentes e soalheiros e desenvolve-se rapidamente, produzindo frutos em abund\u00e2ncia. <\/li>\n<li><strong>Rico em nutrientes:<\/strong> Para al\u00e9m do seu sabor refrescante, o Kiwano \u00e9 uma fonte rica em antioxidantes, vitamina C e fibra, o que o torna uma escolha saud\u00e1vel para incorporar na tua dieta di\u00e1ria.<\/li>\n<li><strong>Versatilidade culin\u00e1ria:<\/strong> O Kiwano pode ser apreciado de v\u00e1rias formas: em saladas, como um snack refrescante, em batidos ou como guarni\u00e7\u00e3o de sobremesas. O seu sabor e aspeto tornam-no ideal para fazeres experi\u00eancias na cozinha. <\/li>\n<li><strong>Cultivo org\u00e2nico:<\/strong> As nossas sementes Kiwano s\u00e3o 100% org\u00e2nicas, assegurando que cultivas de forma sustent\u00e1vel e amiga do ambiente, sem o uso de pesticidas ou fertilizantes qu\u00edmicos.<\/li>\n<\/ul>\n<p>D\u00e1 um toque ex\u00f3tico ao teu jardim com Kiwano! As nossas sementes org\u00e2nicas permitem-te desfrutar de um fruto \u00fanico e nutritivo, perfeito para surpreender na cozinha, encomenda hoje e come\u00e7a a cultivar este tesouro tropical em casa!  <\/p>\n","protected":false},"featured_media":31874,"comment_status":"open","ping_status":"closed","template":"","meta":{"_acf_changed":false},"product_brand":[],"product_cat":[429,427],"product_tag":[1578],"woo-feed-brand":[],"class_list":{"0":"post-38842","1":"product","2":"type-product","3":"status-publish","4":"has-post-thumbnail","6":"product_cat-sementes-de-frutas-e-legumes-biologicos","7":"product_cat-sementes-organicas-2","8":"product_tag-eco","10":"first","11":"instock","12":"taxable","13":"shipping-taxable","14":"purchasable","15":"product-type-simple"},"acf":[],"_links":{"self":[{"href":"https:\/\/cultivers.es\/pt-pt\/wp-json\/wp\/v2\/product\/38842","targetHints":{"allow":["GET"]}}],"collection":[{"href":"https:\/\/cultivers.es\/pt-pt\/wp-json\/wp\/v2\/product"}],"about":[{"href":"https:\/\/cultivers.es\/pt-pt\/wp-json\/wp\/v2\/types\/product"}],"replies":[{"embeddable":true,"href":"https:\/\/cultivers.es\/pt-pt\/wp-json\/wp\/v2\/comments?post=38842"}],"wp:featuredmedia":[{"embeddable":true,"href":"https:\/\/cultivers.es\/pt-pt\/wp-json\/wp\/v2\/media\/31874"}],"wp:attachment":[{"href":"https:\/\/cultivers.es\/pt-pt\/wp-json\/wp\/v2\/media?parent=38842"}],"wp:term":[{"taxonomy":"product_brand","embeddable":true,"href":"https:\/\/cultivers.es\/pt-pt\/wp-json\/wp\/v2\/product_brand?post=38842"},{"taxonomy":"product_cat","embeddable":true,"href":"https:\/\/cultivers.es\/pt-pt\/wp-json\/wp\/v2\/product_cat?post=38842"},{"taxonomy":"product_tag","embeddable":true,"href":"https:\/\/cultivers.es\/pt-pt\/wp-json\/wp\/v2\/product_tag?post=38842"},{"taxonomy":"woo-feed-brand","embeddable":true,"href":"https:\/\/cultivers.es\/pt-pt\/wp-json\/wp\/v2\/woo-feed-brand?post=38842"}],"curies":[{"name":"wp","href":"https:\/\/api.w.org\/{rel}","templated":true}]}}