{"id":38852,"date":"2024-08-21T11:37:16","date_gmt":"2024-08-21T11:37:16","guid":{"rendered":"https:\/\/cultivers.es\/abonos\/sementes-de-pimenta-biologica-petit-marseillais\/"},"modified":"2025-09-22T05:45:52","modified_gmt":"2025-09-22T05:45:52","slug":"sementes-de-pimenta-biologica-petit-marseillais","status":"publish","type":"product","link":"https:\/\/cultivers.es\/pt-pt\/fertilizantes\/sementes-de-pimenta-biologica-petit-marseillais\/","title":{"rendered":"Sementes de pimenta Petit Marseillais"},"content":{"rendered":"","protected":false},"excerpt":{"rendered":"<p>As sementes de pimento Petit Marseillais org\u00e2nico permitem-te cultivar uma variedade cl\u00e1ssica de pimento, apreciada pelo seu sabor doce, textura estaladi\u00e7a e calor suave. Origin\u00e1rio da regi\u00e3o de Marselha, este pimento \u00e9 perfeito para quem procura um toque aut\u00eantico da cozinha mediterr\u00e2nica no seu jardim. <\/p>\n<ul>\n<li><strong>Sabor Doce e Arom\u00e1tico:<\/strong> O Pimento Petit Marseillais \u00e9 conhecido pelo seu sabor doce e suave, com um ligeiro toque picante que n\u00e3o te deixa ficar mal. Ideal para consumo fresco em saladas, assado ou em pratos cozinhados, onde o seu sabor \u00e9 intensificado. <\/li>\n<li><strong>Tamanho compacto:<\/strong> Esta variedade produz pimentos de tamanho pequeno a m\u00e9dio, com uma forma c\u00f3nica e pele fina, o que os torna perfeitos para rechear, assar ou guarnecer. A sua cor viva, que varia entre o verde e o vermelho intenso, torna os teus pratos mais atraentes. <\/li>\n<li><strong>N\u00edvel de picante suave:<\/strong> Ao contr\u00e1rio de outras variedades de pimento, o Petit Marseillais tem um picante muito suave, o que o torna perfeito para aqueles que preferem um sabor mais subtil sem renunciar \u00e0 complexidade de um pimento com car\u00e1cter.<\/li>\n<li><strong>Alta produtividade:<\/strong> O pimento Petit Marseillais \u00e9 uma planta generosa, que produz uma grande quantidade de frutos durante toda a esta\u00e7\u00e3o. \u00c9 ideal para quem deseja uma colheita abundante e cont\u00ednua de pimentos frescos. <\/li>\n<li><strong>F\u00e1cil de cultivar:<\/strong> Esta variedade adapta-se bem a diferentes tipos de solo e climas, sendo resistente \u00e0s doen\u00e7as comuns do pimento. \u00c9 uma excelente escolha tanto para principiantes como para jardineiros mais experientes. <\/li>\n<li><strong>Cultivo org\u00e2nico:<\/strong> As nossas sementes de pimenta Petit Marseillais s\u00e3o 100% org\u00e2nicas, garantindo um crescimento sem qu\u00edmicos e amigo do ambiente. Desfruta de uma colheita sustent\u00e1vel e saud\u00e1vel no teu jardim. <\/li>\n<\/ul>\n<p>D\u00e1 um toque mediterr\u00e2nico ao teu jardim com os pimentos Petit Marseillais. Com as nossas sementes org\u00e2nicas, podes desfrutar de uma colheita abundante de pimentos doces, com um ligeiro toque picante, perfeitos para uma variedade de pratos - encomenda agora e come\u00e7a a cultivar esta joia culin\u00e1ria em casa!  <\/p>\n","protected":false},"featured_media":32008,"comment_status":"open","ping_status":"closed","template":"","meta":{"_acf_changed":false},"product_brand":[],"product_cat":[429,427],"product_tag":[1578],"woo-feed-brand":[],"class_list":{"0":"post-38852","1":"product","2":"type-product","3":"status-publish","4":"has-post-thumbnail","6":"product_cat-sementes-de-frutas-e-legumes-biologicos","7":"product_cat-sementes-organicas-2","8":"product_tag-eco","10":"first","11":"instock","12":"taxable","13":"shipping-taxable","14":"purchasable","15":"product-type-simple"},"acf":[],"_links":{"self":[{"href":"https:\/\/cultivers.es\/pt-pt\/wp-json\/wp\/v2\/product\/38852","targetHints":{"allow":["GET"]}}],"collection":[{"href":"https:\/\/cultivers.es\/pt-pt\/wp-json\/wp\/v2\/product"}],"about":[{"href":"https:\/\/cultivers.es\/pt-pt\/wp-json\/wp\/v2\/types\/product"}],"replies":[{"embeddable":true,"href":"https:\/\/cultivers.es\/pt-pt\/wp-json\/wp\/v2\/comments?post=38852"}],"wp:featuredmedia":[{"embeddable":true,"href":"https:\/\/cultivers.es\/pt-pt\/wp-json\/wp\/v2\/media\/32008"}],"wp:attachment":[{"href":"https:\/\/cultivers.es\/pt-pt\/wp-json\/wp\/v2\/media?parent=38852"}],"wp:term":[{"taxonomy":"product_brand","embeddable":true,"href":"https:\/\/cultivers.es\/pt-pt\/wp-json\/wp\/v2\/product_brand?post=38852"},{"taxonomy":"product_cat","embeddable":true,"href":"https:\/\/cultivers.es\/pt-pt\/wp-json\/wp\/v2\/product_cat?post=38852"},{"taxonomy":"product_tag","embeddable":true,"href":"https:\/\/cultivers.es\/pt-pt\/wp-json\/wp\/v2\/product_tag?post=38852"},{"taxonomy":"woo-feed-brand","embeddable":true,"href":"https:\/\/cultivers.es\/pt-pt\/wp-json\/wp\/v2\/woo-feed-brand?post=38852"}],"curies":[{"name":"wp","href":"https:\/\/api.w.org\/{rel}","templated":true}]}}