{"id":38853,"date":"2024-08-21T10:28:27","date_gmt":"2024-08-21T10:28:27","guid":{"rendered":"https:\/\/cultivers.es\/abonos\/sementes-de-tomate-organic-gardeners-delight\/"},"modified":"2025-09-22T05:45:38","modified_gmt":"2025-09-22T05:45:38","slug":"sementes-de-tomate-organic-gardeners-delight","status":"publish","type":"product","link":"https:\/\/cultivers.es\/pt-pt\/fertilizantes\/sementes-de-tomate-organic-gardeners-delight\/","title":{"rendered":"Sementes de tomate Gardener&#8217;s Delight"},"content":{"rendered":"","protected":false},"excerpt":{"rendered":"<p>As sementes de tomate org\u00e2nico Gardener&#8217;s Delight permitem-te cultivar um dos tomates-cereja mais apreciados pelo seu sabor excecional e facilidade de cultivo. Esta variedade produz cachos abundantes de pequenos frutos vermelhos, cheios de um sabor doce e equilibrado, ideais para comeres fresco ou em saladas. <\/p>\n<ul>\n<li><strong>Sabor inigual\u00e1vel:<\/strong> O tomate Gardener&#8217;s Delight \u00e9 conhecido pelo seu sabor doce e sumarento, com um toque de acidez que o distingue das outras variedades de tomate-cereja. \u00c9 ideal para ser consumido diretamente da planta ou para enriquecer os teus pratos com o seu delicioso sabor. <\/li>\n<li><strong>Alta produtividade:<\/strong> Esta variedade \u00e9 muito prol\u00edfica, produzindo cachos de tomates pequenos e uniformes durante toda a esta\u00e7\u00e3o. \u00c9 perfeita para quem procura uma colheita constante e abundante na sua horta. <\/li>\n<li><strong>F\u00e1cil de cultivar:<\/strong> O tomate Gardener&#8217;s Delight \u00e9 uma excelente escolha tanto para principiantes como para jardineiros experientes. \u00c9 uma planta resistente, que se adapta bem a diferentes climas e solos, e responde muito bem ao cultivo em vasos ou diretamente no solo. <\/li>\n<li><strong>Tamanho perfeito:<\/strong> Os frutos desta variedade s\u00e3o de tamanho pequeno, o que os torna ideais para saladas, lanches saud\u00e1veis ou como guarni\u00e7\u00e3o de pratos mais elaborados. A sua pele fina e a sua polpa suculenta fazem com que seja um verdadeiro prazer com\u00ea-los. <\/li>\n<li><strong>Cultivo org\u00e2nico:<\/strong> As nossas sementes s\u00e3o 100% org\u00e2nicas, o que garante um crescimento natural, sem a utiliza\u00e7\u00e3o de pesticidas ou fertilizantes qu\u00edmicos. Ideal para um jardim sustent\u00e1vel e amigo do ambiente. <\/li>\n<\/ul>\n<p>Cultiva o Tomate Gardener&#8217;s Delight e desfruta da satisfa\u00e7\u00e3o de colher tomates cereja frescos e saborosos diretamente do teu jardim. Com as nossas sementes org\u00e2nicas, ter\u00e1s uma planta produtiva e f\u00e1cil de cuidar que \u00e9 perfeita para dar um toque doce e saud\u00e1vel \u00e0s tuas refei\u00e7\u00f5es - encomenda agora e come\u00e7a a cultivar o teu pr\u00f3prio tesouro de sabor!  <\/p>\n","protected":false},"featured_media":31950,"comment_status":"open","ping_status":"closed","template":"","meta":{"_acf_changed":false},"product_brand":[],"product_cat":[429,427],"product_tag":[1578],"woo-feed-brand":[],"class_list":{"0":"post-38853","1":"product","2":"type-product","3":"status-publish","4":"has-post-thumbnail","6":"product_cat-sementes-de-frutas-e-legumes-biologicos","7":"product_cat-sementes-organicas-2","8":"product_tag-eco","10":"first","11":"instock","12":"taxable","13":"shipping-taxable","14":"purchasable","15":"product-type-simple"},"acf":[],"_links":{"self":[{"href":"https:\/\/cultivers.es\/pt-pt\/wp-json\/wp\/v2\/product\/38853","targetHints":{"allow":["GET"]}}],"collection":[{"href":"https:\/\/cultivers.es\/pt-pt\/wp-json\/wp\/v2\/product"}],"about":[{"href":"https:\/\/cultivers.es\/pt-pt\/wp-json\/wp\/v2\/types\/product"}],"replies":[{"embeddable":true,"href":"https:\/\/cultivers.es\/pt-pt\/wp-json\/wp\/v2\/comments?post=38853"}],"wp:featuredmedia":[{"embeddable":true,"href":"https:\/\/cultivers.es\/pt-pt\/wp-json\/wp\/v2\/media\/31950"}],"wp:attachment":[{"href":"https:\/\/cultivers.es\/pt-pt\/wp-json\/wp\/v2\/media?parent=38853"}],"wp:term":[{"taxonomy":"product_brand","embeddable":true,"href":"https:\/\/cultivers.es\/pt-pt\/wp-json\/wp\/v2\/product_brand?post=38853"},{"taxonomy":"product_cat","embeddable":true,"href":"https:\/\/cultivers.es\/pt-pt\/wp-json\/wp\/v2\/product_cat?post=38853"},{"taxonomy":"product_tag","embeddable":true,"href":"https:\/\/cultivers.es\/pt-pt\/wp-json\/wp\/v2\/product_tag?post=38853"},{"taxonomy":"woo-feed-brand","embeddable":true,"href":"https:\/\/cultivers.es\/pt-pt\/wp-json\/wp\/v2\/woo-feed-brand?post=38853"}],"curies":[{"name":"wp","href":"https:\/\/api.w.org\/{rel}","templated":true}]}}