{"id":38862,"date":"2024-08-21T11:54:50","date_gmt":"2024-08-21T11:54:50","guid":{"rendered":"https:\/\/cultivers.es\/abonos\/sementes-de-pimento-vermelho-habanero-organico\/"},"modified":"2025-09-22T05:46:00","modified_gmt":"2025-09-22T05:46:00","slug":"sementes-de-pimento-vermelho-habanero-organico","status":"publish","type":"product","link":"https:\/\/cultivers.es\/pt-pt\/fertilizantes\/sementes-de-pimento-vermelho-habanero-organico\/","title":{"rendered":"Sementes de pimento vermelho Habanero"},"content":{"rendered":"","protected":false},"excerpt":{"rendered":"<p>As sementes org\u00e2nicas de pimento vermelho Habanero permitem-te cultivar uma das variedades de pimento mais quentes e famosas do mundo. Origin\u00e1ria da regi\u00e3o das Cara\u00edbas, a Pimenta Habanero Vermelha \u00e9 perfeita para aqueles que procuram adicionar um sabor intenso e calor aos seus pratos. Com a sua carater\u00edstica cor vermelha brilhante e calor inconfund\u00edvel, esta pimenta \u00e9 um ingrediente essencial na cozinha mexicana e caribenha.  <\/p>\n<ul>\n<li><strong>N\u00edvel de picante intenso:<\/strong> A pimenta Habanero vermelha \u00e9 conhecida pelo seu elevado n\u00edvel de picante, o que a coloca entre as pimentas mais potentes do mundo. Com uma pontua\u00e7\u00e3o na escala Scoville de at\u00e9 350.000 unidades, esta pimenta \u00e9 ideal para os amantes do calor extremo. <\/li>\n<li><strong>Sabor frutado:<\/strong> Apesar do seu sabor picante, o Habanero Vermelho tem um sabor frutado e ligeiramente c\u00edtrico que acrescenta profundidade e complexidade a molhos, marinadas e guisados. O seu sabor \u00fanico torna-o um ingrediente vers\u00e1til na cozinha. <\/li>\n<li><strong>Alta produtividade:<\/strong> Esta variedade de pimento produz frutos pequenos e enrugados, com cerca de 3-5 cm, em abund\u00e2ncia durante toda a esta\u00e7\u00e3o. A sua cor vermelha viva faz com que se destaque tanto no jardim como na cozinha. <\/li>\n<li><strong>F\u00e1cil de cultivar:<\/strong> Embora necessite de um clima quente e solarengo para prosperar, o pimento vermelho Habanero \u00e9 uma planta resistente que pode crescer bem em vasos ou diretamente no solo, desde que receba os cuidados adequados.<\/li>\n<li><strong>Cultivo org\u00e2nico:<\/strong> As nossas sementes de Pimenta Habanero Vermelha s\u00e3o 100% org\u00e2nicas, garantindo um crescimento livre de qu\u00edmicos e amigo do ambiente. Desfruta de uma colheita sustent\u00e1vel e saud\u00e1vel no teu jardim. <\/li>\n<\/ul>\n<p>D\u00e1 um toque de calor extremo ao teu jardim com os pimentos Red Habanero. Com as nossas sementes org\u00e2nicas, podes desfrutar de uma colheita abundante de pimentos intensamente quentes e saborosos, perfeitos para molhos e pratos picantes - encomenda agora e leva a excita\u00e7\u00e3o picante para o pr\u00f3ximo n\u00edvel na tua cozinha!  <\/p>\n","protected":false},"featured_media":32036,"comment_status":"open","ping_status":"closed","template":"","meta":{"_acf_changed":false},"product_brand":[],"product_cat":[429,427],"product_tag":[1578],"class_list":{"0":"post-38862","1":"product","2":"type-product","3":"status-publish","4":"has-post-thumbnail","6":"product_cat-sementes-de-frutas-e-legumes-biologicos","7":"product_cat-sementes-organicas-2","8":"product_tag-eco","10":"first","11":"instock","12":"taxable","13":"shipping-taxable","14":"purchasable","15":"product-type-simple"},"acf":[],"_links":{"self":[{"href":"https:\/\/cultivers.es\/pt-pt\/wp-json\/wp\/v2\/product\/38862","targetHints":{"allow":["GET"]}}],"collection":[{"href":"https:\/\/cultivers.es\/pt-pt\/wp-json\/wp\/v2\/product"}],"about":[{"href":"https:\/\/cultivers.es\/pt-pt\/wp-json\/wp\/v2\/types\/product"}],"replies":[{"embeddable":true,"href":"https:\/\/cultivers.es\/pt-pt\/wp-json\/wp\/v2\/comments?post=38862"}],"wp:featuredmedia":[{"embeddable":true,"href":"https:\/\/cultivers.es\/pt-pt\/wp-json\/wp\/v2\/media\/32036"}],"wp:attachment":[{"href":"https:\/\/cultivers.es\/pt-pt\/wp-json\/wp\/v2\/media?parent=38862"}],"wp:term":[{"taxonomy":"product_brand","embeddable":true,"href":"https:\/\/cultivers.es\/pt-pt\/wp-json\/wp\/v2\/product_brand?post=38862"},{"taxonomy":"product_cat","embeddable":true,"href":"https:\/\/cultivers.es\/pt-pt\/wp-json\/wp\/v2\/product_cat?post=38862"},{"taxonomy":"product_tag","embeddable":true,"href":"https:\/\/cultivers.es\/pt-pt\/wp-json\/wp\/v2\/product_tag?post=38862"}],"curies":[{"name":"wp","href":"https:\/\/api.w.org\/{rel}","templated":true}]}}