{"id":38863,"date":"2024-08-23T12:21:32","date_gmt":"2024-08-23T12:21:32","guid":{"rendered":"https:\/\/cultivers.es\/abonos\/sementes-de-girassol-sunset-sementes-de-girassol-biologicas-demeter\/"},"modified":"2025-09-22T05:46:23","modified_gmt":"2025-09-22T05:46:23","slug":"sementes-de-girassol-sunset-sementes-de-girassol-biologicas-demeter","status":"publish","type":"product","link":"https:\/\/cultivers.es\/pt-pt\/fertilizantes\/sementes-de-girassol-sunset-sementes-de-girassol-biologicas-demeter\/","title":{"rendered":"Semente de Girassol Sunset Biodin\u00e2mica Demeter"},"content":{"rendered":"","protected":false},"excerpt":{"rendered":"<p>As sementes de girassol Demeter Organic Sunset permitem-te cultivar uma variedade espetacular de girassol, conhecida pelas suas flores grandes e vibrantes de cor laranja e vermelha que evocam o calor de um p\u00f4r do sol. Esta variedade n\u00e3o s\u00f3 embeleza o teu jardim, como tamb\u00e9m \u00e9 excelente para atrair polinizadores, como abelhas e borboletas, que beneficiam a biodiversidade do teu espa\u00e7o verde. <\/p>\n<ul>\n<li><strong>Flora\u00e7\u00e3o espetacular:<\/strong> Os girass\u00f3is Sunset s\u00e3o conhecidos pelas suas flores m\u00e9dias a grandes, com p\u00e9talas em tons que v\u00e3o do laranja ao vermelho, criando um efeito visual deslumbrante. S\u00e3o perfeitos para bordaduras de jardim, como flores de corte ou simplesmente para apreciares a sua beleza natural. <\/li>\n<li>Atrai <strong>polinizadores:<\/strong> Esta variedade \u00e9 ideal para atrair abelhas, borboletas e outros polinizadores essenciais para um jardim saud\u00e1vel e produtivo. O seu n\u00e9ctar abundante contribui para o bem-estar do ecossistema do teu jardim. <\/li>\n<li><strong>F\u00e1cil de cultivar:<\/strong> Os girass\u00f3is Sunset s\u00e3o plantas resistentes e de crescimento r\u00e1pido que se adaptam bem a diferentes tipos de solo e condi\u00e7\u00f5es clim\u00e1ticas, desde que recebam luz solar suficiente. S\u00e3o ideais tanto para principiantes como para jardineiros experientes. <\/li>\n<li><strong>Altura moderada:<\/strong> Ao contr\u00e1rio de outras variedades de girassol, o Sunset atinge uma altura moderada, tornando-o adequado para jardins de todos os tamanhos, incluindo aqueles com espa\u00e7o limitado.<\/li>\n<li><strong>Certifica\u00e7\u00e3o Demeter:<\/strong> Estas sementes t\u00eam certifica\u00e7\u00e3o org\u00e2nica Demeter, o que garante os mais elevados padr\u00f5es de agricultura biodin\u00e2mica. Ao plantar estas sementes, est\u00e1s a contribuir para um cultivo sustent\u00e1vel e amigo do ambiente. <\/li>\n<\/ul>\n<p>Transforma o teu jardim num espet\u00e1culo de cor com Demeter Organic Sunset Sunflower Seeds. Desfruta de flores radiantes que n\u00e3o s\u00f3 embelezam o teu espa\u00e7o, como tamb\u00e9m apoiam a biodiversidade e o equil\u00edbrio natural do teu jardim. Encomenda hoje e d\u00e1 um toque de sol e vitalidade ao teu jardim!  <\/p>\n","protected":false},"featured_media":32341,"comment_status":"open","ping_status":"closed","template":"","meta":{"_acf_changed":false},"product_brand":[],"product_cat":[1269,498,427],"product_tag":[1270],"class_list":{"0":"post-38863","1":"product","2":"type-product","3":"status-publish","4":"has-post-thumbnail","6":"product_cat-sementes-de-demeter","7":"product_cat-sementes-de-flores-comestiveis-organicas","8":"product_cat-sementes-organicas-2","9":"product_tag-demeter-pt-pt","11":"first","12":"instock","13":"sale","14":"taxable","15":"shipping-taxable","16":"purchasable","17":"product-type-variable"},"acf":[],"_links":{"self":[{"href":"https:\/\/cultivers.es\/pt-pt\/wp-json\/wp\/v2\/product\/38863","targetHints":{"allow":["GET"]}}],"collection":[{"href":"https:\/\/cultivers.es\/pt-pt\/wp-json\/wp\/v2\/product"}],"about":[{"href":"https:\/\/cultivers.es\/pt-pt\/wp-json\/wp\/v2\/types\/product"}],"replies":[{"embeddable":true,"href":"https:\/\/cultivers.es\/pt-pt\/wp-json\/wp\/v2\/comments?post=38863"}],"wp:featuredmedia":[{"embeddable":true,"href":"https:\/\/cultivers.es\/pt-pt\/wp-json\/wp\/v2\/media\/32341"}],"wp:attachment":[{"href":"https:\/\/cultivers.es\/pt-pt\/wp-json\/wp\/v2\/media?parent=38863"}],"wp:term":[{"taxonomy":"product_brand","embeddable":true,"href":"https:\/\/cultivers.es\/pt-pt\/wp-json\/wp\/v2\/product_brand?post=38863"},{"taxonomy":"product_cat","embeddable":true,"href":"https:\/\/cultivers.es\/pt-pt\/wp-json\/wp\/v2\/product_cat?post=38863"},{"taxonomy":"product_tag","embeddable":true,"href":"https:\/\/cultivers.es\/pt-pt\/wp-json\/wp\/v2\/product_tag?post=38863"}],"curies":[{"name":"wp","href":"https:\/\/api.w.org\/{rel}","templated":true}]}}