{"id":38899,"date":"2024-09-11T13:36:20","date_gmt":"2024-09-11T13:36:20","guid":{"rendered":"https:\/\/cultivers.es\/abonos\/sementes-de-salsa-musgo-enrolado\/"},"modified":"2026-02-06T16:09:22","modified_gmt":"2026-02-06T16:09:22","slug":"sementes-de-salsa-musgo-enrolado","status":"publish","type":"product","link":"https:\/\/cultivers.es\/pt-pt\/fertilizantes\/sementes-de-salsa-musgo-enrolado\/","title":{"rendered":"Sementes de salsa musgo enrolado"},"content":{"rendered":"","protected":false},"excerpt":{"rendered":"<p>D\u00e1 um toque de frescura e sofistica\u00e7\u00e3o ao teu jardim com as nossas Sementes de Salsa Org\u00e2nica Moss Curled. Esta variedade de salsa \u00e9 conhecida pelas suas folhas densamente enroladas, de um verde profundo, que n\u00e3o s\u00f3 d\u00e3o um sabor fresco e ligeiramente picante aos teus pratos, como tamb\u00e9m s\u00e3o decorativas em qualquer jardim ou cozinha. \u00c9 perfeita para saladas, guarni\u00e7\u00f5es ou como ingrediente em molhos e sopas.  <\/p>\n<ul>\n<li><strong>Folhas finamente onduladas:<\/strong> A salsa musgosa ondulada \u00e9 famosa pela sua folhagem verde brilhante e densamente ondulada, ideal para guarnecer os teus pratos ou utilizada fresca em saladas, sopas, guisados e molhos.<\/li>\n<li><strong>Sabor fresco e vers\u00e1til:<\/strong> O seu sabor fresco e ligeiramente picante torna-o o complemento perfeito para uma variedade de pratos. \u00c9 tamb\u00e9m uma fonte rica em vitamina C, A e K, proporcionando importantes benef\u00edcios nutricionais. <\/li>\n<li><strong>Crescimento r\u00e1pido e f\u00e1cil:<\/strong> Esta variedade \u00e9 f\u00e1cil de cultivar e cresce rapidamente numa grande variedade de climas e solos. Ideal tanto para principiantes como para jardineiros mais experientes. <\/li>\n<li><strong>Planta decorativa:<\/strong> Al\u00e9m de ser um ingrediente essencial na cozinha, a salsa musgosa enrolada \u00e9 uma planta atraente para jardins de ervas, canteiros de flores ou mesmo para vasos de varanda ou terra\u00e7o.<\/li>\n<li><strong>Cultivo org\u00e2nico:<\/strong> As nossas sementes s\u00e3o 100% org\u00e2nicas, cultivadas sem o uso de pesticidas ou fertilizantes qu\u00edmicos, o que garante um produto saud\u00e1vel e amigo do ambiente.<\/li>\n<\/ul>\n<p>Acrescenta sabor, frescura e eleg\u00e2ncia ao teu jardim e \u00e0 tua cozinha com as nossas sementes org\u00e2nicas de salsa musgosa enrolada - encomenda hoje e desfruta de uma colheita saud\u00e1vel e f\u00e1cil de cultivar, perfeita para qualquer prato! <\/p>\n","protected":false},"featured_media":33986,"comment_status":"open","ping_status":"closed","template":"","meta":{"_acf_changed":false},"product_brand":[],"product_cat":[737,427],"product_tag":[1578],"woo-feed-brand":[],"class_list":{"0":"post-38899","1":"product","2":"type-product","3":"status-publish","4":"has-post-thumbnail","6":"product_cat-sementes-aromaticas-biologicas","7":"product_cat-sementes-organicas-2","8":"product_tag-eco","10":"first","11":"instock","12":"taxable","13":"shipping-taxable","14":"purchasable","15":"product-type-simple"},"acf":[],"_links":{"self":[{"href":"https:\/\/cultivers.es\/pt-pt\/wp-json\/wp\/v2\/product\/38899","targetHints":{"allow":["GET"]}}],"collection":[{"href":"https:\/\/cultivers.es\/pt-pt\/wp-json\/wp\/v2\/product"}],"about":[{"href":"https:\/\/cultivers.es\/pt-pt\/wp-json\/wp\/v2\/types\/product"}],"replies":[{"embeddable":true,"href":"https:\/\/cultivers.es\/pt-pt\/wp-json\/wp\/v2\/comments?post=38899"}],"wp:featuredmedia":[{"embeddable":true,"href":"https:\/\/cultivers.es\/pt-pt\/wp-json\/wp\/v2\/media\/33986"}],"wp:attachment":[{"href":"https:\/\/cultivers.es\/pt-pt\/wp-json\/wp\/v2\/media?parent=38899"}],"wp:term":[{"taxonomy":"product_brand","embeddable":true,"href":"https:\/\/cultivers.es\/pt-pt\/wp-json\/wp\/v2\/product_brand?post=38899"},{"taxonomy":"product_cat","embeddable":true,"href":"https:\/\/cultivers.es\/pt-pt\/wp-json\/wp\/v2\/product_cat?post=38899"},{"taxonomy":"product_tag","embeddable":true,"href":"https:\/\/cultivers.es\/pt-pt\/wp-json\/wp\/v2\/product_tag?post=38899"},{"taxonomy":"woo-feed-brand","embeddable":true,"href":"https:\/\/cultivers.es\/pt-pt\/wp-json\/wp\/v2\/woo-feed-brand?post=38899"}],"curies":[{"name":"wp","href":"https:\/\/api.w.org\/{rel}","templated":true}]}}