{"id":38900,"date":"2024-09-11T13:42:12","date_gmt":"2024-09-11T13:42:12","guid":{"rendered":"https:\/\/cultivers.es\/abonos\/couve-flor-di-sicilia-violetto-sementes-biologicas\/"},"modified":"2025-09-22T04:52:51","modified_gmt":"2025-09-22T04:52:51","slug":"couve-flor-di-sicilia-violetto-sementes-biologicas","status":"publish","type":"product","link":"https:\/\/cultivers.es\/pt-pt\/fertilizantes\/couve-flor-di-sicilia-violetto-sementes-biologicas\/","title":{"rendered":"Sementes de couve-flor Di Sicilia Violetto"},"content":{"rendered":"","protected":false},"excerpt":{"rendered":"<p>Acrescenta um toque de cor vibrante e um sabor delicioso ao teu jardim com as nossas sementes de couve-flor Di Sicilia Violetto org\u00e2nicas. Esta variedade tradicional italiana distingue-se pelas suas impressionantes cabe\u00e7as violetas e pelo seu sabor delicado, perfeito para uma variedade de pratos. Para al\u00e9m da sua beleza visual, a couve-flor Di Sicilia Violetto \u00e9 rica em nutrientes, o que a torna uma escolha saud\u00e1vel e nutritiva para o teu jardim.  <\/p>\n<ul>\n<li><strong>Cor violeta chocante:<\/strong> Esta variedade de couve-flor caracteriza-se pelas suas cabe\u00e7as violetas profundas, que n\u00e3o s\u00f3 s\u00e3o atraentes no jardim, como tamb\u00e9m d\u00e3o um toque especial aos teus pratos.<\/li>\n<li><strong>Sabor suave e delicado:<\/strong> A couve-flor Di Sicilia Violetto oferece um sabor mais suave e doce em compara\u00e7\u00e3o com outras variedades de couve-flor, tornando-a ideal para saladas, pratos a vapor, guisados e salteados.<\/li>\n<li><strong>Rica em antioxidantes:<\/strong> Gra\u00e7as \u00e0 sua cor violeta, esta couve-flor \u00e9 rica em antocianinas, antioxidantes que ajudam a combater o stress oxidativo e a promover a sa\u00fade.<\/li>\n<li><strong>F\u00e1cil de cultivar:<\/strong> Esta variedade \u00e9 resistente e adapta-se bem a uma variedade de climas e solos, o que a torna ideal para jardineiros de todos os n\u00edveis de experi\u00eancia.<\/li>\n<li><strong>Cultivo org\u00e2nico:<\/strong> As nossas sementes de couve-flor Di Sicilia Violetto s\u00e3o 100% org\u00e2nicas, garantindo um cultivo livre de pesticidas e produtos qu\u00edmicos, respeitoso com o ambiente e ben\u00e9fico para a tua sa\u00fade.<\/li>\n<\/ul>\n<p>D\u00e1 cor, sabor e sa\u00fade ao teu jardim com as nossas sementes org\u00e2nicas de couve-flor Di Sicilia Violetto. Desfruta de uma colheita bonita e nutritiva enquanto cultivas de forma sustent\u00e1vel - encomenda hoje e leva a tradi\u00e7\u00e3o italiana ao teu jardim e \u00e0 tua mesa!  <\/p>\n","protected":false},"featured_media":33993,"comment_status":"open","ping_status":"closed","template":"","meta":{"_acf_changed":false},"product_brand":[],"product_cat":[428,427],"product_tag":[1578],"class_list":{"0":"post-38900","1":"product","2":"type-product","3":"status-publish","4":"has-post-thumbnail","6":"product_cat-sementes-de-brassicas-biologicas","7":"product_cat-sementes-organicas-2","8":"product_tag-eco","10":"first","11":"instock","12":"taxable","13":"shipping-taxable","14":"purchasable","15":"product-type-simple"},"acf":[],"_links":{"self":[{"href":"https:\/\/cultivers.es\/pt-pt\/wp-json\/wp\/v2\/product\/38900","targetHints":{"allow":["GET"]}}],"collection":[{"href":"https:\/\/cultivers.es\/pt-pt\/wp-json\/wp\/v2\/product"}],"about":[{"href":"https:\/\/cultivers.es\/pt-pt\/wp-json\/wp\/v2\/types\/product"}],"replies":[{"embeddable":true,"href":"https:\/\/cultivers.es\/pt-pt\/wp-json\/wp\/v2\/comments?post=38900"}],"wp:featuredmedia":[{"embeddable":true,"href":"https:\/\/cultivers.es\/pt-pt\/wp-json\/wp\/v2\/media\/33993"}],"wp:attachment":[{"href":"https:\/\/cultivers.es\/pt-pt\/wp-json\/wp\/v2\/media?parent=38900"}],"wp:term":[{"taxonomy":"product_brand","embeddable":true,"href":"https:\/\/cultivers.es\/pt-pt\/wp-json\/wp\/v2\/product_brand?post=38900"},{"taxonomy":"product_cat","embeddable":true,"href":"https:\/\/cultivers.es\/pt-pt\/wp-json\/wp\/v2\/product_cat?post=38900"},{"taxonomy":"product_tag","embeddable":true,"href":"https:\/\/cultivers.es\/pt-pt\/wp-json\/wp\/v2\/product_tag?post=38900"}],"curies":[{"name":"wp","href":"https:\/\/api.w.org\/{rel}","templated":true}]}}