{"id":38908,"date":"2024-09-11T13:46:21","date_gmt":"2024-09-11T13:46:21","guid":{"rendered":"https:\/\/cultivers.es\/abonos\/sementes-de-pimenta-organica-sucette-de-provence\/"},"modified":"2025-09-22T04:52:56","modified_gmt":"2025-09-22T04:52:56","slug":"sementes-de-pimenta-organica-sucette-de-provence","status":"publish","type":"product","link":"https:\/\/cultivers.es\/pt-pt\/fertilizantes\/sementes-de-pimenta-organica-sucette-de-provence\/","title":{"rendered":"Sementes de pimenta Sucette de Provence"},"content":{"rendered":"","protected":false},"excerpt":{"rendered":"<p>Desfruta do aut\u00eantico sabor mediterr\u00e2nico com as nossas sementes de pimento org\u00e2nico Sucette de Provence. Esta variedade tradicional proven\u00e7al distingue-se pela sua forma alongada e pela sua cor vibrante, que vai do verde ao vermelho profundo \u00e0 medida que amadurece. Com um sabor doce e ligeiramente picante, o pimento Sucette de Provence \u00e9 ideal para assar, rechear ou saborear fresco em saladas.  <\/p>\n<ul>\n<li><strong>Sabor doce com um toque picante:<\/strong> Os pimentos Sucette de Provence s\u00e3o conhecidos pelo seu sabor doce e ligeiramente picante, o que os torna perfeitos para uma grande variedade de prepara\u00e7\u00f5es culin\u00e1rias, desde assados a guisados e saladas frescas.<\/li>\n<li><strong>Cor vibrante e atractiva:<\/strong> \u00c0 medida que amadurece, este pimento passa de verde brilhante a vermelho intenso, o que o torna um atrativo tanto no jardim como na cozinha.<\/li>\n<li><strong>Vers\u00e1teis na cozinha:<\/strong> Gra\u00e7as ao seu sabor e textura, estes pimentos s\u00e3o perfeitos para assar, rechear com ingredientes salgados ou adicionar crus a saladas e pratos frescos. S\u00e3o apreciados pela sua do\u00e7ura e ligeiro picante. <\/li>\n<li><strong>F\u00e1cil de cultivar:<\/strong> Esta variedade \u00e9 resistente e f\u00e1cil de cultivar numa grande variedade de climas e solos, o que a torna ideal para jardineiros de todos os n\u00edveis. Adapta-se bem tanto a hortas como a vasos em terra\u00e7os ou varandas. <\/li>\n<li><strong>Cultivo Org\u00e2nico:<\/strong> As nossas sementes s\u00e3o 100% org\u00e2nicas, garantindo um cultivo natural, sem pesticidas ou produtos qu\u00edmicos, promovendo um ambiente saud\u00e1vel para a tua horta e para os teus alimentos.<\/li>\n<\/ul>\n<p>D\u00e1 um toque aut\u00eantico do Mediterr\u00e2neo ao teu jardim com as sementes de pimento org\u00e2nico Sucette de Provence. Desfruta do seu sabor doce e ligeiramente picante numa variedade de pratos, enquanto cultivas de uma forma amiga do ambiente - encomenda hoje e come\u00e7a a desfrutar do aut\u00eantico sabor proven\u00e7al na tua cozinha!  <\/p>\n","protected":false},"featured_media":34000,"comment_status":"open","ping_status":"closed","template":"","meta":{"_acf_changed":false},"product_brand":[],"product_cat":[429,427],"product_tag":[1578],"class_list":{"0":"post-38908","1":"product","2":"type-product","3":"status-publish","4":"has-post-thumbnail","6":"product_cat-sementes-de-frutas-e-legumes-biologicos","7":"product_cat-sementes-organicas-2","8":"product_tag-eco","10":"first","11":"instock","12":"taxable","13":"shipping-taxable","14":"purchasable","15":"product-type-simple"},"acf":[],"_links":{"self":[{"href":"https:\/\/cultivers.es\/pt-pt\/wp-json\/wp\/v2\/product\/38908","targetHints":{"allow":["GET"]}}],"collection":[{"href":"https:\/\/cultivers.es\/pt-pt\/wp-json\/wp\/v2\/product"}],"about":[{"href":"https:\/\/cultivers.es\/pt-pt\/wp-json\/wp\/v2\/types\/product"}],"replies":[{"embeddable":true,"href":"https:\/\/cultivers.es\/pt-pt\/wp-json\/wp\/v2\/comments?post=38908"}],"wp:featuredmedia":[{"embeddable":true,"href":"https:\/\/cultivers.es\/pt-pt\/wp-json\/wp\/v2\/media\/34000"}],"wp:attachment":[{"href":"https:\/\/cultivers.es\/pt-pt\/wp-json\/wp\/v2\/media?parent=38908"}],"wp:term":[{"taxonomy":"product_brand","embeddable":true,"href":"https:\/\/cultivers.es\/pt-pt\/wp-json\/wp\/v2\/product_brand?post=38908"},{"taxonomy":"product_cat","embeddable":true,"href":"https:\/\/cultivers.es\/pt-pt\/wp-json\/wp\/v2\/product_cat?post=38908"},{"taxonomy":"product_tag","embeddable":true,"href":"https:\/\/cultivers.es\/pt-pt\/wp-json\/wp\/v2\/product_tag?post=38908"}],"curies":[{"name":"wp","href":"https:\/\/api.w.org\/{rel}","templated":true}]}}