{"id":38909,"date":"2024-09-11T13:51:24","date_gmt":"2024-09-11T13:51:24","guid":{"rendered":"https:\/\/cultivers.es\/abonos\/sementes-de-ervas-brancas-organicas\/"},"modified":"2025-09-22T04:51:25","modified_gmt":"2025-09-22T04:51:25","slug":"sementes-de-ervas-brancas-organicas","status":"publish","type":"product","link":"https:\/\/cultivers.es\/pt-pt\/fertilizantes\/sementes-de-ervas-brancas-organicas\/","title":{"rendered":"Sementes de ervas brancas org\u00e2nicas"},"content":{"rendered":"","protected":false},"excerpt":{"rendered":"<p>Transforma o teu jardim ou a tua horta com as nossas sementes org\u00e2nicas de ervas-de-cabecinha-branca. Esta planta perene \u00e9 conhecida pelas suas delicadas flores brancas e pela sua capacidade de atrair polinizadores como abelhas e borboletas, aumentando a biodiversidade do teu espa\u00e7o verde. Ideal para jardins naturais e prados floridos, a erva-de-vaca branca \u00e9 apreciada tanto pelo seu valor ornamental como pela sua contribui\u00e7\u00e3o ecol\u00f3gica.  <\/p>\n<ul>\n<li><strong>Flores brancas delicadas:<\/strong> A White Cowherb produz pequenas flores brancas que d\u00e3o um toque suave e natural a qualquer jardim, criando uma atmosfera calma e convidativa.<\/li>\n<li>Atrai <strong>polinizadores:<\/strong> Esta planta \u00e9 excelente para atrair abelhas, borboletas e outros polinizadores, o que contribui para manter a biodiversidade e a sa\u00fade ecol\u00f3gica do teu jardim ou pomar.<\/li>\n<li><strong>F\u00e1cil de cultivar:<\/strong> o xer\u00e9m branco \u00e9 uma planta perene resistente que se adapta bem a diferentes tipos de solo e condi\u00e7\u00f5es clim\u00e1ticas. \u00c9 ideal para jardins de baixa manuten\u00e7\u00e3o, prados naturais ou canteiros de flores. <\/li>\n<li><strong>Ideal para jardins selvagens:<\/strong> O seu crescimento natural e pouco exigente torna-a uma excelente op\u00e7\u00e3o para jardins selvagens ou zonas de cobertura vegetal, onde a sua presen\u00e7a melhora o ecossistema.<\/li>\n<li><strong>Cultivo org\u00e2nico:<\/strong> As nossas sementes s\u00e3o 100% org\u00e2nicas, assegurando que o teu jardim \u00e9 mantido livre de pesticidas e qu\u00edmicos, promovendo um cultivo amigo do ambiente.<\/li>\n<\/ul>\n<p>D\u00e1 vida e biodiversidade ao teu jardim ou horta com as sementes org\u00e2nicas de erva de vaca branca. Atraente, f\u00e1cil de cultivar e ben\u00e9fica para o ambiente, esta planta ser\u00e1 um \u00f3timo complemento para o teu espa\u00e7o natural - encomenda hoje e come\u00e7a a desfrutar de um jardim ecol\u00f3gico cheio de vida!  <\/p>\n","protected":false},"featured_media":34007,"comment_status":"open","ping_status":"closed","template":"","meta":{"_acf_changed":false},"product_brand":[],"product_cat":[495,427],"product_tag":[1578],"class_list":{"0":"post-38909","1":"product","2":"type-product","3":"status-publish","4":"has-post-thumbnail","6":"product_cat-sementes-de-flores-organicas","7":"product_cat-sementes-organicas-2","8":"product_tag-eco","10":"first","11":"instock","12":"taxable","13":"shipping-taxable","14":"purchasable","15":"product-type-simple"},"acf":[],"_links":{"self":[{"href":"https:\/\/cultivers.es\/pt-pt\/wp-json\/wp\/v2\/product\/38909","targetHints":{"allow":["GET"]}}],"collection":[{"href":"https:\/\/cultivers.es\/pt-pt\/wp-json\/wp\/v2\/product"}],"about":[{"href":"https:\/\/cultivers.es\/pt-pt\/wp-json\/wp\/v2\/types\/product"}],"replies":[{"embeddable":true,"href":"https:\/\/cultivers.es\/pt-pt\/wp-json\/wp\/v2\/comments?post=38909"}],"wp:featuredmedia":[{"embeddable":true,"href":"https:\/\/cultivers.es\/pt-pt\/wp-json\/wp\/v2\/media\/34007"}],"wp:attachment":[{"href":"https:\/\/cultivers.es\/pt-pt\/wp-json\/wp\/v2\/media?parent=38909"}],"wp:term":[{"taxonomy":"product_brand","embeddable":true,"href":"https:\/\/cultivers.es\/pt-pt\/wp-json\/wp\/v2\/product_brand?post=38909"},{"taxonomy":"product_cat","embeddable":true,"href":"https:\/\/cultivers.es\/pt-pt\/wp-json\/wp\/v2\/product_cat?post=38909"},{"taxonomy":"product_tag","embeddable":true,"href":"https:\/\/cultivers.es\/pt-pt\/wp-json\/wp\/v2\/product_tag?post=38909"}],"curies":[{"name":"wp","href":"https:\/\/api.w.org\/{rel}","templated":true}]}}