{"id":38918,"date":"2024-09-12T13:30:06","date_gmt":"2024-09-12T13:30:06","guid":{"rendered":"https:\/\/cultivers.es\/abonos\/sementes-de-funcho-geant-mammouth-perfection-organic-fennel-seeds\/"},"modified":"2025-09-22T04:53:00","modified_gmt":"2025-09-22T04:53:00","slug":"sementes-de-funcho-geant-mammouth-perfection-organic-fennel-seeds","status":"publish","type":"product","link":"https:\/\/cultivers.es\/pt-pt\/fertilizantes\/sementes-de-funcho-geant-mammouth-perfection-organic-fennel-seeds\/","title":{"rendered":"Sementes de funcho G\u00e9ant Mammouth Perfection"},"content":{"rendered":"","protected":false},"excerpt":{"rendered":"<p>D\u00e1 um toque de frescura e de distin\u00e7\u00e3o ao teu jardim com as nossas sementes de funcho biol\u00f3gico G\u00e9ant Mammouth Perfection. Esta variedade de funcho caracteriza-se pelos seus grandes bolbos, com uma textura crocante e um sabor a anis, ideal para uma grande variedade de prepara\u00e7\u00f5es culin\u00e1rias. Cultiva funchos de tamanho extraordin\u00e1rio e desfruta-os em saladas, guisados ou assados para deliciares o teu paladar com o seu aroma delicado e sabor requintado.  <\/p>\n<ul>\n<li><strong>Tamanho extraordin\u00e1rio:<\/strong> o funcho G\u00e9ant Mammouth Perfection distingue-se pelos seus bolbos grandes, perfeitos para quem procura um funcho robusto e produtivo, que se destaca tanto no jardim como na cozinha.<\/li>\n<li><strong>Sabor suave e anisado:<\/strong> O seu sabor delicado a anis torna-o um ingrediente vers\u00e1til para saladas frescas, pratos grelhados ou gratinados. A sua textura estaladi\u00e7a e o seu aroma fresco tornam-no indispens\u00e1vel na cozinha mediterr\u00e2nica. <\/li>\n<li><strong>F\u00e1cil de cultivar:<\/strong> Esta variedade de funcho \u00e9 resistente e f\u00e1cil de cultivar numa variedade de climas e solos, o que a torna ideal para principiantes e jardineiros avan\u00e7ados. Requer uma rega moderada e uma boa drenagem. <\/li>\n<li><strong>Rico em nutrientes:<\/strong> O funcho \u00e9 uma excelente fonte de fibra, vitamina C, pot\u00e1ssio e antioxidantes, o que faz dele um alimento saud\u00e1vel e nutritivo para inclu\u00edres na tua dieta di\u00e1ria.<\/li>\n<li><strong>Cultivo org\u00e2nico:<\/strong> As nossas sementes s\u00e3o 100% org\u00e2nicas, o que garante que o teu funcho cresce sem pesticidas ou fertilizantes qu\u00edmicos, promovendo uma alimenta\u00e7\u00e3o saud\u00e1vel e um jardim sustent\u00e1vel.<\/li>\n<\/ul>\n<p>Cultiva funcho grande e excecionalmente saboroso com as nossas sementes de funcho org\u00e2nico G\u00e9ant Mammouth Perfection. Acrescenta frescura e nutri\u00e7\u00e3o \u00e0 tua mesa com este legume vers\u00e1til - encomenda hoje e desfruta de uma colheita saud\u00e1vel e abundante da tua horta biol\u00f3gica!  <\/p>\n","protected":false},"featured_media":34033,"comment_status":"open","ping_status":"closed","template":"","meta":{"_acf_changed":false},"product_brand":[],"product_cat":[439,427],"product_tag":[1578],"class_list":{"0":"post-38918","1":"product","2":"type-product","3":"status-publish","4":"has-post-thumbnail","6":"product_cat-sementes-de-raizes-organicas","7":"product_cat-sementes-organicas-2","8":"product_tag-eco","10":"first","11":"instock","12":"sale","13":"taxable","14":"shipping-taxable","15":"purchasable","16":"product-type-simple"},"acf":[],"_links":{"self":[{"href":"https:\/\/cultivers.es\/pt-pt\/wp-json\/wp\/v2\/product\/38918","targetHints":{"allow":["GET"]}}],"collection":[{"href":"https:\/\/cultivers.es\/pt-pt\/wp-json\/wp\/v2\/product"}],"about":[{"href":"https:\/\/cultivers.es\/pt-pt\/wp-json\/wp\/v2\/types\/product"}],"replies":[{"embeddable":true,"href":"https:\/\/cultivers.es\/pt-pt\/wp-json\/wp\/v2\/comments?post=38918"}],"wp:featuredmedia":[{"embeddable":true,"href":"https:\/\/cultivers.es\/pt-pt\/wp-json\/wp\/v2\/media\/34033"}],"wp:attachment":[{"href":"https:\/\/cultivers.es\/pt-pt\/wp-json\/wp\/v2\/media?parent=38918"}],"wp:term":[{"taxonomy":"product_brand","embeddable":true,"href":"https:\/\/cultivers.es\/pt-pt\/wp-json\/wp\/v2\/product_brand?post=38918"},{"taxonomy":"product_cat","embeddable":true,"href":"https:\/\/cultivers.es\/pt-pt\/wp-json\/wp\/v2\/product_cat?post=38918"},{"taxonomy":"product_tag","embeddable":true,"href":"https:\/\/cultivers.es\/pt-pt\/wp-json\/wp\/v2\/product_tag?post=38918"}],"curies":[{"name":"wp","href":"https:\/\/api.w.org\/{rel}","templated":true}]}}