{"id":38919,"date":"2024-09-12T11:59:05","date_gmt":"2024-09-12T11:59:05","guid":{"rendered":"https:\/\/cultivers.es\/abonos\/corno-di-toro-giallo-sementes-de-pimenta-biologica\/"},"modified":"2025-09-22T04:52:59","modified_gmt":"2025-09-22T04:52:59","slug":"corno-di-toro-giallo-sementes-de-pimenta-biologica","status":"publish","type":"product","link":"https:\/\/cultivers.es\/pt-pt\/fertilizantes\/corno-di-toro-giallo-sementes-de-pimenta-biologica\/","title":{"rendered":"Sementes de pimenta Corno di Toro Giallo"},"content":{"rendered":"","protected":false},"excerpt":{"rendered":"<p>Cultiva uma variedade tradicional italiana com as nossas sementes de pimento org\u00e2nico Corno di Toro Giallo. Conhecido pela sua forma alongada e curva, semelhante a um corno de touro, e pela sua cor amarela vibrante, este pimento \u00e9 conhecido pelo seu sabor doce e suave. Perfeito para assar, rechear ou saborear fresco em saladas, o pimento Corno di Toro Giallo \u00e9 uma escolha deliciosa e vers\u00e1til para a tua horta biol\u00f3gica.  <\/p>\n<ul>\n<li><strong>Sabor doce e suave:<\/strong> Este pimento caracteriza-se pelo seu sabor doce e ligeiramente frutado, ideal para assar, grelhar, rechear ou saborear cru em saladas. A sua textura \u00e9 tenra e a sua polpa \u00e9 sumarenta. <\/li>\n<li><strong>Forma e cor atractivas:<\/strong> O pimento Corno di Toro Giallo tem uma forma alongada e curvada e a sua cor amarela viva d\u00e1 um toque de cor vibrante tanto no jardim como na cozinha.<\/li>\n<li><strong>Alta Produtividade:<\/strong> Esta planta \u00e9 vigorosa e produz grandes quantidades de pimentos durante toda a esta\u00e7\u00e3o, oferecendo uma colheita abundante para m\u00faltiplos usos culin\u00e1rios.<\/li>\n<li><strong>F\u00e1cil de cultivar:<\/strong> \u00c9 uma variedade resistente e f\u00e1cil de cultivar, ideal para jardineiros principiantes e experientes. Adapta-se bem a diferentes climas e tipos de solo, e pode ser cultivada em hortas ou vasos. <\/li>\n<li><strong>Cultivo org\u00e2nico:<\/strong> As nossas sementes s\u00e3o 100% org\u00e2nicas, garantindo uma colheita livre de pesticidas e qu\u00edmicos, o que promove a sa\u00fade da tua horta e da tua fam\u00edlia.<\/li>\n<\/ul>\n<p>Enche o teu jardim de cor e do\u00e7ura com as sementes de pimento org\u00e2nico Corno di Toro Giallo. Desfruta de uma colheita abundante de pimentos deliciosos e saud\u00e1veis, cultivados de forma sustent\u00e1vel - encomenda hoje e leva o melhor de It\u00e1lia para o teu jardim e para a tua mesa!  <\/p>\n","protected":false},"featured_media":34025,"comment_status":"open","ping_status":"closed","template":"","meta":{"_acf_changed":false},"product_brand":[],"product_cat":[429,427],"product_tag":[1578],"class_list":{"0":"post-38919","1":"product","2":"type-product","3":"status-publish","4":"has-post-thumbnail","6":"product_cat-sementes-de-frutas-e-legumes-biologicos","7":"product_cat-sementes-organicas-2","8":"product_tag-eco","10":"first","11":"instock","12":"taxable","13":"shipping-taxable","14":"purchasable","15":"product-type-simple"},"acf":[],"_links":{"self":[{"href":"https:\/\/cultivers.es\/pt-pt\/wp-json\/wp\/v2\/product\/38919","targetHints":{"allow":["GET"]}}],"collection":[{"href":"https:\/\/cultivers.es\/pt-pt\/wp-json\/wp\/v2\/product"}],"about":[{"href":"https:\/\/cultivers.es\/pt-pt\/wp-json\/wp\/v2\/types\/product"}],"replies":[{"embeddable":true,"href":"https:\/\/cultivers.es\/pt-pt\/wp-json\/wp\/v2\/comments?post=38919"}],"wp:featuredmedia":[{"embeddable":true,"href":"https:\/\/cultivers.es\/pt-pt\/wp-json\/wp\/v2\/media\/34025"}],"wp:attachment":[{"href":"https:\/\/cultivers.es\/pt-pt\/wp-json\/wp\/v2\/media?parent=38919"}],"wp:term":[{"taxonomy":"product_brand","embeddable":true,"href":"https:\/\/cultivers.es\/pt-pt\/wp-json\/wp\/v2\/product_brand?post=38919"},{"taxonomy":"product_cat","embeddable":true,"href":"https:\/\/cultivers.es\/pt-pt\/wp-json\/wp\/v2\/product_cat?post=38919"},{"taxonomy":"product_tag","embeddable":true,"href":"https:\/\/cultivers.es\/pt-pt\/wp-json\/wp\/v2\/product_tag?post=38919"}],"curies":[{"name":"wp","href":"https:\/\/api.w.org\/{rel}","templated":true}]}}