{"id":38952,"date":"2024-10-10T09:10:21","date_gmt":"2024-10-10T09:10:21","guid":{"rendered":"https:\/\/cultivers.es\/abonos\/catalogo-cultivers-2025\/"},"modified":"2025-09-22T04:51:39","modified_gmt":"2025-09-22T04:51:39","slug":"catalogo-cultivers-2025","status":"publish","type":"product","link":"https:\/\/cultivers.es\/pt-pt\/fertilizantes\/catalogo-cultivers-2025\/","title":{"rendered":"Cat\u00e1logo Cultivers 2025"},"content":{"rendered":"<p>&nbsp;<\/p>\n<div id=\"awebChromeHelper\"><\/div>\n","protected":false},"excerpt":{"rendered":"<h3>Cat\u00e1logo de pomares e jardins 2025<\/h3>\n<p>Descarrega o nosso cat\u00e1logo de <strong>fertilizantes e nutrientes 100% biol\u00f3gicos para jardim e horta.<\/strong> Encontra a melhor fertiliza\u00e7\u00e3o para garantir um crescimento \u00f3timo e saud\u00e1vel das tuas culturas.<\/p>\n","protected":false},"featured_media":35271,"comment_status":"open","ping_status":"closed","template":"","meta":{"_acf_changed":false},"product_brand":[],"product_cat":[1289],"product_tag":[],"woo-feed-brand":[],"class_list":{"0":"post-38952","1":"product","2":"type-product","3":"status-publish","4":"has-post-thumbnail","6":"product_cat-recursos-pt","8":"first","9":"instock","10":"downloadable","11":"virtual","12":"taxable","13":"purchasable","14":"product-type-simple"},"acf":[],"_links":{"self":[{"href":"https:\/\/cultivers.es\/pt-pt\/wp-json\/wp\/v2\/product\/38952","targetHints":{"allow":["GET"]}}],"collection":[{"href":"https:\/\/cultivers.es\/pt-pt\/wp-json\/wp\/v2\/product"}],"about":[{"href":"https:\/\/cultivers.es\/pt-pt\/wp-json\/wp\/v2\/types\/product"}],"replies":[{"embeddable":true,"href":"https:\/\/cultivers.es\/pt-pt\/wp-json\/wp\/v2\/comments?post=38952"}],"wp:featuredmedia":[{"embeddable":true,"href":"https:\/\/cultivers.es\/pt-pt\/wp-json\/wp\/v2\/media\/35271"}],"wp:attachment":[{"href":"https:\/\/cultivers.es\/pt-pt\/wp-json\/wp\/v2\/media?parent=38952"}],"wp:term":[{"taxonomy":"product_brand","embeddable":true,"href":"https:\/\/cultivers.es\/pt-pt\/wp-json\/wp\/v2\/product_brand?post=38952"},{"taxonomy":"product_cat","embeddable":true,"href":"https:\/\/cultivers.es\/pt-pt\/wp-json\/wp\/v2\/product_cat?post=38952"},{"taxonomy":"product_tag","embeddable":true,"href":"https:\/\/cultivers.es\/pt-pt\/wp-json\/wp\/v2\/product_tag?post=38952"},{"taxonomy":"woo-feed-brand","embeddable":true,"href":"https:\/\/cultivers.es\/pt-pt\/wp-json\/wp\/v2\/woo-feed-brand?post=38952"}],"curies":[{"name":"wp","href":"https:\/\/api.w.org\/{rel}","templated":true}]}}