{"id":38954,"date":"2024-09-26T13:36:23","date_gmt":"2024-09-26T13:36:23","guid":{"rendered":"https:\/\/cultivers.es\/abonos\/sementes-de-espinafres-organicos-da-nova-zelandia\/"},"modified":"2025-09-22T04:51:42","modified_gmt":"2025-09-22T04:51:42","slug":"sementes-de-espinafres-organicos-da-nova-zelandia","status":"publish","type":"product","link":"https:\/\/cultivers.es\/pt-pt\/fertilizantes\/sementes-de-espinafres-organicos-da-nova-zelandia\/","title":{"rendered":"Demeter Sementes de espinafres biodin\u00e2micos da Nova Zel\u00e2ndia"},"content":{"rendered":"","protected":false},"excerpt":{"rendered":"<p>Cultiva uma variedade nutritiva e resistente com as nossas sementes de espinafres org\u00e2nicos da Nova Zel\u00e2ndia. Esta planta \u00e9 perfeita para os meses mais quentes, uma vez que tolera bem o calor e n\u00e3o se transforma t\u00e3o rapidamente como outras variedades de espinafres. Com as suas folhas grossas e sabor suave, os espinafres da Nova Zel\u00e2ndia s\u00e3o ideais para saladas, guisados e salteados, dando um toque fresco e saud\u00e1vel aos teus pratos.  <\/p>\n<ul>\n<li><strong>Resistente ao calor:<\/strong> Ao contr\u00e1rio dos espinafres tradicionais, o espinafre da Nova Zel\u00e2ndia \u00e9 ideal para climas quentes, pois suporta temperaturas mais elevadas sem perder qualidade. \u00c9 perfeito para cultivar durante o ver\u00e3o. <\/li>\n<li><strong>Folhas grossas e saborosas:<\/strong> Esta variedade produz folhas carnudas e estaladi\u00e7as, com um sabor suave e ligeiramente adocicado, ideais para consumir cruas em saladas, bem como cozinhadas em refogados ou salteadas.<\/li>\n<li><strong>F\u00e1cil de cultivar:<\/strong> O espinafre-da-nova-zel\u00e2ndia \u00e9 de baixa manuten\u00e7\u00e3o e muito f\u00e1cil de cultivar numa grande variedade de solos e climas. \u00c9 uma planta rasteira que tamb\u00e9m pode crescer bem em vasos, tornando-a ideal para jardins urbanos. <\/li>\n<li><strong>Produ\u00e7\u00e3o cont\u00ednua:<\/strong> Uma vez estabelecida, esta planta oferece uma produ\u00e7\u00e3o cont\u00ednua de folhas, o que garante uma colheita abundante durante toda a esta\u00e7\u00e3o quente.<\/li>\n<li><strong>Cultivo org\u00e2nico:<\/strong> As nossas sementes s\u00e3o 100% org\u00e2nicas, livres de pesticidas e qu\u00edmicos, o que garante uma colheita saud\u00e1vel e amiga do ambiente.<\/li>\n<\/ul>\n<p>Desfruta da frescura e versatilidade dos espinafres da Nova Zel\u00e2ndia na tua horta biol\u00f3gica. Resistente, f\u00e1cil de cultivar e perfeita para climas quentes, esta variedade fornecer-te-\u00e1 folhas frescas e saud\u00e1veis durante toda a esta\u00e7\u00e3o. <\/p>\n","protected":false},"featured_media":34623,"comment_status":"open","ping_status":"closed","template":"","meta":{"_acf_changed":false},"product_brand":[],"product_cat":[1269,503,427],"product_tag":[1270],"class_list":{"0":"post-38954","1":"product","2":"type-product","3":"status-publish","4":"has-post-thumbnail","6":"product_cat-sementes-de-demeter","7":"product_cat-sementes-de-vegetais-de-folha-organicos","8":"product_cat-sementes-organicas-2","9":"product_tag-demeter-pt-pt","11":"first","12":"instock","13":"taxable","14":"shipping-taxable","15":"purchasable","16":"product-type-simple"},"acf":[],"_links":{"self":[{"href":"https:\/\/cultivers.es\/pt-pt\/wp-json\/wp\/v2\/product\/38954","targetHints":{"allow":["GET"]}}],"collection":[{"href":"https:\/\/cultivers.es\/pt-pt\/wp-json\/wp\/v2\/product"}],"about":[{"href":"https:\/\/cultivers.es\/pt-pt\/wp-json\/wp\/v2\/types\/product"}],"replies":[{"embeddable":true,"href":"https:\/\/cultivers.es\/pt-pt\/wp-json\/wp\/v2\/comments?post=38954"}],"wp:featuredmedia":[{"embeddable":true,"href":"https:\/\/cultivers.es\/pt-pt\/wp-json\/wp\/v2\/media\/34623"}],"wp:attachment":[{"href":"https:\/\/cultivers.es\/pt-pt\/wp-json\/wp\/v2\/media?parent=38954"}],"wp:term":[{"taxonomy":"product_brand","embeddable":true,"href":"https:\/\/cultivers.es\/pt-pt\/wp-json\/wp\/v2\/product_brand?post=38954"},{"taxonomy":"product_cat","embeddable":true,"href":"https:\/\/cultivers.es\/pt-pt\/wp-json\/wp\/v2\/product_cat?post=38954"},{"taxonomy":"product_tag","embeddable":true,"href":"https:\/\/cultivers.es\/pt-pt\/wp-json\/wp\/v2\/product_tag?post=38954"}],"curies":[{"name":"wp","href":"https:\/\/api.w.org\/{rel}","templated":true}]}}