{"id":38965,"date":"2024-10-14T07:07:10","date_gmt":"2024-10-14T07:07:10","guid":{"rendered":"https:\/\/cultivers.es\/abonos\/sementes-de-ervilha-doce-organicas-demeter\/"},"modified":"2025-09-22T05:46:53","modified_gmt":"2025-09-22T05:46:53","slug":"sementes-de-ervilha-doce-organicas-demeter","status":"publish","type":"product","link":"https:\/\/cultivers.es\/pt-pt\/fertilizantes\/sementes-de-ervilha-doce-organicas-demeter\/","title":{"rendered":"Sementes de Ervilha Sementes de Ervilha Doce Biodin\u00e2micas Demeter"},"content":{"rendered":"","protected":false},"excerpt":{"rendered":"<p>Traz beleza e aroma ao teu jardim com as nossas sementes de ervilha-de-cheiro org\u00e2nicas Demeter. Esta planta trepadeira, conhecida pelas suas flores de cores vibrantes e fragr\u00e2ncia inebriante, \u00e9 ideal para embelezar p\u00e9rgulas, cercas ou muros. A Ervilha Doce n\u00e3o s\u00f3 d\u00e1 cor e vida ao teu jardim, como tamb\u00e9m atrai polinizadores como abelhas e borboletas, ajudando a manter a biodiversidade no teu jardim. Com a certifica\u00e7\u00e3o Demeter, podes ter a certeza de que est\u00e1s a cultivar de uma forma ecol\u00f3gica e amiga do ambiente.   <\/p>\n<ul>\n<li><strong>Flores coloridas e perfumadas:<\/strong> A ervilha-de-cheiro produz uma explos\u00e3o de flores em v\u00e1rias cores, desde o roxo, rosa e branco at\u00e9 ao azul, todas com um aroma doce e delicado que encher\u00e1 o teu jardim de fragr\u00e2ncia.<\/li>\n<li><strong>Trepadeira ornamental:<\/strong> Esta planta \u00e9 perfeita para cobrir p\u00e9rgulas, treli\u00e7as, cercas ou muros, criando uma tela natural de cor e aroma. O seu crescimento r\u00e1pido torna-a uma escolha ideal para embelezar qualquer espa\u00e7o. <\/li>\n<li><strong>Atra\u00e7\u00e3o de polinizadores:<\/strong> A ervilha-de-cheiro \u00e9 uma excelente planta para atrair polinizadores, como abelhas e borboletas, o que promove a biodiversidade e ajuda a melhorar a poliniza\u00e7\u00e3o de outras culturas no teu jardim.<\/li>\n<li><strong>F\u00e1cil de cultivar:<\/strong> Esta variedade \u00e9 resistente e adapta-se bem a diferentes tipos de solo e climas. \u00c9 f\u00e1cil de cuidar, o que a torna adequada tanto para principiantes como para jardineiros experientes. <\/li>\n<li><strong>Certifica\u00e7\u00e3o Demeter:<\/strong> As nossas sementes s\u00e3o certificadas pela Demeter, o que garante que foram cultivadas segundo os princ\u00edpios da agricultura biodin\u00e2mica, promovendo um equil\u00edbrio natural e sustent\u00e1vel do ecossistema.<\/li>\n<li><strong>Cultivo org\u00e2nico:<\/strong> As sementes de ervilha-doce s\u00e3o 100% org\u00e2nicas, livres de pesticidas e qu\u00edmicos, o que garante uma colheita saud\u00e1vel e amiga do ambiente.<\/li>\n<\/ul>\n<p>Acrescenta cor, fragr\u00e2ncia e vida ao teu jardim com as sementes de ervilha-de-cheiro org\u00e2nicas Demeter. Desfruta das suas flores vibrantes e do seu aroma doce, promovendo a biodiversidade e crescendo de forma sustent\u00e1vel - encomenda hoje e transforma o teu jardim num para\u00edso de cor e fragr\u00e2ncia natural!  <\/p>\n","protected":false},"featured_media":35499,"comment_status":"open","ping_status":"closed","template":"","meta":{"_acf_changed":false},"product_brand":[],"product_cat":[1269,427],"product_tag":[1270],"class_list":{"0":"post-38965","1":"product","2":"type-product","3":"status-publish","4":"has-post-thumbnail","6":"product_cat-sementes-de-demeter","7":"product_cat-sementes-organicas-2","8":"product_tag-demeter-pt-pt","10":"first","11":"instock","12":"taxable","13":"shipping-taxable","14":"purchasable","15":"product-type-simple"},"acf":[],"_links":{"self":[{"href":"https:\/\/cultivers.es\/pt-pt\/wp-json\/wp\/v2\/product\/38965","targetHints":{"allow":["GET"]}}],"collection":[{"href":"https:\/\/cultivers.es\/pt-pt\/wp-json\/wp\/v2\/product"}],"about":[{"href":"https:\/\/cultivers.es\/pt-pt\/wp-json\/wp\/v2\/types\/product"}],"replies":[{"embeddable":true,"href":"https:\/\/cultivers.es\/pt-pt\/wp-json\/wp\/v2\/comments?post=38965"}],"wp:featuredmedia":[{"embeddable":true,"href":"https:\/\/cultivers.es\/pt-pt\/wp-json\/wp\/v2\/media\/35499"}],"wp:attachment":[{"href":"https:\/\/cultivers.es\/pt-pt\/wp-json\/wp\/v2\/media?parent=38965"}],"wp:term":[{"taxonomy":"product_brand","embeddable":true,"href":"https:\/\/cultivers.es\/pt-pt\/wp-json\/wp\/v2\/product_brand?post=38965"},{"taxonomy":"product_cat","embeddable":true,"href":"https:\/\/cultivers.es\/pt-pt\/wp-json\/wp\/v2\/product_cat?post=38965"},{"taxonomy":"product_tag","embeddable":true,"href":"https:\/\/cultivers.es\/pt-pt\/wp-json\/wp\/v2\/product_tag?post=38965"}],"curies":[{"name":"wp","href":"https:\/\/api.w.org\/{rel}","templated":true}]}}