{"id":38966,"date":"2024-10-14T07:16:09","date_gmt":"2024-10-14T07:16:09","guid":{"rendered":"https:\/\/cultivers.es\/abonos\/la-brillante-sementes-de-alface-organicas-demeter\/"},"modified":"2025-09-22T05:47:02","modified_gmt":"2025-09-22T05:47:02","slug":"la-brillante-sementes-de-alface-organicas-demeter","status":"publish","type":"product","link":"https:\/\/cultivers.es\/pt-pt\/fertilizantes\/la-brillante-sementes-de-alface-organicas-demeter\/","title":{"rendered":"La Brillante Sementes de Alface Demeter Biodin\u00e2mica"},"content":{"rendered":"","protected":false},"excerpt":{"rendered":"<p>Adiciona frescura e croc\u00e2ncia aos teus pratos com as nossas sementes de alface Demeter Organic La Brillante. Esta variedade destaca-se pelas suas folhas verdes brilhantes e estrutura compacta, tornando-a uma escolha perfeita para saladas frescas e saud\u00e1veis. O seu sabor suave e ligeiramente doce \u00e9 ideal para complementar qualquer prato. Com a certifica\u00e7\u00e3o Demeter, podes ter a certeza de que est\u00e1s a cultivar alface org\u00e2nica e amiga do ambiente, seguindo os princ\u00edpios da agricultura biodin\u00e2mica.   <\/p>\n<ul>\n<li><strong>Folhas brilhantes e crocantes:<\/strong> A alface La Brillante produz folhas de um verde profundo, com uma textura estaladi\u00e7a e um sabor suave, o que a torna uma alface perfeita para saladas frescas, wraps ou como guarni\u00e7\u00e3o.<\/li>\n<li><strong>F\u00e1cil de cultivar:<\/strong> Esta variedade \u00e9 resistente e adapta-se bem a diferentes condi\u00e7\u00f5es clim\u00e1ticas e de solo. \u00c9 ideal tanto para principiantes como para jardineiros experientes, oferecendo colheitas cont\u00ednuas e abundantes. <\/li>\n<li><strong>Colheita prolongada:<\/strong> A alface La Brillante permite uma colheita prolongada durante toda a esta\u00e7\u00e3o de crescimento e pode ser colhida folha a folha para garantir que tens sempre folhas frescas \u00e0 m\u00e3o.<\/li>\n<li><strong>Certifica\u00e7\u00e3o Demeter:<\/strong> Estas sementes s\u00e3o certificadas Demeter, o que garante que foram cultivadas de acordo com os princ\u00edpios da agricultura biodin\u00e2mica, respeitando o equil\u00edbrio natural do ecossistema e promovendo a sa\u00fade do solo.<\/li>\n<li><strong>Cultivo org\u00e2nico:<\/strong> As nossas sementes s\u00e3o 100% org\u00e2nicas e livres de pesticidas e qu\u00edmicos, garantindo uma colheita saud\u00e1vel e sustent\u00e1vel para ti e para o ambiente.<\/li>\n<\/ul>\n<p>Enche o teu jardim com frescura e croc\u00e2ncia com as nossas sementes de alface Demeter Organic La Brillante. Desfruta de uma colheita cont\u00ednua de alface fresca e saud\u00e1vel, cultivada de uma forma ecol\u00f3gica e amiga do ambiente - encomenda hoje e come\u00e7a a desfrutar da frescura e do sabor desta deliciosa alface no teu jardim!  <\/p>\n","protected":false},"featured_media":50071,"comment_status":"open","ping_status":"closed","template":"","meta":{"_acf_changed":false},"product_brand":[],"product_cat":[1269,427],"product_tag":[1270],"class_list":{"0":"post-38966","1":"product","2":"type-product","3":"status-publish","4":"has-post-thumbnail","6":"product_cat-sementes-de-demeter","7":"product_cat-sementes-organicas-2","8":"product_tag-demeter-pt-pt","10":"first","11":"instock","12":"taxable","13":"shipping-taxable","14":"purchasable","15":"product-type-simple"},"acf":[],"_links":{"self":[{"href":"https:\/\/cultivers.es\/pt-pt\/wp-json\/wp\/v2\/product\/38966","targetHints":{"allow":["GET"]}}],"collection":[{"href":"https:\/\/cultivers.es\/pt-pt\/wp-json\/wp\/v2\/product"}],"about":[{"href":"https:\/\/cultivers.es\/pt-pt\/wp-json\/wp\/v2\/types\/product"}],"replies":[{"embeddable":true,"href":"https:\/\/cultivers.es\/pt-pt\/wp-json\/wp\/v2\/comments?post=38966"}],"wp:featuredmedia":[{"embeddable":true,"href":"https:\/\/cultivers.es\/pt-pt\/wp-json\/wp\/v2\/media\/50071"}],"wp:attachment":[{"href":"https:\/\/cultivers.es\/pt-pt\/wp-json\/wp\/v2\/media?parent=38966"}],"wp:term":[{"taxonomy":"product_brand","embeddable":true,"href":"https:\/\/cultivers.es\/pt-pt\/wp-json\/wp\/v2\/product_brand?post=38966"},{"taxonomy":"product_cat","embeddable":true,"href":"https:\/\/cultivers.es\/pt-pt\/wp-json\/wp\/v2\/product_cat?post=38966"},{"taxonomy":"product_tag","embeddable":true,"href":"https:\/\/cultivers.es\/pt-pt\/wp-json\/wp\/v2\/product_tag?post=38966"}],"curies":[{"name":"wp","href":"https:\/\/api.w.org\/{rel}","templated":true}]}}