{"id":38973,"date":"2024-10-14T07:21:36","date_gmt":"2024-10-14T07:21:36","guid":{"rendered":"https:\/\/cultivers.es\/abonos\/sementes-de-alface-de-cordeiro-grote-noordhollandse-organic-demeter\/"},"modified":"2025-09-22T04:51:48","modified_gmt":"2025-09-22T04:51:48","slug":"sementes-de-alface-de-cordeiro-grote-noordhollandse-organic-demeter","status":"publish","type":"product","link":"https:\/\/cultivers.es\/pt-pt\/fertilizantes\/sementes-de-alface-de-cordeiro-grote-noordhollandse-organic-demeter\/","title":{"rendered":"Sementes de alface-de-cordeiro Grote Noordhollandse Biodin\u00e2mica Demeter"},"content":{"rendered":"","protected":false},"excerpt":{"rendered":"<p>Cultiva um dos vegetais mais nutritivos e f\u00e1ceis de cuidar com as nossas sementes de alface de cordeiro Demeter Organic Grote Noordhollandse. Esta variedade de alface-de-cordeiro caracteriza-se pelas suas folhas tenras e verdes e pelo seu sabor suave, ideal para saladas frescas e leves. A alface-de-cordeiro \u00e9 rica em vitaminas e minerais, o que a torna uma excelente escolha para uma dieta equilibrada. Com a certifica\u00e7\u00e3o Demeter, est\u00e1s a cultivar de uma forma sustent\u00e1vel e amiga do ambiente, seguindo os princ\u00edpios da agricultura biodin\u00e2mica.   <\/p>\n<ul>\n<li><strong>Folhas verdes tenras:<\/strong> A alface-de-cordeiro Grote Noordhollandse produz folhas pequenas, verdes e tenras que s\u00e3o perfeitas para saladas frescas, proporcionando uma textura suave e um sabor delicado.<\/li>\n<li><strong>Sabor suave:<\/strong> Esta variedade \u00e9 conhecida pelo seu sabor leve e suave, o que a torna uma excelente escolha para saladas ou como guarni\u00e7\u00e3o, complementando perfeitamente outros ingredientes sem se sobrepor aos sabores.<\/li>\n<li><strong>F\u00e1cil de cultivar:<\/strong> A alface-de-cordeiro \u00e9 uma planta resistente e f\u00e1cil de cultivar, que se adapta bem a diferentes tipos de solo e climas. \u00c9 ideal para jardins exteriores, bem como para cultivar em vasos em varandas ou terra\u00e7os. <\/li>\n<li><strong>Rica em nutrientes:<\/strong> A alface-de-cordeiro \u00e9 uma excelente fonte de vitaminas A, C e E, bem como de ferro e outros minerais essenciais, o que a torna um superalimento ideal para inclu\u00edres na tua dieta.<\/li>\n<li><strong>Certifica\u00e7\u00e3o Demeter:<\/strong> As sementes de alface-de-cordeiro Grote Noordhollandse s\u00e3o certificadas pela Demeter, o que garante que foram cultivadas de acordo com os princ\u00edpios da agricultura biodin\u00e2mica, respeitando os ciclos naturais e o equil\u00edbrio do solo.<\/li>\n<li><strong>Cultivo org\u00e2nico:<\/strong> As nossas sementes s\u00e3o 100% org\u00e2nicas, garantindo um cultivo livre de pesticidas e fertilizantes qu\u00edmicos, o que assegura uma colheita saud\u00e1vel e amiga do ambiente.<\/li>\n<\/ul>\n<p>Acrescenta frescura e nutri\u00e7\u00e3o ao teu jardim com as sementes de alface-de-cordeiro Demeter Organic Grote Noordhollandse. Desfruta de colheitas abundantes, saud\u00e1veis e sustent\u00e1veis - encomenda hoje e come\u00e7a a desfrutar deste delicioso vegetal nas tuas saladas frescas e saud\u00e1veis!  <\/p>\n","protected":false},"featured_media":35514,"comment_status":"open","ping_status":"closed","template":"","meta":{"_acf_changed":false},"product_brand":[],"product_cat":[1269,427],"product_tag":[1270],"class_list":{"0":"post-38973","1":"product","2":"type-product","3":"status-publish","4":"has-post-thumbnail","6":"product_cat-sementes-de-demeter","7":"product_cat-sementes-organicas-2","8":"product_tag-demeter-pt-pt","10":"first","11":"instock","12":"taxable","13":"shipping-taxable","14":"purchasable","15":"product-type-simple"},"acf":[],"_links":{"self":[{"href":"https:\/\/cultivers.es\/pt-pt\/wp-json\/wp\/v2\/product\/38973","targetHints":{"allow":["GET"]}}],"collection":[{"href":"https:\/\/cultivers.es\/pt-pt\/wp-json\/wp\/v2\/product"}],"about":[{"href":"https:\/\/cultivers.es\/pt-pt\/wp-json\/wp\/v2\/types\/product"}],"replies":[{"embeddable":true,"href":"https:\/\/cultivers.es\/pt-pt\/wp-json\/wp\/v2\/comments?post=38973"}],"wp:featuredmedia":[{"embeddable":true,"href":"https:\/\/cultivers.es\/pt-pt\/wp-json\/wp\/v2\/media\/35514"}],"wp:attachment":[{"href":"https:\/\/cultivers.es\/pt-pt\/wp-json\/wp\/v2\/media?parent=38973"}],"wp:term":[{"taxonomy":"product_brand","embeddable":true,"href":"https:\/\/cultivers.es\/pt-pt\/wp-json\/wp\/v2\/product_brand?post=38973"},{"taxonomy":"product_cat","embeddable":true,"href":"https:\/\/cultivers.es\/pt-pt\/wp-json\/wp\/v2\/product_cat?post=38973"},{"taxonomy":"product_tag","embeddable":true,"href":"https:\/\/cultivers.es\/pt-pt\/wp-json\/wp\/v2\/product_tag?post=38973"}],"curies":[{"name":"wp","href":"https:\/\/api.w.org\/{rel}","templated":true}]}}