{"id":38974,"date":"2024-10-14T07:27:07","date_gmt":"2024-10-14T07:27:07","guid":{"rendered":"https:\/\/cultivers.es\/abonos\/sementes-de-centaurea-organicas-cores-mistas-demeter\/"},"modified":"2026-03-14T10:05:46","modified_gmt":"2026-03-14T10:05:46","slug":"sementes-de-centaurea-organicas-cores-mistas-demeter","status":"publish","type":"product","link":"https:\/\/cultivers.es\/pt-pt\/fertilizantes\/sementes-de-centaurea-organicas-cores-mistas-demeter\/","title":{"rendered":"Sementes de Cent\u00e1urea Colour Mix Eco Demeter"},"content":{"rendered":"","protected":false},"excerpt":{"rendered":"<p>Embeleza o teu jardim com uma explos\u00e3o de cores vibrantes gra\u00e7as \u00e0s nossas sementes Demeter Organic Cornflower Mixed Colour Seeds. Esta planta anual \u00e9 conhecida pelas suas belas flores em tons de azul, rosa, branco e roxo, que n\u00e3o s\u00f3 trazem vida e cor ao teu jardim, como tamb\u00e9m atraem polinizadores como abelhas e borboletas, aumentando a biodiversidade do teu jardim. Com a certifica\u00e7\u00e3o Demeter, podes ter a certeza de que est\u00e1s a cultivar de forma sustent\u00e1vel e em harmonia com a natureza.  <\/p>\n<ul>\n<li><strong>Flores numa mistura de cores:<\/strong> Esta variedade de cent\u00e1urea produz flores numa grande variedade de cores, desde o azul cl\u00e1ssico at\u00e9 aos tons de rosa, branco e roxo. Estas flores vibrantes s\u00e3o perfeitas para embelezar qualquer canto do teu jardim. <\/li>\n<li><strong>Atra\u00e7\u00e3o de polinizadores:<\/strong> A cent\u00e1urea \u00e9 conhecida por atrair abelhas, borboletas e outros insectos ben\u00e9ficos, o que promove a poliniza\u00e7\u00e3o e a sa\u00fade geral do teu jardim, melhorando tamb\u00e9m o desempenho de outras culturas.<\/li>\n<li><strong>F\u00e1cil de cultivar:<\/strong> A cent\u00e1urea \u00e9 uma planta resistente que se adapta bem a diferentes tipos de solo e condi\u00e7\u00f5es clim\u00e1ticas. \u00c9 ideal tanto para principiantes como para jardineiros experientes, e cresce facilmente em bordaduras de jardim ou canteiros de flores. <\/li>\n<li><strong>Uso ornamental e medicinal: Para<\/strong> al\u00e9m do seu uso ornamental, a cent\u00e1urea \u00e9 tradicionalmente utilizada na medicina herbal pelas suas propriedades anti-inflamat\u00f3rias e calmantes, o que acrescenta valor ao seu cultivo.<\/li>\n<li><strong>Certifica\u00e7\u00e3o Demeter:<\/strong> Estas sementes s\u00e3o certificadas pela Demeter, o que garante que foram cultivadas de acordo com os princ\u00edpios da agricultura biodin\u00e2mica, respeitando o equil\u00edbrio natural do ecossistema e do solo.<\/li>\n<li><strong>Cultivo org\u00e2nico:<\/strong> As nossas sementes de cent\u00e1urea s\u00e3o 100% org\u00e2nicas, livres de pesticidas e qu\u00edmicos, garantindo um jardim saud\u00e1vel e amigo do ambiente.<\/li>\n<\/ul>\n<p>Enche o teu jardim de cor, vida e biodiversidade com Demeter Organic Cornflower Mixed Colours. Atrai polinizadores e desfruta da beleza destas flores, tudo isto enquanto cultivas de forma sustent\u00e1vel - encomenda hoje e transforma o teu jardim num para\u00edso de cores vibrantes!  <\/p>\n","protected":false},"featured_media":35522,"comment_status":"open","ping_status":"closed","template":"","meta":{"_acf_changed":false},"product_brand":[],"product_cat":[1269,427],"product_tag":[1270],"class_list":{"0":"post-38974","1":"product","2":"type-product","3":"status-publish","4":"has-post-thumbnail","6":"product_cat-sementes-de-demeter","7":"product_cat-sementes-organicas-2","8":"product_tag-demeter-pt-pt","10":"first","11":"outofstock","12":"taxable","13":"shipping-taxable","14":"purchasable","15":"product-type-simple"},"acf":[],"_links":{"self":[{"href":"https:\/\/cultivers.es\/pt-pt\/wp-json\/wp\/v2\/product\/38974","targetHints":{"allow":["GET"]}}],"collection":[{"href":"https:\/\/cultivers.es\/pt-pt\/wp-json\/wp\/v2\/product"}],"about":[{"href":"https:\/\/cultivers.es\/pt-pt\/wp-json\/wp\/v2\/types\/product"}],"replies":[{"embeddable":true,"href":"https:\/\/cultivers.es\/pt-pt\/wp-json\/wp\/v2\/comments?post=38974"}],"wp:featuredmedia":[{"embeddable":true,"href":"https:\/\/cultivers.es\/pt-pt\/wp-json\/wp\/v2\/media\/35522"}],"wp:attachment":[{"href":"https:\/\/cultivers.es\/pt-pt\/wp-json\/wp\/v2\/media?parent=38974"}],"wp:term":[{"taxonomy":"product_brand","embeddable":true,"href":"https:\/\/cultivers.es\/pt-pt\/wp-json\/wp\/v2\/product_brand?post=38974"},{"taxonomy":"product_cat","embeddable":true,"href":"https:\/\/cultivers.es\/pt-pt\/wp-json\/wp\/v2\/product_cat?post=38974"},{"taxonomy":"product_tag","embeddable":true,"href":"https:\/\/cultivers.es\/pt-pt\/wp-json\/wp\/v2\/product_tag?post=38974"}],"curies":[{"name":"wp","href":"https:\/\/api.w.org\/{rel}","templated":true}]}}