{"id":38986,"date":"2024-10-14T08:21:30","date_gmt":"2024-10-14T08:21:30","guid":{"rendered":"https:\/\/cultivers.es\/abonos\/sementes-de-tomate-demeter-flower\/"},"modified":"2026-03-14T10:05:37","modified_gmt":"2026-03-14T10:05:37","slug":"sementes-de-tomate-demeter-flower","status":"publish","type":"product","link":"https:\/\/cultivers.es\/pt-pt\/fertilizantes\/sementes-de-tomate-demeter-flower\/","title":{"rendered":"Sementes de Tomate Flor Biodin\u00e2mica Eco Demeter"},"content":{"rendered":"","protected":false},"excerpt":{"rendered":"<ul>\n<li><strong>Sabor Equilibrado:<\/strong> O Tomate Floradade oferece um sabor delicioso, com o equil\u00edbrio perfeito entre a do\u00e7ura e a acidez, tornando-o uma excelente escolha para todo o tipo de pratos, desde saladas frescas a molhos para massas.<\/li>\n<li><strong>Resistente ao calor e \u00e0 seca:<\/strong> Esta variedade \u00e9 especialmente adequada para climas quentes e resiste bem \u00e0 seca, o que garante uma colheita bem sucedida mesmo em condi\u00e7\u00f5es dif\u00edceis.<\/li>\n<li><strong>Frutos de tamanho m\u00e9dio:<\/strong> Os tomates Floradade s\u00e3o de tamanho m\u00e9dio, de cor vermelha viva e polpa carnuda, o que os torna ideais para cortar, cozinhar ou comer frescos.<\/li>\n<li><strong>F\u00e1cil de cultivar:<\/strong> Esta variedade \u00e9 resistente e adapta-se bem a uma grande variedade de solos e condi\u00e7\u00f5es clim\u00e1ticas. \u00c9 ideal tanto para principiantes como para jardineiros mais experientes. <\/li>\n<li><strong>Certifica\u00e7\u00e3o Demeter:<\/strong> As nossas sementes s\u00e3o certificadas pela Demeter, o que garante que foram cultivadas seguindo os princ\u00edpios da agricultura biodin\u00e2mica, respeitando os ciclos naturais do solo e promovendo um ecossistema equilibrado.<\/li>\n<li><strong>Cultivo Biol\u00f3gico:<\/strong> As sementes de tomate Floradade s\u00e3o 100% biol\u00f3gicas, livres de pesticidas e fertilizantes qu\u00edmicos, garantindo uma colheita saud\u00e1vel e sustent\u00e1vel.<\/li>\n<\/ul>\n<p>Adiciona sabor, frescura e robustez ao teu jardim com as sementes de tomate Demeter Organic Floradade. Desfruta de tomates suculentos e saborosos enquanto cresces de uma forma amiga do ambiente - encomenda hoje e come\u00e7a a desfrutar de uma colheita saud\u00e1vel e deliciosa no teu pr\u00f3prio jardim!  <\/p>\n","protected":false},"featured_media":39169,"comment_status":"open","ping_status":"closed","template":"","meta":{"_acf_changed":false},"product_brand":[],"product_cat":[1269,427],"product_tag":[1270],"class_list":{"0":"post-38986","1":"product","2":"type-product","3":"status-publish","4":"has-post-thumbnail","6":"product_cat-sementes-de-demeter","7":"product_cat-sementes-organicas-2","8":"product_tag-demeter-pt-pt","10":"first","11":"instock","12":"taxable","13":"shipping-taxable","14":"purchasable","15":"product-type-simple"},"acf":[],"_links":{"self":[{"href":"https:\/\/cultivers.es\/pt-pt\/wp-json\/wp\/v2\/product\/38986","targetHints":{"allow":["GET"]}}],"collection":[{"href":"https:\/\/cultivers.es\/pt-pt\/wp-json\/wp\/v2\/product"}],"about":[{"href":"https:\/\/cultivers.es\/pt-pt\/wp-json\/wp\/v2\/types\/product"}],"replies":[{"embeddable":true,"href":"https:\/\/cultivers.es\/pt-pt\/wp-json\/wp\/v2\/comments?post=38986"}],"wp:featuredmedia":[{"embeddable":true,"href":"https:\/\/cultivers.es\/pt-pt\/wp-json\/wp\/v2\/media\/39169"}],"wp:attachment":[{"href":"https:\/\/cultivers.es\/pt-pt\/wp-json\/wp\/v2\/media?parent=38986"}],"wp:term":[{"taxonomy":"product_brand","embeddable":true,"href":"https:\/\/cultivers.es\/pt-pt\/wp-json\/wp\/v2\/product_brand?post=38986"},{"taxonomy":"product_cat","embeddable":true,"href":"https:\/\/cultivers.es\/pt-pt\/wp-json\/wp\/v2\/product_cat?post=38986"},{"taxonomy":"product_tag","embeddable":true,"href":"https:\/\/cultivers.es\/pt-pt\/wp-json\/wp\/v2\/product_tag?post=38986"}],"curies":[{"name":"wp","href":"https:\/\/api.w.org\/{rel}","templated":true}]}}