{"id":38997,"date":"2024-10-24T05:49:54","date_gmt":"2024-10-24T05:49:54","guid":{"rendered":"https:\/\/cultivers.es\/abonos\/sementes-de-ervilha-organicas-de-fertilizante-verde\/"},"modified":"2026-03-14T10:06:34","modified_gmt":"2026-03-14T10:06:34","slug":"sementes-de-ervilha-organicas-de-fertilizante-verde","status":"publish","type":"product","link":"https:\/\/cultivers.es\/pt-pt\/fertilizantes\/sementes-de-ervilha-organicas-de-fertilizante-verde\/","title":{"rendered":"Fertilizante verde Sementes de ervilha Eco"},"content":{"rendered":"","protected":false},"excerpt":{"rendered":"<p>Melhora a sa\u00fade e a fertilidade do teu solo com as nossas sementes org\u00e2nicas de ervilha para adubo verde. As ervilhas n\u00e3o s\u00f3 s\u00e3o uma excelente escolha para o cultivo de adubo verde, como tamb\u00e9m ajudam a fixar o azoto no solo, enriquecendo-o naturalmente. Isto promove um crescimento mais saud\u00e1vel das tuas culturas principais sem a necessidade de fertilizantes qu\u00edmicos. Ideal para rota\u00e7\u00f5es de culturas, as ervilhas s\u00e3o uma planta resistente e f\u00e1cil de cultivar que beneficia o teu jardim de v\u00e1rias formas.   <\/p>\n<ul>\n<li><strong>Fixa\u00e7\u00e3o natural de azoto:<\/strong> As ervilhas, sendo leguminosas, t\u00eam a capacidade de fixar azoto no solo, melhorando naturalmente a sua fertilidade. Isto beneficia as culturas futuras, ajudando a reduzir a necessidade de fertilizantes adicionais. <\/li>\n<li><strong>Melhora a estrutura do solo:<\/strong> O sistema radicular das ervilhas melhora a estrutura do solo, aumentando a sua capacidade de reter \u00e1gua e ar, resultando num solo mais saud\u00e1vel e adequado para uma variedade de culturas.<\/li>\n<li><strong>Preven\u00e7\u00e3o da eros\u00e3o:<\/strong> O cultivo de ervilhas como adubo verde ajuda a proteger o solo da eros\u00e3o e da perda de nutrientes, especialmente durante os per\u00edodos em que a horta n\u00e3o est\u00e1 em produ\u00e7\u00e3o ativa.<\/li>\n<li><strong>F\u00e1cil de cultivar:<\/strong> As ervilhas s\u00e3o plantas resistentes que se adaptam bem a diferentes condi\u00e7\u00f5es clim\u00e1ticas e solos. S\u00e3o f\u00e1ceis de plantar e de cuidar, o que as torna uma excelente escolha para qualquer jardineiro que pretenda melhorar a sa\u00fade do seu solo. <\/li>\n<li><strong>Cultivo org\u00e2nico:<\/strong> As nossas sementes de ervilha s\u00e3o 100% org\u00e2nicas, livres de pesticidas e qu\u00edmicos, o que garante um cultivo seguro e amigo do ambiente. Isto assegura que o teu adubo verde \u00e9 verdadeiramente natural e ben\u00e9fico para o ecossistema do teu jardim. <\/li>\n<\/ul>\n<p>Melhora a sa\u00fade do teu solo naturalmente com as nossas sementes de ervilhas org\u00e2nicas para composto verde. F\u00e1ceis de cultivar e repletas de benef\u00edcios para o solo, estas sementes ajudar\u00e3o a criar um jardim mais saud\u00e1vel e produtivo. Encomenda hoje e come\u00e7a a transformar o teu solo com a ajuda das ervilhas!  <\/p>\n","protected":false},"featured_media":35898,"comment_status":"open","ping_status":"closed","template":"","meta":{"_acf_changed":false},"product_brand":[],"product_cat":[1292,427],"product_tag":[1578],"class_list":{"0":"post-38997","1":"product","2":"type-product","3":"status-publish","4":"has-post-thumbnail","6":"product_cat-coberturas-vegetais-de-adubos-verdes","7":"product_cat-sementes-organicas-2","8":"product_tag-eco","10":"first","11":"instock","12":"taxable","13":"shipping-taxable","14":"purchasable","15":"product-type-simple"},"acf":[],"_links":{"self":[{"href":"https:\/\/cultivers.es\/pt-pt\/wp-json\/wp\/v2\/product\/38997","targetHints":{"allow":["GET"]}}],"collection":[{"href":"https:\/\/cultivers.es\/pt-pt\/wp-json\/wp\/v2\/product"}],"about":[{"href":"https:\/\/cultivers.es\/pt-pt\/wp-json\/wp\/v2\/types\/product"}],"replies":[{"embeddable":true,"href":"https:\/\/cultivers.es\/pt-pt\/wp-json\/wp\/v2\/comments?post=38997"}],"wp:featuredmedia":[{"embeddable":true,"href":"https:\/\/cultivers.es\/pt-pt\/wp-json\/wp\/v2\/media\/35898"}],"wp:attachment":[{"href":"https:\/\/cultivers.es\/pt-pt\/wp-json\/wp\/v2\/media?parent=38997"}],"wp:term":[{"taxonomy":"product_brand","embeddable":true,"href":"https:\/\/cultivers.es\/pt-pt\/wp-json\/wp\/v2\/product_brand?post=38997"},{"taxonomy":"product_cat","embeddable":true,"href":"https:\/\/cultivers.es\/pt-pt\/wp-json\/wp\/v2\/product_cat?post=38997"},{"taxonomy":"product_tag","embeddable":true,"href":"https:\/\/cultivers.es\/pt-pt\/wp-json\/wp\/v2\/product_tag?post=38997"}],"curies":[{"name":"wp","href":"https:\/\/api.w.org\/{rel}","templated":true}]}}