{"id":39410,"date":"2023-10-27T11:29:09","date_gmt":"2023-10-27T11:29:09","guid":{"rendered":"https:\/\/cultivers.es\/abonos\/tabuleiro-de-sementeira-para-germinacao\/"},"modified":"2026-03-16T11:15:19","modified_gmt":"2026-03-16T11:15:19","slug":"tabuleiro-de-sementeira-para-germinacao","status":"publish","type":"product","link":"https:\/\/cultivers.es\/pt-pt\/fertilizantes\/tabuleiro-de-sementeira-para-germinacao\/","title":{"rendered":"Tabuleiro de sementeira para germina\u00e7\u00e3o ecol\u00f3gica"},"content":{"rendered":"","protected":false},"excerpt":{"rendered":"<p>Come\u00e7a a germinar sementes para o teu jardim ou horta com os nossos tabuleiros de sementes de germina\u00e7\u00e3o.<\/p>\n<ul>\n<li><strong>Compartimentos individuais.<\/strong><\/li>\n<li><strong>Optimizado para a germina\u00e7\u00e3o.<\/strong><\/li>\n<li><strong>Dur\u00e1vel e reutiliz\u00e1vel.<\/strong><\/li>\n<li><strong>F\u00e1cil de utilizar.<\/strong><\/li>\n<li><strong>Perfeito para sementes de variedades.<\/strong><\/li>\n<\/ul>\n<p>&nbsp;<\/p>\n<p>&nbsp;<\/p>\n","protected":false},"featured_media":22449,"comment_status":"open","ping_status":"closed","template":"","meta":{"_acf_changed":false},"product_brand":[],"product_cat":[1297,427],"product_tag":[1578],"class_list":{"0":"post-39410","1":"product","2":"type-product","3":"status-publish","4":"has-post-thumbnail","6":"product_cat-bandejas-e-canteiros","7":"product_cat-sementes-organicas-2","8":"product_tag-eco","10":"first","11":"instock","12":"taxable","13":"shipping-taxable","14":"purchasable","15":"product-type-variable"},"acf":[],"_links":{"self":[{"href":"https:\/\/cultivers.es\/pt-pt\/wp-json\/wp\/v2\/product\/39410","targetHints":{"allow":["GET"]}}],"collection":[{"href":"https:\/\/cultivers.es\/pt-pt\/wp-json\/wp\/v2\/product"}],"about":[{"href":"https:\/\/cultivers.es\/pt-pt\/wp-json\/wp\/v2\/types\/product"}],"replies":[{"embeddable":true,"href":"https:\/\/cultivers.es\/pt-pt\/wp-json\/wp\/v2\/comments?post=39410"}],"wp:featuredmedia":[{"embeddable":true,"href":"https:\/\/cultivers.es\/pt-pt\/wp-json\/wp\/v2\/media\/22449"}],"wp:attachment":[{"href":"https:\/\/cultivers.es\/pt-pt\/wp-json\/wp\/v2\/media?parent=39410"}],"wp:term":[{"taxonomy":"product_brand","embeddable":true,"href":"https:\/\/cultivers.es\/pt-pt\/wp-json\/wp\/v2\/product_brand?post=39410"},{"taxonomy":"product_cat","embeddable":true,"href":"https:\/\/cultivers.es\/pt-pt\/wp-json\/wp\/v2\/product_cat?post=39410"},{"taxonomy":"product_tag","embeddable":true,"href":"https:\/\/cultivers.es\/pt-pt\/wp-json\/wp\/v2\/product_tag?post=39410"}],"curies":[{"name":"wp","href":"https:\/\/api.w.org\/{rel}","templated":true}]}}