{"id":39430,"date":"2023-12-05T09:53:48","date_gmt":"2023-12-05T09:53:48","guid":{"rendered":"https:\/\/cultivers.es\/abonos\/substrato-organico-de-algas-para-sementeira\/"},"modified":"2023-12-05T09:53:48","modified_gmt":"2023-12-05T09:53:48","slug":"substrato-organico-de-algas-para-sementeira","status":"publish","type":"product","link":"https:\/\/cultivers.es\/pt-pt\/fertilizantes\/substrato-organico-de-algas-para-sementeira\/","title":{"rendered":"Substrato org\u00e2nico de algas para sementeira"},"content":{"rendered":"","protected":false},"excerpt":{"rendered":"<p>O nosso substrato de sementeira de algas marinhas \u00e9 uma alternativa \u00e0 turfa para proporcionar um ambiente ideal para as tuas pl\u00e2ntulas nas suas fases iniciais. Esta mistura inovadora, em vez de usar turfa, \u00e9 criada com algas marinhas e enriquecida com minhocas, fornecendo uma base nutritiva para o crescimento saud\u00e1vel das tuas mudas. <\/p>\n<ul>\n<li>N\u00e3o te preocupes.<\/li>\n<li>Economia circular.<\/li>\n<li>Ret\u00e9m a humidade de forma equilibrada.<\/li>\n<li>Estrutura porosa e arejada.<\/li>\n<li>Aplica\u00e7\u00e3o vers\u00e1til.<\/li>\n<\/ul>\n<p>Cuida das tuas sementes e do planeta! Compra o nosso substrato para sementeira de algas e nutre as tuas sementes de forma natural e sustent\u00e1vel. <\/p>\n","protected":false},"featured_media":22858,"comment_status":"open","ping_status":"closed","template":"","meta":{"_acf_changed":false},"product_brand":[],"product_cat":[720],"product_tag":[],"woo-feed-brand":[],"class_list":{"0":"post-39430","1":"product","2":"type-product","3":"status-publish","4":"has-post-thumbnail","6":"product_cat-substratos-e-decorativos","8":"first","9":"outofstock","10":"taxable","11":"shipping-taxable","12":"purchasable","13":"product-type-variable"},"acf":[],"_links":{"self":[{"href":"https:\/\/cultivers.es\/pt-pt\/wp-json\/wp\/v2\/product\/39430","targetHints":{"allow":["GET"]}}],"collection":[{"href":"https:\/\/cultivers.es\/pt-pt\/wp-json\/wp\/v2\/product"}],"about":[{"href":"https:\/\/cultivers.es\/pt-pt\/wp-json\/wp\/v2\/types\/product"}],"replies":[{"embeddable":true,"href":"https:\/\/cultivers.es\/pt-pt\/wp-json\/wp\/v2\/comments?post=39430"}],"wp:featuredmedia":[{"embeddable":true,"href":"https:\/\/cultivers.es\/pt-pt\/wp-json\/wp\/v2\/media\/22858"}],"wp:attachment":[{"href":"https:\/\/cultivers.es\/pt-pt\/wp-json\/wp\/v2\/media?parent=39430"}],"wp:term":[{"taxonomy":"product_brand","embeddable":true,"href":"https:\/\/cultivers.es\/pt-pt\/wp-json\/wp\/v2\/product_brand?post=39430"},{"taxonomy":"product_cat","embeddable":true,"href":"https:\/\/cultivers.es\/pt-pt\/wp-json\/wp\/v2\/product_cat?post=39430"},{"taxonomy":"product_tag","embeddable":true,"href":"https:\/\/cultivers.es\/pt-pt\/wp-json\/wp\/v2\/product_tag?post=39430"},{"taxonomy":"woo-feed-brand","embeddable":true,"href":"https:\/\/cultivers.es\/pt-pt\/wp-json\/wp\/v2\/woo-feed-brand?post=39430"}],"curies":[{"name":"wp","href":"https:\/\/api.w.org\/{rel}","templated":true}]}}