{"id":39462,"date":"2023-12-05T12:59:58","date_gmt":"2023-12-05T12:59:58","guid":{"rendered":"https:\/\/cultivers.es\/abonos\/substrato-de-fibra-de-coco\/"},"modified":"2025-09-22T04:46:31","modified_gmt":"2025-09-22T04:46:31","slug":"substrato-de-fibra-de-coco","status":"publish","type":"product","link":"https:\/\/cultivers.es\/pt-pt\/fertilizantes\/substrato-de-fibra-de-coco\/","title":{"rendered":"Substrato de fibra de coco"},"content":{"rendered":"","protected":false},"excerpt":{"rendered":"<p>O nosso substrato de fibra de coco \u00e9 uma op\u00e7\u00e3o inovadora e natural para o cultivo das tuas plantas. Feito a partir de cascas de coco, este substrato oferece uma base nutritiva e porosa que beneficia o desenvolvimento saud\u00e1vel das ra\u00edzes, melhorando o crescimento e a vitalidade das tuas plantas. <\/p>\n<ul>\n<li>Origem natural.<\/li>\n<li>Estrutura porosa.<\/li>\n<li>Ret\u00e9m a humidade de forma equilibrada.<\/li>\n<li>Rico em nutrientes.<\/li>\n<li>Versatilidade de utiliza\u00e7\u00e3o.<\/li>\n<\/ul>\n<p>Compra o nosso substrato de fibra de coco para dares \u00e0s tuas plantas um substrato natural, que ajudar\u00e1 a tua terra a reter mais humidade e a ficar mais fofa.<\/p>\n","protected":false},"featured_media":22904,"comment_status":"open","ping_status":"closed","template":"","meta":{"_acf_changed":false},"product_brand":[],"product_cat":[631,720],"product_tag":[],"class_list":{"0":"post-39462","1":"product","2":"type-product","3":"status-publish","4":"has-post-thumbnail","6":"product_cat-plantas-de-interior-pt-pt","7":"product_cat-substratos-e-decorativos","9":"first","10":"instock","11":"taxable","12":"shipping-taxable","13":"purchasable","14":"product-type-variable"},"acf":[],"_links":{"self":[{"href":"https:\/\/cultivers.es\/pt-pt\/wp-json\/wp\/v2\/product\/39462","targetHints":{"allow":["GET"]}}],"collection":[{"href":"https:\/\/cultivers.es\/pt-pt\/wp-json\/wp\/v2\/product"}],"about":[{"href":"https:\/\/cultivers.es\/pt-pt\/wp-json\/wp\/v2\/types\/product"}],"replies":[{"embeddable":true,"href":"https:\/\/cultivers.es\/pt-pt\/wp-json\/wp\/v2\/comments?post=39462"}],"wp:featuredmedia":[{"embeddable":true,"href":"https:\/\/cultivers.es\/pt-pt\/wp-json\/wp\/v2\/media\/22904"}],"wp:attachment":[{"href":"https:\/\/cultivers.es\/pt-pt\/wp-json\/wp\/v2\/media?parent=39462"}],"wp:term":[{"taxonomy":"product_brand","embeddable":true,"href":"https:\/\/cultivers.es\/pt-pt\/wp-json\/wp\/v2\/product_brand?post=39462"},{"taxonomy":"product_cat","embeddable":true,"href":"https:\/\/cultivers.es\/pt-pt\/wp-json\/wp\/v2\/product_cat?post=39462"},{"taxonomy":"product_tag","embeddable":true,"href":"https:\/\/cultivers.es\/pt-pt\/wp-json\/wp\/v2\/product_tag?post=39462"}],"curies":[{"name":"wp","href":"https:\/\/api.w.org\/{rel}","templated":true}]}}