{"id":39463,"date":"2023-12-05T10:59:39","date_gmt":"2023-12-05T10:59:39","guid":{"rendered":"https:\/\/cultivers.es\/abonos\/substrato-biologico\/"},"modified":"2026-02-15T11:08:28","modified_gmt":"2026-02-15T11:08:28","slug":"substrato-biologico","status":"publish","type":"product","link":"https:\/\/cultivers.es\/pt-pt\/fertilizantes\/substrato-biologico\/","title":{"rendered":"Substrato biol\u00f3gico"},"content":{"rendered":"","protected":false},"excerpt":{"rendered":"<p>O nosso Bio Substrato \u00e9 uma mistura natural e org\u00e2nica especialmente concebida para proporcionar um ambiente \u00f3timo para o crescimento de plantas saud\u00e1veis e vigorosas. Fabricado com ingredientes naturais e sem qu\u00edmicos, este substrato fornece uma base nutritiva que favorece o crescimento correto das nossas plantas. <\/p>\n<ul>\n<li>Composi\u00e7\u00e3o org\u00e2nica<\/li>\n<li>Rico em nutrientes<\/li>\n<li>Boa reten\u00e7\u00e3o de humidade<\/li>\n<li>Estrutura arejada<\/li>\n<li>Utiliza\u00e7\u00e3o vers\u00e1til<\/li>\n<\/ul>\n<p>Compra o nosso Bio Substrato e fornece \u00e0s tuas plantas uma nutri\u00e7\u00e3o natural para um crescimento saud\u00e1vel.<\/p>\n","protected":false},"featured_media":22852,"comment_status":"open","ping_status":"closed","template":"","meta":{"_acf_changed":false},"product_brand":[],"product_cat":[631,720],"product_tag":[],"class_list":{"0":"post-39463","1":"product","2":"type-product","3":"status-publish","4":"has-post-thumbnail","6":"product_cat-plantas-de-interior-pt-pt","7":"product_cat-substratos-e-decorativos","9":"first","10":"instock","11":"featured","12":"taxable","13":"shipping-taxable","14":"purchasable","15":"product-type-variable"},"acf":[],"_links":{"self":[{"href":"https:\/\/cultivers.es\/pt-pt\/wp-json\/wp\/v2\/product\/39463","targetHints":{"allow":["GET"]}}],"collection":[{"href":"https:\/\/cultivers.es\/pt-pt\/wp-json\/wp\/v2\/product"}],"about":[{"href":"https:\/\/cultivers.es\/pt-pt\/wp-json\/wp\/v2\/types\/product"}],"replies":[{"embeddable":true,"href":"https:\/\/cultivers.es\/pt-pt\/wp-json\/wp\/v2\/comments?post=39463"}],"wp:featuredmedia":[{"embeddable":true,"href":"https:\/\/cultivers.es\/pt-pt\/wp-json\/wp\/v2\/media\/22852"}],"wp:attachment":[{"href":"https:\/\/cultivers.es\/pt-pt\/wp-json\/wp\/v2\/media?parent=39463"}],"wp:term":[{"taxonomy":"product_brand","embeddable":true,"href":"https:\/\/cultivers.es\/pt-pt\/wp-json\/wp\/v2\/product_brand?post=39463"},{"taxonomy":"product_cat","embeddable":true,"href":"https:\/\/cultivers.es\/pt-pt\/wp-json\/wp\/v2\/product_cat?post=39463"},{"taxonomy":"product_tag","embeddable":true,"href":"https:\/\/cultivers.es\/pt-pt\/wp-json\/wp\/v2\/product_tag?post=39463"}],"curies":[{"name":"wp","href":"https:\/\/api.w.org\/{rel}","templated":true}]}}