{"id":39494,"date":"2023-12-07T07:45:35","date_gmt":"2023-12-07T07:45:35","guid":{"rendered":"https:\/\/cultivers.es\/abonos\/perlite\/"},"modified":"2025-09-22T04:46:03","modified_gmt":"2025-09-22T04:46:03","slug":"perlite","status":"publish","type":"product","link":"https:\/\/cultivers.es\/pt-pt\/fertilizantes\/perlite\/","title":{"rendered":"Perlite"},"content":{"rendered":"","protected":false},"excerpt":{"rendered":"<p>A perlite \u00e9 um mineral vulc\u00e2nico expandido utilizado para melhorar a estrutura do solo e proporcionar um ambiente \u00f3timo para o crescimento das plantas. A sua textura leve e porosa ajuda a arejar o solo, melhorando a drenagem e mantendo a humidade, o que \u00e9 ben\u00e9fico para o desenvolvimento das ra\u00edzes e para a sa\u00fade das plantas. <\/p>\n<ul>\n<li>Arejamento do solo.<\/li>\n<li>Reten\u00e7\u00e3o de humidade.<\/li>\n<li>Ajuda \u00e0 germina\u00e7\u00e3o.<\/li>\n<li>Utiliza\u00e7\u00e3o vers\u00e1til.<\/li>\n<li>Seguro e n\u00e3o t\u00f3xico<\/li>\n<\/ul>\n<p>D\u00e1 vitalidade ao teu solo! Compra j\u00e1 a nossa Perlite e d\u00e1 \u00e0s tuas plantas a melhor base para crescerem. <\/p>\n","protected":false},"featured_media":22840,"comment_status":"open","ping_status":"closed","template":"","meta":{"_acf_changed":false},"product_brand":[],"product_cat":[631,720],"product_tag":[],"class_list":{"0":"post-39494","1":"product","2":"type-product","3":"status-publish","4":"has-post-thumbnail","6":"product_cat-plantas-de-interior-pt-pt","7":"product_cat-substratos-e-decorativos","9":"first","10":"instock","11":"taxable","12":"shipping-taxable","13":"purchasable","14":"product-type-variable","15":"has-default-attributes"},"acf":[],"_links":{"self":[{"href":"https:\/\/cultivers.es\/pt-pt\/wp-json\/wp\/v2\/product\/39494","targetHints":{"allow":["GET"]}}],"collection":[{"href":"https:\/\/cultivers.es\/pt-pt\/wp-json\/wp\/v2\/product"}],"about":[{"href":"https:\/\/cultivers.es\/pt-pt\/wp-json\/wp\/v2\/types\/product"}],"replies":[{"embeddable":true,"href":"https:\/\/cultivers.es\/pt-pt\/wp-json\/wp\/v2\/comments?post=39494"}],"wp:featuredmedia":[{"embeddable":true,"href":"https:\/\/cultivers.es\/pt-pt\/wp-json\/wp\/v2\/media\/22840"}],"wp:attachment":[{"href":"https:\/\/cultivers.es\/pt-pt\/wp-json\/wp\/v2\/media?parent=39494"}],"wp:term":[{"taxonomy":"product_brand","embeddable":true,"href":"https:\/\/cultivers.es\/pt-pt\/wp-json\/wp\/v2\/product_brand?post=39494"},{"taxonomy":"product_cat","embeddable":true,"href":"https:\/\/cultivers.es\/pt-pt\/wp-json\/wp\/v2\/product_cat?post=39494"},{"taxonomy":"product_tag","embeddable":true,"href":"https:\/\/cultivers.es\/pt-pt\/wp-json\/wp\/v2\/product_tag?post=39494"}],"curies":[{"name":"wp","href":"https:\/\/api.w.org\/{rel}","templated":true}]}}