{"id":39495,"date":"2023-12-07T07:59:25","date_gmt":"2023-12-07T07:59:25","guid":{"rendered":"https:\/\/cultivers.es\/abonos\/vermiculite\/"},"modified":"2025-09-22T04:46:34","modified_gmt":"2025-09-22T04:46:34","slug":"vermiculite","status":"publish","type":"product","link":"https:\/\/cultivers.es\/pt-pt\/fertilizantes\/vermiculite\/","title":{"rendered":"Vermiculite"},"content":{"rendered":"","protected":false},"excerpt":{"rendered":"<p>A vermiculite \u00e9 um mineral natural muito utilizado em jardinagem e horticultura, uma vez que melhora a estrutura do solo e a reten\u00e7\u00e3o de \u00e1gua e nutrientes. A sua capacidade de reter a humidade e os nutrientes beneficia o desenvolvimento das plantas, proporcionando um ambiente de crescimento ideal. A sua textura \u00e9 leve e porosa, a vermiculite \u00e9 um grande aliado na procura de um solo mais saud\u00e1vel.  <\/p>\n<ul>\n<li>Reten\u00e7\u00e3o de \u00e1gua.<\/li>\n<li>Melhora a aera\u00e7\u00e3o.<\/li>\n<li>Aumenta a fertilidade do solo.<\/li>\n<li>Leve e f\u00e1cil de utilizar.<\/li>\n<li>Adequado para v\u00e1rias utiliza\u00e7\u00f5es.<\/li>\n<\/ul>\n<p>Melhora a sa\u00fade do teu solo e das tuas plantas! Compra j\u00e1 a vermiculite para melhorar e otimizar a nutri\u00e7\u00e3o das tuas plantas e garantir um crescimento saud\u00e1vel. <\/p>\n","protected":false},"featured_media":22846,"comment_status":"open","ping_status":"closed","template":"","meta":{"_acf_changed":false},"product_brand":[],"product_cat":[631,720],"product_tag":[],"class_list":{"0":"post-39495","1":"product","2":"type-product","3":"status-publish","4":"has-post-thumbnail","6":"product_cat-plantas-de-interior-pt-pt","7":"product_cat-substratos-e-decorativos","9":"first","10":"instock","11":"taxable","12":"shipping-taxable","13":"purchasable","14":"product-type-variable"},"acf":[],"_links":{"self":[{"href":"https:\/\/cultivers.es\/pt-pt\/wp-json\/wp\/v2\/product\/39495","targetHints":{"allow":["GET"]}}],"collection":[{"href":"https:\/\/cultivers.es\/pt-pt\/wp-json\/wp\/v2\/product"}],"about":[{"href":"https:\/\/cultivers.es\/pt-pt\/wp-json\/wp\/v2\/types\/product"}],"replies":[{"embeddable":true,"href":"https:\/\/cultivers.es\/pt-pt\/wp-json\/wp\/v2\/comments?post=39495"}],"wp:featuredmedia":[{"embeddable":true,"href":"https:\/\/cultivers.es\/pt-pt\/wp-json\/wp\/v2\/media\/22846"}],"wp:attachment":[{"href":"https:\/\/cultivers.es\/pt-pt\/wp-json\/wp\/v2\/media?parent=39495"}],"wp:term":[{"taxonomy":"product_brand","embeddable":true,"href":"https:\/\/cultivers.es\/pt-pt\/wp-json\/wp\/v2\/product_brand?post=39495"},{"taxonomy":"product_cat","embeddable":true,"href":"https:\/\/cultivers.es\/pt-pt\/wp-json\/wp\/v2\/product_cat?post=39495"},{"taxonomy":"product_tag","embeddable":true,"href":"https:\/\/cultivers.es\/pt-pt\/wp-json\/wp\/v2\/product_tag?post=39495"}],"curies":[{"name":"wp","href":"https:\/\/api.w.org\/{rel}","templated":true}]}}