{"id":39530,"date":"2024-07-16T14:20:36","date_gmt":"2024-07-16T14:20:36","guid":{"rendered":"https:\/\/cultivers.es\/abonos\/cavalinha-pronto-a-usar\/"},"modified":"2025-09-22T05:13:28","modified_gmt":"2025-09-22T05:13:28","slug":"cavalinha-pronto-a-usar","status":"publish","type":"product","link":"https:\/\/cultivers.es\/pt-pt\/fertilizantes\/cavalinha-pronto-a-usar\/","title":{"rendered":"Cavalinha Pronto a usar"},"content":{"rendered":"","protected":false},"excerpt":{"rendered":"<ul class=\"a-unordered-list a-vertical a-spacing-mini\">\n<li class=\"a-spacing-mini\"><span class=\"a-list-item\">Fungicida natural ecol\u00f3gico \u00e0 base de extrato de cavalinha de Equisentum Arvense. Anti-f\u00fangico eficaz e f\u00e1cil de usar. <\/span><\/li>\n<li class=\"a-spacing-mini\"><span class=\"a-list-item\">Preventivo e curativo contra doen\u00e7as causadas por fungos patog\u00e9nicos, tais como: m\u00edldio, o\u00eddio, ferrugem, etc. Aumenta as defesas naturais das plantas. <\/span><\/li>\n<li class=\"a-spacing-mini\"><span class=\"a-list-item\">Aumenta as defesas naturais das plantas. Fortalece os tecidos vegetais. Promove o crescimento e o desenvolvimento das plantas. Eficaz para plantas de interior, exterior, jardim e horta.   <\/span><\/li>\n<li class=\"a-spacing-mini\"><span class=\"a-list-item\">Modo de usar: Pulveriza diretamente sobre a planta, a uma dist\u00e2ncia de aproximadamente 30 cm. Recomenda-se aplicar sempre ao entardecer, evitando as horas de maior radia\u00e7\u00e3o solar, molhando sempre bem toda a superf\u00edcie das folhas, sem pingar o produto. <\/span><\/li>\n<li class=\"a-spacing-mini\"><span class=\"a-list-item\">Subst\u00e2ncia de base natural. Autorizado na agricultura biol\u00f3gica. <\/span><\/li>\n<\/ul>\n","protected":false},"featured_media":27765,"comment_status":"open","ping_status":"closed","template":"","meta":{"_acf_changed":false},"product_brand":[],"product_cat":[1284],"product_tag":[],"class_list":{"0":"post-39530","1":"product","2":"type-product","3":"status-publish","4":"has-post-thumbnail","6":"product_cat-plantas-de-interior-e-varanda","8":"first","9":"instock","10":"taxable","11":"shipping-taxable","12":"purchasable","13":"product-type-variable"},"acf":[],"_links":{"self":[{"href":"https:\/\/cultivers.es\/pt-pt\/wp-json\/wp\/v2\/product\/39530","targetHints":{"allow":["GET"]}}],"collection":[{"href":"https:\/\/cultivers.es\/pt-pt\/wp-json\/wp\/v2\/product"}],"about":[{"href":"https:\/\/cultivers.es\/pt-pt\/wp-json\/wp\/v2\/types\/product"}],"replies":[{"embeddable":true,"href":"https:\/\/cultivers.es\/pt-pt\/wp-json\/wp\/v2\/comments?post=39530"}],"wp:featuredmedia":[{"embeddable":true,"href":"https:\/\/cultivers.es\/pt-pt\/wp-json\/wp\/v2\/media\/27765"}],"wp:attachment":[{"href":"https:\/\/cultivers.es\/pt-pt\/wp-json\/wp\/v2\/media?parent=39530"}],"wp:term":[{"taxonomy":"product_brand","embeddable":true,"href":"https:\/\/cultivers.es\/pt-pt\/wp-json\/wp\/v2\/product_brand?post=39530"},{"taxonomy":"product_cat","embeddable":true,"href":"https:\/\/cultivers.es\/pt-pt\/wp-json\/wp\/v2\/product_cat?post=39530"},{"taxonomy":"product_tag","embeddable":true,"href":"https:\/\/cultivers.es\/pt-pt\/wp-json\/wp\/v2\/product_tag?post=39530"}],"curies":[{"name":"wp","href":"https:\/\/api.w.org\/{rel}","templated":true}]}}