{"id":39531,"date":"2024-07-16T14:20:32","date_gmt":"2024-07-16T14:20:32","guid":{"rendered":"https:\/\/cultivers.es\/abonos\/purina-de-urtiga-pronta-a-usar\/"},"modified":"2025-09-22T05:44:43","modified_gmt":"2025-09-22T05:44:43","slug":"purina-de-urtiga-pronta-a-usar","status":"publish","type":"product","link":"https:\/\/cultivers.es\/pt-pt\/fertilizantes\/purina-de-urtiga-pronta-a-usar\/","title":{"rendered":"Purina de urtiga pronta a usar"},"content":{"rendered":"","protected":false},"excerpt":{"rendered":"<ul class=\"a-unordered-list a-vertical a-spacing-mini\">\n<li class=\"a-spacing-mini\"><span class=\"a-list-item\">Produto natural \u00e0 base de extrato de urtiga com fun\u00e7\u00e3o inseticida, acaricida e fungicida. Extrato l\u00edquido de Urtica spp. <\/span><\/li>\n<li class=\"a-spacing-mini\"><span class=\"a-list-item\">Prote\u00e7\u00e3o para plantas hort\u00edcolas, \u00e1rvores de fruto, plantas ornamentais, etc. &#8230; Para todos os tipos de plantas de interior e de exterior. Preventivo e curativo.<\/span><\/li>\n<li class=\"a-spacing-mini\"><span class=\"a-list-item\">Produto ecol\u00f3gico contra insectos, fungos e \u00e1caros. Produto 100% natural. <\/span><\/li>\n<li class=\"a-spacing-mini\"><span class=\"a-list-item\">Modo de utiliza\u00e7\u00e3o: produto pronto a usar, agitar antes de utilizar e pulverizar a 30 cm da planta. Aplicar em plantas com problemas de insectos, \u00e1caros e fungos. Per\u00edodo de seguran\u00e7a: 7 dias.  <\/span><\/li>\n<li class=\"a-spacing-mini\"><span class=\"a-list-item\">Refor\u00e7a o mecanismo de defesa natural das plantas. Plantas mais verdes. <\/span><\/li>\n<\/ul>\n","protected":false},"featured_media":27747,"comment_status":"open","ping_status":"closed","template":"","meta":{"_acf_changed":false},"product_brand":[],"product_cat":[1284],"product_tag":[],"class_list":{"0":"post-39531","1":"product","2":"type-product","3":"status-publish","4":"has-post-thumbnail","6":"product_cat-plantas-de-interior-e-varanda","8":"first","9":"instock","10":"taxable","11":"shipping-taxable","12":"purchasable","13":"product-type-variable"},"acf":[],"_links":{"self":[{"href":"https:\/\/cultivers.es\/pt-pt\/wp-json\/wp\/v2\/product\/39531","targetHints":{"allow":["GET"]}}],"collection":[{"href":"https:\/\/cultivers.es\/pt-pt\/wp-json\/wp\/v2\/product"}],"about":[{"href":"https:\/\/cultivers.es\/pt-pt\/wp-json\/wp\/v2\/types\/product"}],"replies":[{"embeddable":true,"href":"https:\/\/cultivers.es\/pt-pt\/wp-json\/wp\/v2\/comments?post=39531"}],"wp:featuredmedia":[{"embeddable":true,"href":"https:\/\/cultivers.es\/pt-pt\/wp-json\/wp\/v2\/media\/27747"}],"wp:attachment":[{"href":"https:\/\/cultivers.es\/pt-pt\/wp-json\/wp\/v2\/media?parent=39531"}],"wp:term":[{"taxonomy":"product_brand","embeddable":true,"href":"https:\/\/cultivers.es\/pt-pt\/wp-json\/wp\/v2\/product_brand?post=39531"},{"taxonomy":"product_cat","embeddable":true,"href":"https:\/\/cultivers.es\/pt-pt\/wp-json\/wp\/v2\/product_cat?post=39531"},{"taxonomy":"product_tag","embeddable":true,"href":"https:\/\/cultivers.es\/pt-pt\/wp-json\/wp\/v2\/product_tag?post=39531"}],"curies":[{"name":"wp","href":"https:\/\/api.w.org\/{rel}","templated":true}]}}