{"id":43231,"date":"2024-12-20T10:36:13","date_gmt":"2024-12-20T10:36:13","guid":{"rendered":"https:\/\/cultivers.es\/abonos\/sementes-de-lavanda-biologica\/"},"modified":"2026-03-14T10:06:41","modified_gmt":"2026-03-14T10:06:41","slug":"sementes-de-lavanda-biologica","status":"publish","type":"product","link":"https:\/\/cultivers.es\/pt-pt\/fertilizantes\/sementes-de-lavanda-biologica\/","title":{"rendered":"Sementes de lavanda Eco"},"content":{"rendered":"","protected":false},"excerpt":{"rendered":"<p><strong>A alfazema<\/strong><em>(Lavandula angustifolia<\/em>) \u00e9 uma planta arom\u00e1tica perene conhecida pelas suas <strong>flores violetas<\/strong> e pelo seu perfume inconfundivelmente calmante. Perfeita para embelezar o <strong>jardim e a horta<\/strong>, bem como para utiliza\u00e7\u00e3o em aromaterapia, infus\u00f5es e decora\u00e7\u00e3o, a lavanda \u00e9 uma planta resistente e f\u00e1cil de cultivar. Al\u00e9m disso, as suas flores s\u00e3o um \u00edman para os polinizadores, como as abelhas e as borboletas, favorecendo a biodiversidade no teu espa\u00e7o verde.  <\/p>\n<p><strong>Flores vistosas e arom\u00e1ticas:<\/strong> As suas flores violetas s\u00e3o ideais para dar um toque elegante e perfumado \u00e0 horta e ao pomar.<\/p>\n<p><strong>Utiliza\u00e7\u00e3o vers\u00e1til:<\/strong> Perfeito para secar e utilizar em saquetas arom\u00e1ticas, infus\u00f5es relaxantes, \u00f3leos essenciais e como decora\u00e7\u00e3o natural.<\/p>\n<p><strong>Atraente para os polinizadores:<\/strong> As flores de alfazema s\u00e3o ricas em n\u00e9ctar, atraindo abelhas, borboletas e outros insectos ben\u00e9ficos.<\/p>\n<p><strong>Resistente e f\u00e1cil de cultivar:<\/strong> Adapt\u00e1vel a diferentes climas, cresce bem em solos secos e ensolarados e \u00e9 ideal tanto para principiantes como para jardineiros experientes.<\/p>\n<p><strong>Flora\u00e7\u00e3o prolongada:<\/strong> A sua longa \u00e9poca de flora\u00e7\u00e3o, do fim da primavera ao ver\u00e3o, garante um espet\u00e1culo de cor e de aroma durante meses.<\/p>\n<p><strong>Cultivo org\u00e2nico:<\/strong> As nossas sementes s\u00e3o <strong>100% org\u00e2nicas<\/strong>, livres de pesticidas e fertilizantes qu\u00edmicos, promovendo um cultivo sustent\u00e1vel e amigo do ambiente.<\/p>\n<p>Enche o teu jardim e o teu pomar de cor, de perfume e de vida com a <strong>Lavanda biol\u00f3gica<\/strong>, uma planta que alia beleza, funcionalidade e benef\u00edcios para a biodiversidade. Encomenda hoje mesmo e come\u00e7a a desfrutar deste must-have arom\u00e1tico! <\/p>\n","protected":false},"featured_media":41351,"comment_status":"open","ping_status":"closed","template":"","meta":{"_acf_changed":false},"product_brand":[],"product_cat":[737,427],"product_tag":[1578],"class_list":{"0":"post-43231","1":"product","2":"type-product","3":"status-publish","4":"has-post-thumbnail","6":"product_cat-sementes-aromaticas-biologicas","7":"product_cat-sementes-organicas-2","8":"product_tag-eco","10":"first","11":"outofstock","12":"taxable","13":"shipping-taxable","14":"purchasable","15":"product-type-simple"},"acf":[],"_links":{"self":[{"href":"https:\/\/cultivers.es\/pt-pt\/wp-json\/wp\/v2\/product\/43231","targetHints":{"allow":["GET"]}}],"collection":[{"href":"https:\/\/cultivers.es\/pt-pt\/wp-json\/wp\/v2\/product"}],"about":[{"href":"https:\/\/cultivers.es\/pt-pt\/wp-json\/wp\/v2\/types\/product"}],"replies":[{"embeddable":true,"href":"https:\/\/cultivers.es\/pt-pt\/wp-json\/wp\/v2\/comments?post=43231"}],"wp:featuredmedia":[{"embeddable":true,"href":"https:\/\/cultivers.es\/pt-pt\/wp-json\/wp\/v2\/media\/41351"}],"wp:attachment":[{"href":"https:\/\/cultivers.es\/pt-pt\/wp-json\/wp\/v2\/media?parent=43231"}],"wp:term":[{"taxonomy":"product_brand","embeddable":true,"href":"https:\/\/cultivers.es\/pt-pt\/wp-json\/wp\/v2\/product_brand?post=43231"},{"taxonomy":"product_cat","embeddable":true,"href":"https:\/\/cultivers.es\/pt-pt\/wp-json\/wp\/v2\/product_cat?post=43231"},{"taxonomy":"product_tag","embeddable":true,"href":"https:\/\/cultivers.es\/pt-pt\/wp-json\/wp\/v2\/product_tag?post=43231"}],"curies":[{"name":"wp","href":"https:\/\/api.w.org\/{rel}","templated":true}]}}