{"id":48916,"date":"2025-02-18T12:54:13","date_gmt":"2025-02-18T12:54:13","guid":{"rendered":"https:\/\/cultivers.es\/abonos\/sementes-de-tomate-marmande\/"},"modified":"2026-03-14T10:04:39","modified_gmt":"2026-03-14T10:04:39","slug":"sementes-de-tomate-marmande","status":"publish","type":"product","link":"https:\/\/cultivers.es\/pt-pt\/fertilizantes\/sementes-de-tomate-marmande\/","title":{"rendered":"Sementes de tomate Marmande Eco"},"content":{"rendered":"","protected":false},"excerpt":{"rendered":"<p><strong>Frutos grandes e carnudos<\/strong>: Tomates de tamanho m\u00e9dio a grande, com forma ligeiramente achatada e pele lisa, de cor vermelha intensa.<\/p>\n<p><strong>Sabor Doce e Arom\u00e1tico<\/strong>: O seu equil\u00edbrio entre a do\u00e7ura e a acidez torna-o uma escolha ideal para consumo fresco ou em receitas cozinhadas.<\/p>\n<p><strong>Alta Produtividade<\/strong>: Produz frutos de forma consistente durante toda a esta\u00e7\u00e3o, garantindo colheitas abundantes.<\/p>\n<p><strong>Resistente e de crescimento r\u00e1pido<\/strong>: Adapta-se a diferentes climas e solos, \u00e9 uma variedade vigorosa e resistente a doen\u00e7as.<\/p>\n<p><strong>Rico em nutrientes<\/strong>: Fonte de antioxidantes, vitaminas A e C, e licopeno, essenciais para uma alimenta\u00e7\u00e3o equilibrada.<\/p>\n<p><strong>F\u00e1cil de cultivar<\/strong>: Adapta-se bem a jardins exteriores e estufas e \u00e9 adequada para principiantes e jardineiros experientes.<\/p>\n<p><strong>Cultivo org\u00e2nico<\/strong>: As nossas sementes s\u00e3o 100% org\u00e2nicas, livres de pesticidas e fertilizantes qu\u00edmicos, garantindo um cultivo sustent\u00e1vel e amigo do ambiente.<\/p>\n<p>Desfruta do sabor aut\u00eantico do <strong>Tomate Marmande Biol\u00f3gico<\/strong>, uma variedade tradicional perfeita para a tua horta, encomenda hoje e come\u00e7a a colher tomates de qualidade em casa! <\/p>\n","protected":false},"featured_media":43522,"comment_status":"open","ping_status":"closed","template":"","meta":{"_acf_changed":false},"product_brand":[],"product_cat":[429],"product_tag":[1578],"woo-feed-brand":[],"class_list":{"0":"post-48916","1":"product","2":"type-product","3":"status-publish","4":"has-post-thumbnail","6":"product_cat-sementes-de-frutas-e-legumes-biologicos","7":"product_tag-eco","9":"first","10":"instock","11":"taxable","12":"shipping-taxable","13":"purchasable","14":"product-type-simple"},"acf":[],"_links":{"self":[{"href":"https:\/\/cultivers.es\/pt-pt\/wp-json\/wp\/v2\/product\/48916","targetHints":{"allow":["GET"]}}],"collection":[{"href":"https:\/\/cultivers.es\/pt-pt\/wp-json\/wp\/v2\/product"}],"about":[{"href":"https:\/\/cultivers.es\/pt-pt\/wp-json\/wp\/v2\/types\/product"}],"replies":[{"embeddable":true,"href":"https:\/\/cultivers.es\/pt-pt\/wp-json\/wp\/v2\/comments?post=48916"}],"wp:featuredmedia":[{"embeddable":true,"href":"https:\/\/cultivers.es\/pt-pt\/wp-json\/wp\/v2\/media\/43522"}],"wp:attachment":[{"href":"https:\/\/cultivers.es\/pt-pt\/wp-json\/wp\/v2\/media?parent=48916"}],"wp:term":[{"taxonomy":"product_brand","embeddable":true,"href":"https:\/\/cultivers.es\/pt-pt\/wp-json\/wp\/v2\/product_brand?post=48916"},{"taxonomy":"product_cat","embeddable":true,"href":"https:\/\/cultivers.es\/pt-pt\/wp-json\/wp\/v2\/product_cat?post=48916"},{"taxonomy":"product_tag","embeddable":true,"href":"https:\/\/cultivers.es\/pt-pt\/wp-json\/wp\/v2\/product_tag?post=48916"},{"taxonomy":"woo-feed-brand","embeddable":true,"href":"https:\/\/cultivers.es\/pt-pt\/wp-json\/wp\/v2\/woo-feed-brand?post=48916"}],"curies":[{"name":"wp","href":"https:\/\/api.w.org\/{rel}","templated":true}]}}