{"id":48927,"date":"2025-06-04T04:25:26","date_gmt":"2025-06-04T04:25:26","guid":{"rendered":"https:\/\/cultivers.es\/abonos\/aminoacidos-com-fertilizante-vegetal\/"},"modified":"2026-03-14T10:04:34","modified_gmt":"2026-03-14T10:04:34","slug":"aminoacidos-com-fertilizante-vegetal","status":"publish","type":"product","link":"https:\/\/cultivers.es\/pt-pt\/fertilizantes\/aminoacidos-com-fertilizante-vegetal\/","title":{"rendered":"Amino\u00e1cidos com fertilizante vegetal"},"content":{"rendered":"<p data-start=\"1773\" data-end=\"2175\">A CULTIVERS oferece um fertilizante org\u00e2nico <strong data-start=\"1832\" data-end=\"1840\">certificado pela CAAE<\/strong>, ideal para quem deseja uma solu\u00e7\u00e3o natural que combine <strong data-start=\"1901\" data-end=\"1949\">amino\u00e1cidos e fertilizante para plantas de interior<\/strong>. Gra\u00e7as ao seu processo \u00fanico de fermenta\u00e7\u00e3o bacteriana, o produto inclui amino\u00e1cidos, beta\u00ednas, auxinas, vitaminas, enzimas, prote\u00ednas e hidratos de carbono que promovem o desenvolvimento equilibrado e saud\u00e1vel das plantas. <\/p>\n<p data-start=\"2177\" data-end=\"2442\">A sua utiliza\u00e7\u00e3o \u00e9 extremamente simples: basta misturar 10 ml por litro de \u00e1gua ou utilizar o doseador com 4 press\u00f5es para obter a quantidade exacta. Esta facilidade de aplica\u00e7\u00e3o torna-o uma excelente escolha tanto para amadores como para profissionais. <\/p>\n<p data-start=\"2444\" data-end=\"2692\">O adubo tem uma not\u00e1vel capacidade de regenera\u00e7\u00e3o do solo, melhorando as suas propriedades f\u00edsicas, qu\u00edmicas e microbiol\u00f3gicas. Tem tamb\u00e9m um efeito complexante eficaz que desbloqueia os nutrientes bloqueados em solos frios ou com pH extremo. <\/p>\n<p data-start=\"2694\" data-end=\"2987\">A sua elevada concentra\u00e7\u00e3o de <strong data-start=\"2722\" data-end=\"2741\">\u00e1cidos f\u00falvicos<\/strong> e a sua composi\u00e7\u00e3o vegetal certificada n\u00e3o s\u00f3 garantem resultados vis\u00edveis, como tamb\u00e9m asseguram um cultivo amigo do ambiente. \u00c9 a escolha ideal para quem procura desempenho e sustentabilidade para as suas plantas de interior. <\/p>\n","protected":false},"excerpt":{"rendered":"<p data-start=\"377\" data-end=\"560\"><strong data-start=\"380\" data-end=\"415\">Estimula o crescimento natural<\/strong>: Resposta r\u00e1pida em situa\u00e7\u00f5es de stress, ideal para revitalizar as plantas de interior com um desenvolvimento vegetativo e produtivo equilibrado \ud83c\udf31.<\/p>\n<p data-start=\"562\" data-end=\"772\"><strong data-start=\"565\" data-end=\"599\">Dosagem inteligente f\u00e1cil<\/strong>: F\u00e1cil aplica\u00e7\u00e3o gra\u00e7as ao seu doseador: 10 ml por litro de \u00e1gua ou pressionando 4 vezes no doseador. Perfeito para utilizadores que procuram um fertilizante f\u00e1cil com dosagem. <\/p>\n<p data-start=\"774\" data-end=\"972\"><strong data-start=\"777\" data-end=\"819\">CAAE Certified Soil Health<\/strong>: Fertilizante ecol\u00f3gico com o selo CAAE. Regenera o solo, liberta os nutrientes retidos e melhora as suas propriedades f\u00edsicas, qu\u00edmicas e microbiol\u00f3gicas. <\/p>\n<p data-start=\"974\" data-end=\"1170\"><strong data-start=\"976\" data-end=\"1017\">F\u00f3rmula vegetal muito completa e segura<\/strong>: amino\u00e1cidos, p\u00e9ptidos, vitaminas e fitohormonas naturais obtidas por fermenta\u00e7\u00e3o bacteriana. 100% compat\u00edvel com a agricultura biol\u00f3gica certificada. <\/p>\n<p data-start=\"1172\" data-end=\"1349\"><strong data-start=\"1175\" data-end=\"1216\">Elevada concentra\u00e7\u00e3o de \u00e1cidos f\u00falvicos<\/strong>: amino\u00e1cidos espec\u00edficos, hidratos de carbono essenciais e micronutrientes que aumentam a vitalidade e a absor\u00e7\u00e3o das plantas de interior.<\/p>\n","protected":false},"featured_media":45975,"comment_status":"open","ping_status":"closed","template":"","meta":{"_acf_changed":false},"product_brand":[],"product_cat":[631],"product_tag":[],"class_list":{"0":"post-48927","1":"product","2":"type-product","3":"status-publish","4":"has-post-thumbnail","6":"product_cat-plantas-de-interior-pt-pt","8":"first","9":"instock","10":"taxable","11":"shipping-taxable","12":"purchasable","13":"product-type-variable"},"acf":[],"_links":{"self":[{"href":"https:\/\/cultivers.es\/pt-pt\/wp-json\/wp\/v2\/product\/48927","targetHints":{"allow":["GET"]}}],"collection":[{"href":"https:\/\/cultivers.es\/pt-pt\/wp-json\/wp\/v2\/product"}],"about":[{"href":"https:\/\/cultivers.es\/pt-pt\/wp-json\/wp\/v2\/types\/product"}],"replies":[{"embeddable":true,"href":"https:\/\/cultivers.es\/pt-pt\/wp-json\/wp\/v2\/comments?post=48927"}],"wp:featuredmedia":[{"embeddable":true,"href":"https:\/\/cultivers.es\/pt-pt\/wp-json\/wp\/v2\/media\/45975"}],"wp:attachment":[{"href":"https:\/\/cultivers.es\/pt-pt\/wp-json\/wp\/v2\/media?parent=48927"}],"wp:term":[{"taxonomy":"product_brand","embeddable":true,"href":"https:\/\/cultivers.es\/pt-pt\/wp-json\/wp\/v2\/product_brand?post=48927"},{"taxonomy":"product_cat","embeddable":true,"href":"https:\/\/cultivers.es\/pt-pt\/wp-json\/wp\/v2\/product_cat?post=48927"},{"taxonomy":"product_tag","embeddable":true,"href":"https:\/\/cultivers.es\/pt-pt\/wp-json\/wp\/v2\/product_tag?post=48927"}],"curies":[{"name":"wp","href":"https:\/\/api.w.org\/{rel}","templated":true}]}}