{"id":48930,"date":"2025-02-18T13:09:01","date_gmt":"2025-02-18T13:09:01","guid":{"rendered":"https:\/\/cultivers.es\/abonos\/sementes-de-tomate-roma-vf-biodinamico-sementes-de-tomate-roma-biodinamico-demeter\/"},"modified":"2026-03-14T10:04:15","modified_gmt":"2026-03-14T10:04:15","slug":"sementes-de-tomate-roma-vf-biodinamico-sementes-de-tomate-roma-biodinamico-demeter","status":"publish","type":"product","link":"https:\/\/cultivers.es\/pt-pt\/fertilizantes\/sementes-de-tomate-roma-vf-biodinamico-sementes-de-tomate-roma-biodinamico-demeter\/","title":{"rendered":"Sementes de Tomate Roma VF Biodin\u00e2mico Eco Demeter"},"content":{"rendered":"","protected":false},"excerpt":{"rendered":"<p><strong>Frutos alongados e carnudos:<\/strong> Tomates de tamanho m\u00e9dio, com pele lisa e polpa densa, ideais para cozinhar ou fazer conservas caseiras.<\/p>\n<p><strong>Sabor intenso e pouca \u00e1gua:<\/strong> Perfeito para molhos, concentrados, guisados e pratos que requerem uma textura firme e consistente.<\/p>\n<p><strong>Alta Produtividade:<\/strong> Planta vigorosa que oferece uma colheita abundante e cont\u00ednua durante toda a esta\u00e7\u00e3o.<\/p>\n<p><strong>Resistente a doen\u00e7as:<\/strong> A variedade Roma VF \u00e9 conhecida pela sua resist\u00eancia a Fusarium e Verticillium, o que facilita o seu cultivo com sucesso.<\/p>\n<p><strong>Rico em nutrientes:<\/strong> Fonte natural de antioxidantes, vitaminas A e C, e licopeno, contribuindo para uma alimenta\u00e7\u00e3o saud\u00e1vel.<\/p>\n<p><strong>F\u00e1cil de cultivar:<\/strong> adapt\u00e1vel a diferentes climas e tipos de solo, \u00e9 ideal tanto para principiantes como para cultivadores experientes.<\/p>\n<p><strong>Certifica\u00e7\u00e3o Demeter:<\/strong> Estas sementes cumprem as normas da <strong>agricultura biodin\u00e2mica<\/strong>, promovendo um equil\u00edbrio natural no ecossistema do jardim.<\/p>\n<p><strong>Cultivo org\u00e2nico:<\/strong> As nossas <strong>sementes<\/strong> s\u00e3o <strong>100% org\u00e2nicas<\/strong>, livres de pesticidas e fertilizantes qu\u00edmicos, garantindo um cultivo sustent\u00e1vel e amigo do ambiente.<\/p>\n<p>Adiciona o Tomate Demeter Biodin\u00e2mico Roma VF ao teu jardim e desfruta de uma variedade tradicional, saborosa e vers\u00e1til - encomenda hoje e come\u00e7a a cultivar tomates de qualidade em casa! <\/p>\n","protected":false},"featured_media":43509,"comment_status":"open","ping_status":"closed","template":"","meta":{"_acf_changed":false},"product_brand":[],"product_cat":[429],"product_tag":[1578],"class_list":{"0":"post-48930","1":"product","2":"type-product","3":"status-publish","4":"has-post-thumbnail","6":"product_cat-sementes-de-frutas-e-legumes-biologicos","7":"product_tag-eco","9":"first","10":"instock","11":"taxable","12":"shipping-taxable","13":"purchasable","14":"product-type-simple"},"acf":[],"_links":{"self":[{"href":"https:\/\/cultivers.es\/pt-pt\/wp-json\/wp\/v2\/product\/48930","targetHints":{"allow":["GET"]}}],"collection":[{"href":"https:\/\/cultivers.es\/pt-pt\/wp-json\/wp\/v2\/product"}],"about":[{"href":"https:\/\/cultivers.es\/pt-pt\/wp-json\/wp\/v2\/types\/product"}],"replies":[{"embeddable":true,"href":"https:\/\/cultivers.es\/pt-pt\/wp-json\/wp\/v2\/comments?post=48930"}],"wp:featuredmedia":[{"embeddable":true,"href":"https:\/\/cultivers.es\/pt-pt\/wp-json\/wp\/v2\/media\/43509"}],"wp:attachment":[{"href":"https:\/\/cultivers.es\/pt-pt\/wp-json\/wp\/v2\/media?parent=48930"}],"wp:term":[{"taxonomy":"product_brand","embeddable":true,"href":"https:\/\/cultivers.es\/pt-pt\/wp-json\/wp\/v2\/product_brand?post=48930"},{"taxonomy":"product_cat","embeddable":true,"href":"https:\/\/cultivers.es\/pt-pt\/wp-json\/wp\/v2\/product_cat?post=48930"},{"taxonomy":"product_tag","embeddable":true,"href":"https:\/\/cultivers.es\/pt-pt\/wp-json\/wp\/v2\/product_tag?post=48930"}],"curies":[{"name":"wp","href":"https:\/\/api.w.org\/{rel}","templated":true}]}}