{"id":48936,"date":"2025-06-17T04:38:54","date_gmt":"2025-06-17T04:38:54","guid":{"rendered":"https:\/\/cultivers.es\/abonos\/gesso-agricola\/"},"modified":"2026-03-14T10:04:16","modified_gmt":"2026-03-14T10:04:16","slug":"gesso-agricola","status":"publish","type":"product","link":"https:\/\/cultivers.es\/pt-pt\/fertilizantes\/gesso-agricola\/","title":{"rendered":"Gesso agr\u00edcola"},"content":{"rendered":"<p data-start=\"1797\" data-end=\"2281\">O gesso agr\u00edcola \u00e9 uma solu\u00e7\u00e3o antiga redescoberta pelos produtores modernos que procuram regenerar os seus solos e aumentar a produtividade sem produtos qu\u00edmicos. Composto por <strong data-start=\"1971\" data-end=\"2018\">sulfato de c\u00e1lcio di-hidratado (CaSO\u2084-2H\u2082O)<\/strong>, este mineral fornece <strong data-start=\"2040\" data-end=\"2059\">c\u00e1lcio e enxofre<\/strong> em propor\u00e7\u00f5es \u00f3ptimas para a agricultura: 23,3 % de c\u00e1lcio e 18,6 % de enxofre. A sua <strong data-start=\"2145\" data-end=\"2165\">elevada solubilidade<\/strong> (2,5 g\/L) torna-o 200 vezes mais eficaz do que a cal agr\u00edcola para penetrar e melhorar as camadas profundas do solo.  <\/p>\n<p data-start=\"2283\" data-end=\"2701\">Gra\u00e7as \u00e0 sua a\u00e7\u00e3o, corrige <strong data-start=\"2312\" data-end=\"2340\">os solos s\u00f3dicos e salinos<\/strong>, reduzindo o PSI (percentagem de s\u00f3dio permut\u00e1vel) para menos de 5 %, o que favorece a flocula\u00e7\u00e3o das part\u00edculas de argila e permite uma maior infiltra\u00e7\u00e3o da \u00e1gua. Estudos realizados no Brasil demonstraram que a sua utiliza\u00e7\u00e3o aumenta o sistema radicular de culturas como o milho, a soja ou o trigo em mais de 600 %, com aumentos de rendimento at\u00e9 50 %. <\/p>\n<p data-start=\"2703\" data-end=\"3056\">Al\u00e9m de <strong data-start=\"2713\" data-end=\"2755\">melhorar a estrutura f\u00edsica do solo<\/strong>, o gesso agr\u00edcola combate a forma\u00e7\u00e3o de crostas superficiais, aumenta a oxigena\u00e7\u00e3o das ra\u00edzes e melhora a emerg\u00eancia das pl\u00e2ntulas. A sua aplica\u00e7\u00e3o \u00e9 recomendada no outono ou em solu\u00e7\u00e3o por fertirriga\u00e7\u00e3o, sendo eficaz mesmo em solos com pH elevado sem o modificar, gra\u00e7as \u00e0 sua natureza neutra. <\/p>\n<p data-start=\"3058\" data-end=\"3479\">Perfeito para solos compactados, \u00e1ridos ou de baixa fertilidade, este produto \u00e9 uma ferramenta essencial para <strong data-start=\"3172\" data-end=\"3197\">uma agricultura biol\u00f3gica<\/strong> eficiente. A sua embalagem <strong data-start=\"3228\" data-end=\"3262\">de 25 kg facilita a dosagem<\/strong> em fun\u00e7\u00e3o da an\u00e1lise do solo. Quer seja como <strong data-start=\"3309\" data-end=\"3347\">corretivo ou fertilizante<\/strong> para culturas exigentes como o amendoim, a melancia ou o tomate, o gesso agr\u00edcola faz a diferen\u00e7a na qualidade do solo e da colheita.  <\/p>\n","protected":false},"excerpt":{"rendered":"<p data-start=\"336\" data-end=\"519\"><strong data-start=\"339\" data-end=\"367\">Melhora solos degradados<\/strong> - Corrige a salinidade e a sodicidade do solo, aumentando a infiltra\u00e7\u00e3o de \u00e1gua e o arejamento. Ideal para solos compactados e de dif\u00edcil manejo. <\/p>\n<p data-start=\"521\" data-end=\"705\"><strong data-start=\"524\" data-end=\"561\">Fornece C\u00e1lcio e Enxofre Essenciais<\/strong> - Cont\u00e9m 23,3% de c\u00e1lcio e 18,6% de enxofre na forma sol\u00favel, assegurando uma absor\u00e7\u00e3o eficiente e cont\u00ednua para culturas exigentes.<\/p>\n<p data-start=\"707\" data-end=\"879\"><strong data-start=\"710\" data-end=\"745\">Adequado para a agricultura biol\u00f3gica<\/strong> - produto 100% natural, sem qu\u00edmicos ou res\u00edduos. Respeita os princ\u00edpios da produ\u00e7\u00e3o sustent\u00e1vel e protege o ambiente. <\/p>\n<p data-start=\"881\" data-end=\"1073\"><strong data-start=\"884\" data-end=\"922\">Aumenta o rendimento e a qualidade<\/strong> - Essencial para a melhoria das culturas de milho, soja, alfafa, tomate, melancia, amendoim e muito mais. Promove o crescimento do sistema radicular profundo. <\/p>\n","protected":false},"featured_media":46381,"comment_status":"open","ping_status":"closed","template":"","meta":{"_acf_changed":false},"product_brand":[],"product_cat":[406],"product_tag":[],"woo-feed-brand":[],"class_list":{"0":"post-48936","1":"product","2":"type-product","3":"status-publish","4":"has-post-thumbnail","6":"product_cat-regeneradores-de-solos","8":"first","9":"instock","10":"taxable","11":"shipping-taxable","12":"purchasable","13":"product-type-variable"},"acf":[],"_links":{"self":[{"href":"https:\/\/cultivers.es\/pt-pt\/wp-json\/wp\/v2\/product\/48936","targetHints":{"allow":["GET"]}}],"collection":[{"href":"https:\/\/cultivers.es\/pt-pt\/wp-json\/wp\/v2\/product"}],"about":[{"href":"https:\/\/cultivers.es\/pt-pt\/wp-json\/wp\/v2\/types\/product"}],"replies":[{"embeddable":true,"href":"https:\/\/cultivers.es\/pt-pt\/wp-json\/wp\/v2\/comments?post=48936"}],"wp:featuredmedia":[{"embeddable":true,"href":"https:\/\/cultivers.es\/pt-pt\/wp-json\/wp\/v2\/media\/46381"}],"wp:attachment":[{"href":"https:\/\/cultivers.es\/pt-pt\/wp-json\/wp\/v2\/media?parent=48936"}],"wp:term":[{"taxonomy":"product_brand","embeddable":true,"href":"https:\/\/cultivers.es\/pt-pt\/wp-json\/wp\/v2\/product_brand?post=48936"},{"taxonomy":"product_cat","embeddable":true,"href":"https:\/\/cultivers.es\/pt-pt\/wp-json\/wp\/v2\/product_cat?post=48936"},{"taxonomy":"product_tag","embeddable":true,"href":"https:\/\/cultivers.es\/pt-pt\/wp-json\/wp\/v2\/product_tag?post=48936"},{"taxonomy":"woo-feed-brand","embeddable":true,"href":"https:\/\/cultivers.es\/pt-pt\/wp-json\/wp\/v2\/woo-feed-brand?post=48936"}],"curies":[{"name":"wp","href":"https:\/\/api.w.org\/{rel}","templated":true}]}}