{"id":48950,"date":"2021-10-22T12:12:47","date_gmt":"2021-10-22T12:12:47","guid":{"rendered":"https:\/\/cultivers.es\/abonos\/fertilizante-liquido-organico-para-plantas-ornamentais\/"},"modified":"2021-10-22T12:12:47","modified_gmt":"2021-10-22T12:12:47","slug":"fertilizante-liquido-organico-para-plantas-ornamentais","status":"publish","type":"product","link":"https:\/\/cultivers.es\/pt-pt\/fertilizantes\/fertilizante-liquido-organico-para-plantas-ornamentais\/","title":{"rendered":"Fertilizante l\u00edquido org\u00e2nico para plantas ornamentais"},"content":{"rendered":"<p>Fertilizante L\u00edquido Org\u00e2nico para Plantas Ornamentais. O <a href=\"https:\/\/cultivers.es\/pt-pt\/abonos-ecologicos\/fertilizantes\/fertilizantes-solidos\/\">fertilizante org\u00e2nico<\/a> para plantas ornamentais \u00e9 uma formula\u00e7\u00e3o org\u00e2nica l\u00edquida desenvolvida para promover o crescimento equilibrado de plantas de interior e exterior. Cont\u00e9m amino\u00e1cidos para promover o crescimento em condi\u00e7\u00f5es clim\u00e1ticas adversas&#8230; frio, calor, etc. O quelato de ferro para promover a fotoss\u00edntese proporciona uma cor verde intensa.   <\/p>\n","protected":false},"excerpt":{"rendered":"<ul class=\"a-unordered-list a-vertical a-spacing-mini\">\n<li><span class=\"a-list-item\">Fertilizante org\u00e2nico para plantas ornamentais desenvolvido para promover o crescimento equilibrado de plantas de interior e exterior.<\/span><\/li>\n<li><span class=\"a-list-item\">Plantas mais fortes e mais resistentes. Evita doen\u00e7as <\/span><\/li>\n<li><span class=\"a-list-item\">Favorece o crescimento das flores, intensifica a cor.<\/span><\/li>\n<li><span class=\"a-list-item\">Fornece um quelato de ferro para promover a fotoss\u00edntese e d\u00e1-te uma cor verde profunda.<\/span><\/li>\n<li><span class=\"a-list-item\">Cont\u00e9m amino\u00e1cidos que favorecem o crescimento em condi\u00e7\u00f5es clim\u00e1ticas adversas&#8230; frio, calor, etc.<\/span><\/li>\n<li><span class=\"a-list-item\">Os amino\u00e1cidos s\u00e3o derivados da hidr\u00f3lise \u00e1cida de produtos proteicos de origem vegetal.<\/span><\/li>\n<\/ul>\n","protected":false},"featured_media":26665,"comment_status":"open","ping_status":"closed","template":"","meta":{"_acf_changed":false},"product_brand":[],"product_cat":[325,402],"product_tag":[1411],"woo-feed-brand":[],"class_list":{"0":"post-48950","1":"product","2":"type-product","3":"status-publish","4":"has-post-thumbnail","6":"product_cat-fertilizantes","7":"product_cat-fertilizantes-liquidos","8":"product_tag-caae-pt-pt","10":"first","11":"instock","12":"taxable","13":"shipping-taxable","14":"purchasable","15":"product-type-variable"},"acf":[],"_links":{"self":[{"href":"https:\/\/cultivers.es\/pt-pt\/wp-json\/wp\/v2\/product\/48950","targetHints":{"allow":["GET"]}}],"collection":[{"href":"https:\/\/cultivers.es\/pt-pt\/wp-json\/wp\/v2\/product"}],"about":[{"href":"https:\/\/cultivers.es\/pt-pt\/wp-json\/wp\/v2\/types\/product"}],"replies":[{"embeddable":true,"href":"https:\/\/cultivers.es\/pt-pt\/wp-json\/wp\/v2\/comments?post=48950"}],"wp:featuredmedia":[{"embeddable":true,"href":"https:\/\/cultivers.es\/pt-pt\/wp-json\/wp\/v2\/media\/26665"}],"wp:attachment":[{"href":"https:\/\/cultivers.es\/pt-pt\/wp-json\/wp\/v2\/media?parent=48950"}],"wp:term":[{"taxonomy":"product_brand","embeddable":true,"href":"https:\/\/cultivers.es\/pt-pt\/wp-json\/wp\/v2\/product_brand?post=48950"},{"taxonomy":"product_cat","embeddable":true,"href":"https:\/\/cultivers.es\/pt-pt\/wp-json\/wp\/v2\/product_cat?post=48950"},{"taxonomy":"product_tag","embeddable":true,"href":"https:\/\/cultivers.es\/pt-pt\/wp-json\/wp\/v2\/product_tag?post=48950"},{"taxonomy":"woo-feed-brand","embeddable":true,"href":"https:\/\/cultivers.es\/pt-pt\/wp-json\/wp\/v2\/woo-feed-brand?post=48950"}],"curies":[{"name":"wp","href":"https:\/\/api.w.org\/{rel}","templated":true}]}}