{"id":49031,"date":"2021-10-22T12:12:51","date_gmt":"2021-10-22T12:12:51","guid":{"rendered":"https:\/\/cultivers.es\/abonos\/cavalinha\/"},"modified":"2021-10-22T12:12:51","modified_gmt":"2021-10-22T12:12:51","slug":"cavalinha","status":"publish","type":"product","link":"https:\/\/cultivers.es\/pt-pt\/fertilizantes\/cavalinha\/","title":{"rendered":"Cavalinha"},"content":{"rendered":"<p>Formulado \u00e0 base de cavalinha, rica em compostos biofungicidas (equisetoninas, \u00e1cido sil\u00edcico, t\u00e2nico e g\u00e1lico, entre outros) que refor\u00e7am o mecanismo de defesa natural das plantas. Previne as doen\u00e7as causadas por fungos patog\u00e9nicos como o m\u00edldio, o o\u00eddio, a ferrugem, etc. <\/p>\n","protected":false},"excerpt":{"rendered":"<ul class=\"a-unordered-list a-vertical a-spacing-mini\">\n<li><span class=\"a-list-item\">Formulado com cavalinha, rica em compostos biofungicidas (equisetoninas, \u00e1cido sil\u00edcico, t\u00e2nico e g\u00e1lico, entre outros) que refor\u00e7am o mecanismo de defesa natural das plantas.<\/span><\/li>\n<li><span class=\"a-list-item\">Evita as doen\u00e7as causadas por fungos patog\u00e9nicos, como o m\u00edldio, o o\u00eddio, a ferrugem, etc.<\/span><\/li>\n<li><span class=\"a-list-item\">Extrato de Equisentum Arvense<\/span><\/li>\n<li><span class=\"a-list-item\">Subst\u00e2ncia de base de acordo com R (EC) 1.107\/2.009. A\u00e7\u00e3o inseticida, fungicida e acaricida. <\/span><\/li>\n<li><span class=\"a-list-item\">Alto teor de minerais (s\u00edlica, sulfato de pot\u00e1ssio, c\u00e1lcio, zinco, cloreto de pot\u00e1ssio, magn\u00e9sio, ferro, \u00e1cido oleico), vitamina C, amino\u00e1cidos,&#8230;<\/span><\/li>\n<li><span class=\"a-list-item\">Autorizado em agricultura biol\u00f3gica<\/span><\/li>\n<\/ul>\n","protected":false},"featured_media":28595,"comment_status":"open","ping_status":"closed","template":"","meta":{"_acf_changed":false},"product_brand":[],"product_cat":[513],"product_tag":[1564],"woo-feed-brand":[],"class_list":{"0":"post-49031","1":"product","2":"type-product","3":"status-publish","4":"has-post-thumbnail","6":"product_cat-substancias-de-base","7":"product_tag-ecocert-pt-pt","9":"first","10":"instock","11":"taxable","12":"shipping-taxable","13":"purchasable","14":"product-type-variable"},"acf":[],"_links":{"self":[{"href":"https:\/\/cultivers.es\/pt-pt\/wp-json\/wp\/v2\/product\/49031","targetHints":{"allow":["GET"]}}],"collection":[{"href":"https:\/\/cultivers.es\/pt-pt\/wp-json\/wp\/v2\/product"}],"about":[{"href":"https:\/\/cultivers.es\/pt-pt\/wp-json\/wp\/v2\/types\/product"}],"replies":[{"embeddable":true,"href":"https:\/\/cultivers.es\/pt-pt\/wp-json\/wp\/v2\/comments?post=49031"}],"wp:featuredmedia":[{"embeddable":true,"href":"https:\/\/cultivers.es\/pt-pt\/wp-json\/wp\/v2\/media\/28595"}],"wp:attachment":[{"href":"https:\/\/cultivers.es\/pt-pt\/wp-json\/wp\/v2\/media?parent=49031"}],"wp:term":[{"taxonomy":"product_brand","embeddable":true,"href":"https:\/\/cultivers.es\/pt-pt\/wp-json\/wp\/v2\/product_brand?post=49031"},{"taxonomy":"product_cat","embeddable":true,"href":"https:\/\/cultivers.es\/pt-pt\/wp-json\/wp\/v2\/product_cat?post=49031"},{"taxonomy":"product_tag","embeddable":true,"href":"https:\/\/cultivers.es\/pt-pt\/wp-json\/wp\/v2\/product_tag?post=49031"},{"taxonomy":"woo-feed-brand","embeddable":true,"href":"https:\/\/cultivers.es\/pt-pt\/wp-json\/wp\/v2\/woo-feed-brand?post=49031"}],"curies":[{"name":"wp","href":"https:\/\/api.w.org\/{rel}","templated":true}]}}