{"id":49184,"date":"2024-09-11T12:42:07","date_gmt":"2024-09-11T12:42:07","guid":{"rendered":"https:\/\/cultivers.es\/abonos\/sementes-de-rabanete-18-jours\/"},"modified":"2024-09-11T12:42:07","modified_gmt":"2024-09-11T12:42:07","slug":"sementes-de-rabanete-18-jours","status":"publish","type":"product","link":"https:\/\/cultivers.es\/pt-pt\/fertilizantes\/sementes-de-rabanete-18-jours\/","title":{"rendered":"Sementes de rabanete 18 Jours"},"content":{"rendered":"","protected":false},"excerpt":{"rendered":"<p>Cultiva uma das variedades de rabanete mais r\u00e1pidas e deliciosas com as nossas sementes de rabanete org\u00e2nico 18 Jours. Conhecido pela sua velocidade de crescimento, este rabanete pode estar pronto para a colheita em apenas 18 dias, oferecendo ra\u00edzes crocantes, suculentas e picantes que s\u00e3o perfeitas para saladas frescas, snacks saud\u00e1veis ou acompanhamentos. <\/p>\n<ul>\n<li><strong>Colheita em apenas 18 dias:<\/strong> Esta variedade distingue-se pelo seu ciclo de crescimento r\u00e1pido, permitindo-te desfrutar de rabanetes frescos e estaladi\u00e7os em apenas 18 dias. Ideal para jardineiros impacientes ou para quem procura uma colheita r\u00e1pida. <\/li>\n<li><strong>Sabor fresco e ligeiramente picante:<\/strong> Os rabanetes 18 Jours oferecem um sabor refrescante e ligeiramente picante, tornando-os perfeitos para saladas, snacks ou acompanhamentos. S\u00e3o um excelente complemento para qualquer refei\u00e7\u00e3o, acrescentando um toque de frescura. <\/li>\n<li><strong>Tamanho compacto:<\/strong> De tamanho pequeno, com uma pele vermelha brilhante e polpa branca, estes rabanetes n\u00e3o s\u00e3o apenas saborosos, mas tamb\u00e9m visualmente apelativos no prato.<\/li>\n<li><strong>F\u00e1cil de cultivar:<\/strong> Esta variedade \u00e9 ideal para jardins e contentores. \u00c9 resistente e adapta-se bem a diferentes tipos de solo e climas, o que a torna uma excelente escolha tanto para principiantes como para jardineiros experientes. <\/li>\n<li><strong>Cultivo Org\u00e2nico:<\/strong> As nossas sementes s\u00e3o 100% org\u00e2nicas, o que garante um cultivo livre de pesticidas e fertilizantes qu\u00edmicos, proporcionando uma colheita saud\u00e1vel e sustent\u00e1vel para ti e para a tua fam\u00edlia.<\/li>\n<\/ul>\n<p>Desfruta da frescura e da rapidez dos nossos rabanetes 18 Jours com as nossas sementes biol\u00f3gicas. Perfeitos para quem procura uma colheita r\u00e1pida e saborosa, estes rabanetes v\u00e3o encher o teu jardim de cor e a tua mesa de sabor. Encomenda hoje e come\u00e7a a colher em apenas 18 dias!  <\/p>\n","protected":false},"featured_media":33963,"comment_status":"open","ping_status":"closed","template":"","meta":{"_acf_changed":false},"product_brand":[],"product_cat":[439,427],"product_tag":[1578],"woo-feed-brand":[],"class_list":{"0":"post-49184","1":"product","2":"type-product","3":"status-publish","4":"has-post-thumbnail","6":"product_cat-sementes-de-raizes-organicas","7":"product_cat-sementes-organicas-2","8":"product_tag-eco","10":"first","11":"instock","12":"taxable","13":"shipping-taxable","14":"purchasable","15":"product-type-simple"},"acf":[],"_links":{"self":[{"href":"https:\/\/cultivers.es\/pt-pt\/wp-json\/wp\/v2\/product\/49184","targetHints":{"allow":["GET"]}}],"collection":[{"href":"https:\/\/cultivers.es\/pt-pt\/wp-json\/wp\/v2\/product"}],"about":[{"href":"https:\/\/cultivers.es\/pt-pt\/wp-json\/wp\/v2\/types\/product"}],"replies":[{"embeddable":true,"href":"https:\/\/cultivers.es\/pt-pt\/wp-json\/wp\/v2\/comments?post=49184"}],"wp:featuredmedia":[{"embeddable":true,"href":"https:\/\/cultivers.es\/pt-pt\/wp-json\/wp\/v2\/media\/33963"}],"wp:attachment":[{"href":"https:\/\/cultivers.es\/pt-pt\/wp-json\/wp\/v2\/media?parent=49184"}],"wp:term":[{"taxonomy":"product_brand","embeddable":true,"href":"https:\/\/cultivers.es\/pt-pt\/wp-json\/wp\/v2\/product_brand?post=49184"},{"taxonomy":"product_cat","embeddable":true,"href":"https:\/\/cultivers.es\/pt-pt\/wp-json\/wp\/v2\/product_cat?post=49184"},{"taxonomy":"product_tag","embeddable":true,"href":"https:\/\/cultivers.es\/pt-pt\/wp-json\/wp\/v2\/product_tag?post=49184"},{"taxonomy":"woo-feed-brand","embeddable":true,"href":"https:\/\/cultivers.es\/pt-pt\/wp-json\/wp\/v2\/woo-feed-brand?post=49184"}],"curies":[{"name":"wp","href":"https:\/\/api.w.org\/{rel}","templated":true}]}}