{"id":49188,"date":"2024-09-11T13:32:03","date_gmt":"2024-09-11T13:32:03","guid":{"rendered":"https:\/\/cultivers.es\/abonos\/semente-de-linho-comum\/"},"modified":"2024-09-11T13:32:03","modified_gmt":"2024-09-11T13:32:03","slug":"semente-de-linho-comum","status":"publish","type":"product","link":"https:\/\/cultivers.es\/pt-pt\/fertilizantes\/semente-de-linho-comum\/","title":{"rendered":"Semente de linho comum"},"content":{"rendered":"","protected":false},"excerpt":{"rendered":"<p>Cultiva uma planta vers\u00e1til e ben\u00e9fica com as nossas sementes de linho comum org\u00e2nico. Al\u00e9m de ser uma planta ornamental com delicadas flores azuis, o linho comum \u00e9 conhecido pelas suas sementes, que s\u00e3o ricas em \u00e1cidos gordos \u00f3mega 3, fibras e antioxidantes. Esta cultura \u00e9 perfeita tanto para aumentar a biodiversidade do teu jardim como para colher as suas valiosas sementes, ideais para incorporar numa dieta saud\u00e1vel.  <\/p>\n<ul>\n<li><strong>Flores delicadas e atraentes:<\/strong> O linho comum produz belas flores azuis que embelezam o teu jardim, atraindo polinizadores como abelhas e borboletas, o que ajuda a manter a biodiversidade no teu jardim.<\/li>\n<li><strong>Sementes nutritivas:<\/strong> As sementes de linha\u00e7a s\u00e3o conhecidas pelo seu elevado teor de \u00e1cidos gordos \u00f3mega 3, fibras e antioxidantes, o que as torna um excelente complemento para uma dieta equilibrada. Podem ser consumidas em p\u00e3es, saladas, batidos e muito mais. <\/li>\n<li><strong>Versatilidade na horta:<\/strong> O linho n\u00e3o s\u00f3 \u00e9 \u00fatil para a alimenta\u00e7\u00e3o, como tamb\u00e9m melhora a estrutura do solo, ajudando a ligar nutrientes essenciais e proporcionando uma cobertura vegetal eficaz.<\/li>\n<li><strong>F\u00e1cil de cultivar:<\/strong> O linho comum \u00e9 uma planta resistente que se adapta bem a uma variedade de condi\u00e7\u00f5es clim\u00e1ticas e de solo, o que a torna ideal para jardineiros novatos e experientes. Pode ser cultivada em hortas ou mesmo em vasos grandes. <\/li>\n<li><strong>Cultivo Org\u00e2nico:<\/strong> As nossas sementes de Linho Comum s\u00e3o 100% org\u00e2nicas, garantindo um crescimento livre de qu\u00edmicos e pesticidas, ideal para quem procura uma produ\u00e7\u00e3o natural e sustent\u00e1vel.<\/li>\n<\/ul>\n<p>Embeleza o teu jardim e melhora a tua dieta com as Sementes de Linho Comuns Biol\u00f3gicas. Desfruta das suas delicadas flores e colhe as suas valiosas sementes para um uso nutritivo e saud\u00e1vel - encomenda hoje e cultiva esta planta multifuncional na tua horta biol\u00f3gica!  <\/p>\n","protected":false},"featured_media":33979,"comment_status":"open","ping_status":"closed","template":"","meta":{"_acf_changed":false},"product_brand":[],"product_cat":[495,427],"product_tag":[1578],"class_list":{"0":"post-49188","1":"product","2":"type-product","3":"status-publish","4":"has-post-thumbnail","6":"product_cat-sementes-de-flores-organicas","7":"product_cat-sementes-organicas-2","8":"product_tag-eco","10":"first","11":"instock","12":"taxable","13":"shipping-taxable","14":"purchasable","15":"product-type-simple"},"acf":[],"_links":{"self":[{"href":"https:\/\/cultivers.es\/pt-pt\/wp-json\/wp\/v2\/product\/49188","targetHints":{"allow":["GET"]}}],"collection":[{"href":"https:\/\/cultivers.es\/pt-pt\/wp-json\/wp\/v2\/product"}],"about":[{"href":"https:\/\/cultivers.es\/pt-pt\/wp-json\/wp\/v2\/types\/product"}],"replies":[{"embeddable":true,"href":"https:\/\/cultivers.es\/pt-pt\/wp-json\/wp\/v2\/comments?post=49188"}],"wp:featuredmedia":[{"embeddable":true,"href":"https:\/\/cultivers.es\/pt-pt\/wp-json\/wp\/v2\/media\/33979"}],"wp:attachment":[{"href":"https:\/\/cultivers.es\/pt-pt\/wp-json\/wp\/v2\/media?parent=49188"}],"wp:term":[{"taxonomy":"product_brand","embeddable":true,"href":"https:\/\/cultivers.es\/pt-pt\/wp-json\/wp\/v2\/product_brand?post=49188"},{"taxonomy":"product_cat","embeddable":true,"href":"https:\/\/cultivers.es\/pt-pt\/wp-json\/wp\/v2\/product_cat?post=49188"},{"taxonomy":"product_tag","embeddable":true,"href":"https:\/\/cultivers.es\/pt-pt\/wp-json\/wp\/v2\/product_tag?post=49188"}],"curies":[{"name":"wp","href":"https:\/\/api.w.org\/{rel}","templated":true}]}}