{"id":50326,"date":"2025-10-20T09:05:23","date_gmt":"2025-10-20T09:05:23","guid":{"rendered":"https:\/\/cultivers.es\/abonos\/fabricas-de-pellets-de-fertilizantes\/"},"modified":"2025-10-20T09:05:23","modified_gmt":"2025-10-20T09:05:23","slug":"fabricas-de-pellets-de-fertilizantes","status":"publish","type":"product","link":"https:\/\/cultivers.es\/pt-pt\/fertilizantes\/fabricas-de-pellets-de-fertilizantes\/","title":{"rendered":"F\u00e1bricas de pellets de fertilizantes"},"content":{"rendered":"<p>Os agricultores e jardineiros biol\u00f3gicos sabem que a escolha do fertilizante correto faz a diferen\u00e7a entre uma colheita med\u00edocre e uma colheita saud\u00e1vel e abundante. O Fertilizante CULTIVERS Plant Pellets combina ci\u00eancia avan\u00e7ada e respeito pela natureza para oferecer um fertilizante org\u00e2nico microgranular universal que estimula as tuas colheitas sem prejudicar o ecossistema. Com uma f\u00f3rmula NPK equilibrada de 6-7-10, enriquecida com 50% de mat\u00e9ria org\u00e2nica e microelementos como o c\u00e1lcio, o magn\u00e9sio e o ferro, este fertilizante oferece-te uma nutri\u00e7\u00e3o completa. O azoto favorece o crescimento vegetativo, o f\u00f3sforo estimula as flores e as ra\u00edzes e o pot\u00e1ssio refor\u00e7a a planta contra o stress e as doen\u00e7as. Al\u00e9m disso, o elevado teor de mat\u00e9ria org\u00e2nica e de subst\u00e2ncias h\u00famicas melhora as propriedades f\u00edsicas, qu\u00edmicas e biol\u00f3gicas do solo, optimizando a sua capacidade de reten\u00e7\u00e3o de \u00e1gua e de arejamento. Uma vantagem importante \u00e9 a sua baixa rela\u00e7\u00e3o C\/N (5), o que significa que a mineraliza\u00e7\u00e3o \u00e9 r\u00e1pida: os microrganismos do solo decomp\u00f5em eficazmente o granulado, libertando os nutrientes em formas assimil\u00e1veis pela planta. N\u00e3o \u00e9 necess\u00e1rio esperar semanas: o adubo actua desde o in\u00edcio, desde que seja bem incorporado no solo e n\u00e3o deixado ao ar livre. A aplica\u00e7\u00e3o n\u00e3o podia ser mais f\u00e1cil: para os legumes, recomenda-se 1,5 a 2 toneladas por hectare; para as \u00e1rvores de fruto, 2 a 3 kg por \u00e1rvore; para as videiras, 0,8 a 1 kg por videira. \u00c9 importante enterrar o adubo na camada superficial do solo, nunca o deixar \u00e0 superf\u00edcie, para que a humidade e os microrganismos possam atuar da melhor forma.        <\/p>\n","protected":false},"excerpt":{"rendered":"<p>Melhoria vis\u00edvel do solo com mat\u00e9ria org\u00e2nica ativa Este fertilizante org\u00e2nico granulado para plantas refor\u00e7a a estrutura do solo gra\u00e7as \u00e0 sua elevada concentra\u00e7\u00e3o de mat\u00e9ria org\u00e2nica e extrato h\u00famico. Melhora a reten\u00e7\u00e3o de \u00e1gua, o arejamento e a atividade microbiana, essenciais para um sistema radicular saud\u00e1vel e uma cultura mais vigorosa. Ideal como corretor natural do solo em agricultura biol\u00f3gica.<br \/>\n\ud83e\uddc2 C\u00e1lcio Estrutural (10,1 %): Refor\u00e7o Celular Natural \ud83d\udca7 Composi\u00e7\u00e3o Profissional com Macronutrientes e Micronutrientes CULTIVERS inclui NPK (6-7-10) e um perfil completo de micronutrientes: c\u00e1lcio (10,1 %), magn\u00e9sio (2,3 %), ferro (0,7 %) e enxofre (1,3 %). Este adubo org\u00e2nico granulado universal assegura uma nutri\u00e7\u00e3o equilibrada das plantas, melhorando o crescimento, a flora\u00e7\u00e3o e a resist\u00eancia. Uma f\u00f3rmula concebida para culturas exigentes e para a produ\u00e7\u00e3o biol\u00f3gica.<br \/>\nGra\u00e7as \u00e0 sua rela\u00e7\u00e3o C\/N de 5 e \u00e0 sua granulometria, este adubo org\u00e2nico granulado liberta os nutrientes imediatamente ap\u00f3s a sua aplica\u00e7\u00e3o. \u00c9 ativado pela humidade do solo e \u00e9 facilmente absorvido pelas ra\u00edzes, proporcionando resultados vis\u00edveis desde os primeiros dias em legumes, \u00e1rvores de fruto e plantas ornamentais.<br \/>\n\ud83c\udf3c Vers\u00e1til para todo o tipo de culturas e solos Este fertilizante vegetal natural em formato granulado \u00e9 compat\u00edvel com culturas hort\u00edcolas, \u00e1rvores de fruto, videiras, oliveiras, relvados e muito mais. A sua f\u00f3rmula universal torna-o ideal tanto para jardins urbanos como para a agricultura profissional, adaptando-se a qualquer tipo de solo e proporcionando efic\u00e1cia nutricional desde a raiz.<br \/>\n\ud83d\udc3e 100% Natural, Livre de Qu\u00edmicos e Seguro para Animais Feito apenas de ingredientes vegetais e animais, sem aditivos qu\u00edmicos, este composto de jardim org\u00e2nico \u00e9 completamente seguro para animais de estima\u00e7\u00e3o, animais selvagens e o ambiente natural. Perfeito para quem procura uma nutri\u00e7\u00e3o sustent\u00e1vel, amiga do ambiente e org\u00e2nica certificada. <\/p>\n","protected":false},"featured_media":53689,"comment_status":"open","ping_status":"closed","template":"","meta":{"_acf_changed":false},"product_brand":[],"product_cat":[681,323],"product_tag":[],"woo-feed-brand":[],"class_list":{"0":"post-50326","1":"product","2":"type-product","3":"status-publish","4":"has-post-thumbnail","6":"product_cat-fertilizantes-organicos","7":"product_cat-fertilizantes-solidos","9":"first","10":"instock","11":"taxable","12":"shipping-taxable","13":"purchasable","14":"product-type-variable"},"acf":[],"_links":{"self":[{"href":"https:\/\/cultivers.es\/pt-pt\/wp-json\/wp\/v2\/product\/50326","targetHints":{"allow":["GET"]}}],"collection":[{"href":"https:\/\/cultivers.es\/pt-pt\/wp-json\/wp\/v2\/product"}],"about":[{"href":"https:\/\/cultivers.es\/pt-pt\/wp-json\/wp\/v2\/types\/product"}],"replies":[{"embeddable":true,"href":"https:\/\/cultivers.es\/pt-pt\/wp-json\/wp\/v2\/comments?post=50326"}],"wp:featuredmedia":[{"embeddable":true,"href":"https:\/\/cultivers.es\/pt-pt\/wp-json\/wp\/v2\/media\/53689"}],"wp:attachment":[{"href":"https:\/\/cultivers.es\/pt-pt\/wp-json\/wp\/v2\/media?parent=50326"}],"wp:term":[{"taxonomy":"product_brand","embeddable":true,"href":"https:\/\/cultivers.es\/pt-pt\/wp-json\/wp\/v2\/product_brand?post=50326"},{"taxonomy":"product_cat","embeddable":true,"href":"https:\/\/cultivers.es\/pt-pt\/wp-json\/wp\/v2\/product_cat?post=50326"},{"taxonomy":"product_tag","embeddable":true,"href":"https:\/\/cultivers.es\/pt-pt\/wp-json\/wp\/v2\/product_tag?post=50326"},{"taxonomy":"woo-feed-brand","embeddable":true,"href":"https:\/\/cultivers.es\/pt-pt\/wp-json\/wp\/v2\/woo-feed-brand?post=50326"}],"curies":[{"name":"wp","href":"https:\/\/api.w.org\/{rel}","templated":true}]}}